{"id":6141,"date":"2023-07-14T12:57:27","date_gmt":"2023-07-14T10:57:27","guid":{"rendered":"https:\/\/www.valaz.es\/?post_type=product&#038;p=6141"},"modified":"2026-04-22T17:23:09","modified_gmt":"2026-04-22T15:23:09","slug":"grifo-de-cocina-cano-en-c-monomando-giratorio-rosa-serie-zancara","status":"publish","type":"product","link":"https:\/\/www.valaz.es\/en\/product\/grifo-de-cocina-cano-en-c-monomando-giratorio-rosa-serie-zancara\/","title":{"rendered":"Grifo de cocina ca\u00f1o en C monomando giratorio rosa &#8211; Serie Zancara"},"content":{"rendered":"<p class=\"\" data-start=\"0\" data-end=\"366\">El grifo de cocina con ca\u00f1o en C monomando giratorio rosa de la Serie Zancara destaca por su dise\u00f1o elegante y moderno. Su acabado en rosa aporta un toque de color \u00fanico a la cocina, mientras que el ca\u00f1o en forma de C giratorio de 360\u00b0 facilita el acceso y la versatilidad en el uso, adapt\u00e1ndose a diferentes necesidades en el espacio de la cocina.<\/p>\n<p class=\"\" data-start=\"368\" data-end=\"390\"><strong data-start=\"368\" data-end=\"388\">Especificaciones<\/strong><\/p>\n<ul data-start=\"391\" data-end=\"656\" data-is-last-node=\"\" data-is-only-node=\"\">\n<li class=\"\" data-start=\"391\" data-end=\"430\">\n<p class=\"\" data-start=\"393\" data-end=\"430\"><strong data-start=\"393\" data-end=\"401\">Tipo<\/strong>: Grifo de cocina monomando<\/p>\n<\/li>\n<li class=\"\" data-start=\"431\" data-end=\"474\">\n<p class=\"\" data-start=\"433\" data-end=\"474\"><strong data-start=\"433\" data-end=\"441\">Ca\u00f1o<\/strong>: En forma de C, giratorio 360\u00b0<\/p>\n<\/li>\n<li class=\"\" data-start=\"475\" data-end=\"549\">\n<p class=\"\" data-start=\"477\" data-end=\"549\"><strong data-start=\"477\" data-end=\"489\">Material<\/strong>: Cuerpo de la grifer\u00eda en lat\u00f3n, ca\u00f1o de acero inoxidable<\/p>\n<\/li>\n<li class=\"\" data-start=\"550\" data-end=\"587\">\n<p class=\"\" data-start=\"552\" data-end=\"587\"><strong data-start=\"552\" data-end=\"564\">Cartucho<\/strong>: Cer\u00e1mico de \u00f8 35 mm<\/p>\n<\/li>\n<li class=\"\" data-start=\"588\" data-end=\"634\">\n<p class=\"\" data-start=\"590\" data-end=\"634\"><strong data-start=\"590\" data-end=\"604\">Conexiones<\/strong>: Mangueras de conexi\u00f3n 3\/8&#8243;<\/p>\n<\/li>\n<li class=\"\" data-start=\"635\" data-end=\"656\">\n<p class=\"\" data-start=\"637\" data-end=\"656\"><strong data-start=\"637\" data-end=\"648\">Acabado<\/strong>: Rosa<\/p>\n<\/li>\n<\/ul>\n","protected":false},"excerpt":{"rendered":"<p>El grifo de cocina con ca\u00f1o en C monomando giratorio  [&#8230;]<\/p>\n","protected":false},"featured_media":6158,"template":"","meta":[],"product_brand":[],"product_cat":[50],"product_tag":[],"serie":[337],"manual-de-instalacion":[83],"color":[62],"class_list":{"0":"post-6141","1":"product","2":"type-product","3":"status-publish","4":"has-post-thumbnail","6":"product_cat-grifos-de-cocina","7":"serie-zancara","8":"manual-de-instalacion-guia-instalacion-grifo-superficie","9":"color-oro-rosa","11":"first","12":"instock","13":"taxable","14":"shipping-taxable","15":"product-type-simple"},"_links":{"self":[{"href":"https:\/\/www.valaz.es\/en\/wp-json\/wp\/v2\/product\/6141","targetHints":{"allow":["GET"]}}],"collection":[{"href":"https:\/\/www.valaz.es\/en\/wp-json\/wp\/v2\/product"}],"about":[{"href":"https:\/\/www.valaz.es\/en\/wp-json\/wp\/v2\/types\/product"}],"wp:featuredmedia":[{"embeddable":true,"href":"https:\/\/www.valaz.es\/en\/wp-json\/wp\/v2\/media\/6158"}],"wp:attachment":[{"href":"https:\/\/www.valaz.es\/en\/wp-json\/wp\/v2\/media?parent=6141"}],"wp:term":[{"taxonomy":"product_brand","embeddable":true,"href":"https:\/\/www.valaz.es\/en\/wp-json\/wp\/v2\/product_brand?post=6141"},{"taxonomy":"product_cat","embeddable":true,"href":"https:\/\/www.valaz.es\/en\/wp-json\/wp\/v2\/product_cat?post=6141"},{"taxonomy":"product_tag","embeddable":true,"href":"https:\/\/www.valaz.es\/en\/wp-json\/wp\/v2\/product_tag?post=6141"},{"taxonomy":"serie","embeddable":true,"href":"https:\/\/www.valaz.es\/en\/wp-json\/wp\/v2\/serie?post=6141"},{"taxonomy":"manual-de-instalacion","embeddable":true,"href":"https:\/\/www.valaz.es\/en\/wp-json\/wp\/v2\/manual-de-instalacion?post=6141"},{"taxonomy":"color","embeddable":true,"href":"https:\/\/www.valaz.es\/en\/wp-json\/wp\/v2\/color?post=6141"}],"curies":[{"name":"wp","href":"https:\/\/api.w.org\/{rel}","templated":true}]}}