{"id":611,"date":"2022-11-10T11:41:31","date_gmt":"2022-11-10T10:41:31","guid":{"rendered":"https:\/\/www.valaz.es\/?post_type=product&#038;p=611"},"modified":"2025-09-09T09:54:34","modified_gmt":"2025-09-09T07:54:34","slug":"grifo-lavabo-empotrado-redondo-monomando-dorado-cepillado-cano-15-cm-serie-guadiana","status":"publish","type":"product","link":"https:\/\/www.valaz.es\/en\/product\/grifo-lavabo-empotrado-redondo-monomando-dorado-cepillado-cano-15-cm-serie-guadiana\/","title":{"rendered":"Grifo lavabo empotrado redondo monomando dorado cepillado ca\u00f1o 15CM &#8211; serie Guadiana"},"content":{"rendered":"<p class=\"\" data-start=\"94\" data-end=\"439\">Este grifo empotrado redondo monomando con ca\u00f1o de 15CM de la Serie Guadiana en acabado dorado cepillado destaca por su dise\u00f1o elegante y moderno. Ideal para aquellos que buscan a\u00f1adir un toque de lujo a su lavabo, ofrece un control preciso de temperatura y flujo de agua mientras mantiene una est\u00e9tica sofisticada y duradera.<\/p>\n<p class=\"\" data-start=\"441\" data-end=\"463\"><strong data-start=\"441\" data-end=\"461\">Especificaciones<\/strong><\/p>\n<ul data-start=\"464\" data-end=\"717\">\n<li class=\"\" data-start=\"464\" data-end=\"506\">\n<p class=\"\" data-start=\"466\" data-end=\"506\"><strong data-start=\"466\" data-end=\"484\">Tipo de grifo:<\/strong> Empotrado monomando<\/p>\n<\/li>\n<li class=\"\" data-start=\"507\" data-end=\"543\">\n<p class=\"\" data-start=\"509\" data-end=\"543\"><strong data-start=\"509\" data-end=\"520\">Dise\u00f1o:<\/strong> Redondo, para lavabo<\/p>\n<\/li>\n<li class=\"\" data-start=\"544\" data-end=\"563\">\n<p class=\"\" data-start=\"546\" data-end=\"563\"><strong data-start=\"546\" data-end=\"555\">Ca\u00f1o:<\/strong> 15 cm<\/p>\n<\/li>\n<li class=\"\" data-start=\"564\" data-end=\"660\">\n<p class=\"\" data-start=\"566\" data-end=\"583\"><strong data-start=\"566\" data-end=\"581\">Materiales:<\/strong><\/p>\n<ul data-start=\"586\" data-end=\"660\">\n<li class=\"\" data-start=\"586\" data-end=\"620\">\n<p class=\"\" data-start=\"588\" data-end=\"620\">Cuerpo de la grifer\u00eda en lat\u00f3n<\/p>\n<\/li>\n<li class=\"\" data-start=\"623\" data-end=\"660\">\n<p class=\"\" data-start=\"625\" data-end=\"660\">Cartucho cer\u00e1mico de alta calidad<\/p>\n<\/li>\n<\/ul>\n<\/li>\n<li class=\"\" data-start=\"661\" data-end=\"694\">\n<p class=\"\" data-start=\"663\" data-end=\"694\"><strong data-start=\"663\" data-end=\"675\">Acabado:<\/strong> Dorado cepillado<\/p>\n<\/li>\n<li class=\"\" data-start=\"695\" data-end=\"717\">\n<p class=\"\" data-start=\"697\" data-end=\"717\"><strong data-start=\"697\" data-end=\"710\">Conexi\u00f3n:<\/strong> G1\/2<\/p>\n<\/li>\n<\/ul>\n","protected":false},"excerpt":{"rendered":"<p>Serie Guadiana con l\u00edneas curvas y redondas, destacada por su sencillez y elegancia, una de nuestras series m\u00e1s minimalista y moderna. Disponemos de ducha empotrada tanto a pared como a techo, grifo de lavabo empotrado, grifo de bid\u00e9 empotrado. Es una de las series m\u00e1s completas en cuanto a productos con la mejor relaci\u00f3n calidad precio y unos acabados en cromado, dorado cepillado, negro mate, acero cepillado, Gun metal, dorado envejecido, blanco.<\/p>\n<p>La garant\u00eda de todos nuestros productos es de 3 a\u00f1os, para funcionamiento, duraci\u00f3n del esmaltado y anticorrosi\u00f3n.<\/p>\n<p>Recomendamos para un correcto mantenimiento de la grifer\u00eda y evitar el deterioro por el uso. Secar las gotas de agua con un pa\u00f1o suave despu\u00e9s del uso, evitando que se posen en la superficie y deterioran el acabado, no utilizar esponjas que puedan rayar la grifer\u00eda, utilizar limpiadores como vinagre limpieza, agua caliente y jab\u00f3n con pH neutro.<\/p>\n<p>&nbsp;<\/p>\n<p><strong>Nuestro departamento\u00a0t\u00e9cnico\u00a0dispone de\u00a0gu\u00edas\u00a0de todos los\u00a0modelos\u00a0empotrados\u00a0que vendemos<\/strong><strong>,\u00a0si tiene alguna duda con la\u00a0instalaci\u00f3n\u00a0contacte con nosotros mediante\u00a0tel\u00e9fono,\u00a0WhatsApp\u00a0o email dentro del horario laboral indicado en la web.<\/strong><\/p>\n<p><strong>Recuerden que una vez instalado el cuerpo\u00a0empotrado\u00a0de la\u00a0grifer\u00eda\u00a0revisar de su correcto funcionamiento de paso de agua, comprobaci\u00f3n de cartuchos y corte de agua, si detecta alguna\u00a0anomal\u00eda\u00a0informe a nuestro\u00a0departamento\u00a0para darle una\u00a0soluci\u00f3n, no\u00a0contin\u00fae\u00a0con la\u00a0instalaci\u00f3n\u00a0de cerramiento de la pared.<\/strong><\/p>\n","protected":false},"featured_media":613,"template":"","meta":[],"product_brand":[],"product_cat":[48,58],"product_tag":[],"serie":[63],"manual-de-instalacion":[81],"color":[34],"class_list":{"0":"post-611","1":"product","2":"type-product","3":"status-publish","4":"has-post-thumbnail","6":"product_cat-grifos-de-lavabo","7":"product_cat-grifos-de-lavabo-empotrados","8":"serie-guadiana","9":"manual-de-instalacion-guia-instalacion-grifo-lavabo-empotrado-sin-caja","10":"color-dorado-cepillado","12":"first","13":"instock","14":"taxable","15":"shipping-taxable","16":"product-type-simple"},"_links":{"self":[{"href":"https:\/\/www.valaz.es\/en\/wp-json\/wp\/v2\/product\/611","targetHints":{"allow":["GET"]}}],"collection":[{"href":"https:\/\/www.valaz.es\/en\/wp-json\/wp\/v2\/product"}],"about":[{"href":"https:\/\/www.valaz.es\/en\/wp-json\/wp\/v2\/types\/product"}],"wp:featuredmedia":[{"embeddable":true,"href":"https:\/\/www.valaz.es\/en\/wp-json\/wp\/v2\/media\/613"}],"wp:attachment":[{"href":"https:\/\/www.valaz.es\/en\/wp-json\/wp\/v2\/media?parent=611"}],"wp:term":[{"taxonomy":"product_brand","embeddable":true,"href":"https:\/\/www.valaz.es\/en\/wp-json\/wp\/v2\/product_brand?post=611"},{"taxonomy":"product_cat","embeddable":true,"href":"https:\/\/www.valaz.es\/en\/wp-json\/wp\/v2\/product_cat?post=611"},{"taxonomy":"product_tag","embeddable":true,"href":"https:\/\/www.valaz.es\/en\/wp-json\/wp\/v2\/product_tag?post=611"},{"taxonomy":"serie","embeddable":true,"href":"https:\/\/www.valaz.es\/en\/wp-json\/wp\/v2\/serie?post=611"},{"taxonomy":"manual-de-instalacion","embeddable":true,"href":"https:\/\/www.valaz.es\/en\/wp-json\/wp\/v2\/manual-de-instalacion?post=611"},{"taxonomy":"color","embeddable":true,"href":"https:\/\/www.valaz.es\/en\/wp-json\/wp\/v2\/color?post=611"}],"curies":[{"name":"wp","href":"https:\/\/api.w.org\/{rel}","templated":true}]}}