{"id":6082,"date":"2023-07-11T10:47:34","date_gmt":"2023-07-11T08:47:34","guid":{"rendered":"https:\/\/www.valaz.es\/?post_type=product&#038;p=6082"},"modified":"2025-07-03T17:23:34","modified_gmt":"2025-07-03T15:23:34","slug":"ducha-empotrada-de-banera-pared-ovalada-negro-mate-serie-duero","status":"publish","type":"product","link":"https:\/\/www.valaz.es\/en\/product\/ducha-empotrada-de-banera-pared-ovalada-negro-mate-serie-duero\/","title":{"rendered":"Ducha empotrada de ba\u00f1era pared ovalada negro mate  &#8211; Serie Duero"},"content":{"rendered":"<p class=\"\" data-start=\"0\" data-end=\"378\">La ducha empotrada de ba\u00f1era de pared ovalada negro mate de la Serie Duero combina un dise\u00f1o contempor\u00e1neo y funcional. Con su acabado negro mate y su elegante forma ovalada, este sistema proporciona una est\u00e9tica moderna, mientras ofrece una experiencia de ducha completa y de calidad, con la flexibilidad de un rociador, alcachofa de mano y un ca\u00f1o adicional.<\/p>\n<p class=\"\" data-start=\"380\" data-end=\"402\"><strong data-start=\"380\" data-end=\"400\">Especificaciones<\/strong><\/p>\n<ul data-start=\"403\" data-end=\"896\">\n<li class=\"\" data-start=\"403\" data-end=\"444\">\n<p class=\"\" data-start=\"405\" data-end=\"444\"><strong data-start=\"405\" data-end=\"413\">Tipo<\/strong>: Ducha empotrada para ba\u00f1era<\/p>\n<\/li>\n<li class=\"\" data-start=\"445\" data-end=\"495\">\n<p class=\"\" data-start=\"447\" data-end=\"495\"><strong data-start=\"447\" data-end=\"457\">Dise\u00f1o<\/strong>: Ovalado, para integraci\u00f3n en pared<\/p>\n<\/li>\n<li class=\"\" data-start=\"496\" data-end=\"630\">\n<p class=\"\" data-start=\"498\" data-end=\"515\"><strong data-start=\"498\" data-end=\"512\">Materiales<\/strong>:<\/p>\n<ul data-start=\"518\" data-end=\"630\">\n<li class=\"\" data-start=\"518\" data-end=\"548\">\n<p class=\"\" data-start=\"520\" data-end=\"548\">Rociador: Acero inoxidable<\/p>\n<\/li>\n<li class=\"\" data-start=\"551\" data-end=\"571\">\n<p class=\"\" data-start=\"553\" data-end=\"571\">Monomando: Lat\u00f3n<\/p>\n<\/li>\n<li class=\"\" data-start=\"574\" data-end=\"600\">\n<p class=\"\" data-start=\"576\" data-end=\"600\">Alcachofa de mano y flexo: PVC<\/p>\n<\/li>\n<\/ul>\n<\/li>\n<li class=\"\" data-start=\"631\" data-end=\"658\">\n<p class=\"\" data-start=\"633\" data-end=\"658\"><strong data-start=\"633\" data-end=\"644\">Acabado<\/strong>: Negro mate<\/p>\n<\/li>\n<li class=\"\" data-start=\"659\" data-end=\"718\">\n<p class=\"\" data-start=\"661\" data-end=\"718\"><strong data-start=\"661\" data-end=\"680\">Tama\u00f1o rociador<\/strong>: Disponible en 20 cm, 25 cm o 30 cm<\/p>\n<\/li>\n<li class=\"\" data-start=\"719\" data-end=\"826\">\n<p class=\"\" data-start=\"721\" data-end=\"826\"><strong data-start=\"721\" data-end=\"741\">Apertura\/Control<\/strong>: Monomando de 3 v\u00edas (rociador efecto lluvia, alcachofa de mano, ca\u00f1o grifo 21 cm)<\/p>\n<\/li>\n<li class=\"\" data-start=\"827\" data-end=\"848\">\n<p class=\"\" data-start=\"829\" data-end=\"848\"><strong data-start=\"829\" data-end=\"838\">Flexo<\/strong>: 150 cm<\/p>\n<\/li>\n<li class=\"\" data-start=\"849\" data-end=\"896\">\n<p class=\"\" data-start=\"851\" data-end=\"896\"><strong data-start=\"851\" data-end=\"872\">Alcachofa de mano<\/strong>: Con soporte incluido<\/p>\n<\/li>\n<li data-start=\"849\" data-end=\"896\"><strong>Incluye:<\/strong> Caja box empotrable<\/li>\n<\/ul>\n","protected":false},"excerpt":{"rendered":"<p>La ducha empotrada de ba\u00f1era de pared ovalada negro mate  [&#8230;]<\/p>\n","protected":false},"featured_media":6054,"template":"","meta":[],"product_brand":[],"product_cat":[60,61],"product_tag":[],"serie":[66],"manual-de-instalacion":[78],"color":[],"class_list":{"0":"post-6082","1":"product","2":"type-product","3":"status-publish","4":"has-post-thumbnail","6":"product_cat-griferia-de-banera","7":"product_cat-griferia-de-banera-empotrada","8":"pa_tamano-rociador-20cm","9":"pa_tamano-rociador-25cm","10":"pa_tamano-rociador-30cm","11":"serie-duero","12":"manual-de-instalacion-guia-instalacion-duchas-empotradas-monomando","14":"first","15":"instock","16":"taxable","17":"shipping-taxable","18":"product-type-variable"},"_links":{"self":[{"href":"https:\/\/www.valaz.es\/en\/wp-json\/wp\/v2\/product\/6082","targetHints":{"allow":["GET"]}}],"collection":[{"href":"https:\/\/www.valaz.es\/en\/wp-json\/wp\/v2\/product"}],"about":[{"href":"https:\/\/www.valaz.es\/en\/wp-json\/wp\/v2\/types\/product"}],"wp:featuredmedia":[{"embeddable":true,"href":"https:\/\/www.valaz.es\/en\/wp-json\/wp\/v2\/media\/6054"}],"wp:attachment":[{"href":"https:\/\/www.valaz.es\/en\/wp-json\/wp\/v2\/media?parent=6082"}],"wp:term":[{"taxonomy":"product_brand","embeddable":true,"href":"https:\/\/www.valaz.es\/en\/wp-json\/wp\/v2\/product_brand?post=6082"},{"taxonomy":"product_cat","embeddable":true,"href":"https:\/\/www.valaz.es\/en\/wp-json\/wp\/v2\/product_cat?post=6082"},{"taxonomy":"product_tag","embeddable":true,"href":"https:\/\/www.valaz.es\/en\/wp-json\/wp\/v2\/product_tag?post=6082"},{"taxonomy":"serie","embeddable":true,"href":"https:\/\/www.valaz.es\/en\/wp-json\/wp\/v2\/serie?post=6082"},{"taxonomy":"manual-de-instalacion","embeddable":true,"href":"https:\/\/www.valaz.es\/en\/wp-json\/wp\/v2\/manual-de-instalacion?post=6082"},{"taxonomy":"color","embeddable":true,"href":"https:\/\/www.valaz.es\/en\/wp-json\/wp\/v2\/color?post=6082"}],"curies":[{"name":"wp","href":"https:\/\/api.w.org\/{rel}","templated":true}]}}