{"id":6074,"date":"2023-07-11T10:40:32","date_gmt":"2023-07-11T08:40:32","guid":{"rendered":"https:\/\/www.valaz.es\/?post_type=product&#038;p=6074"},"modified":"2025-12-12T18:56:00","modified_gmt":"2025-12-12T17:56:00","slug":"ducha-empotrada-de-banera-ovalada-a-pared-dorado-cepillado-serie-duero","status":"publish","type":"product","link":"https:\/\/www.valaz.es\/en\/product\/ducha-empotrada-de-banera-ovalada-a-pared-dorado-cepillado-serie-duero\/","title":{"rendered":"Ducha empotrada de ba\u00f1era ovalada a pared dorado cepillado &#8211; Serie Duero"},"content":{"rendered":"<article class=\"text-token-text-primary w-full\" dir=\"auto\" data-testid=\"conversation-turn-1328\" data-scroll-anchor=\"true\">\n<div class=\"text-base my-auto mx-auto py-5 [--thread-content-margin:--spacing(4)] @[37rem]:[--thread-content-margin:--spacing(6)] @[70rem]:[--thread-content-margin:--spacing(12)] px-(--thread-content-margin)\">\n<div class=\"[--thread-content-max-width:32rem] @[34rem]:[--thread-content-max-width:40rem] @[64rem]:[--thread-content-max-width:48rem] mx-auto flex max-w-(--thread-content-max-width) flex-1 text-base gap-4 md:gap-5 lg:gap-6 group\/turn-messages focus-visible:outline-hidden\" tabindex=\"-1\">\n<div class=\"group\/conversation-turn relative flex w-full min-w-0 flex-col agent-turn\">\n<div class=\"relative flex-col gap-1 md:gap-3\">\n<div class=\"flex max-w-full flex-col grow\">\n<div class=\"min-h-8 text-message relative flex w-full flex-col items-end gap-2 text-start break-words whitespace-normal [.text-message+&amp;]:mt-5\" dir=\"auto\" data-message-author-role=\"assistant\" data-message-id=\"d0c636f8-ef39-4151-a525-4a8fe2d4c1a6\" data-message-model-slug=\"gpt-4o\">\n<div class=\"flex w-full flex-col gap-1 empty:hidden first:pt-[3px]\">\n<div class=\"markdown prose dark:prose-invert w-full break-words light\">\n<p class=\"\" data-start=\"78\" data-end=\"375\">Sistema de ducha empotrada de 3 v\u00edas con dise\u00f1o ovalado y acabado en dorado cepillado, ideal para combinar funcionalidad y est\u00e9tica en ba\u00f1os de estilo moderno o cl\u00e1sico. Permite distribuir el agua entre el rociador superior, el ca\u00f1o para ba\u00f1era y la alcachofa de mano, todo desde un mismo control.<\/p>\n<p class=\"\" data-start=\"377\" data-end=\"399\"><strong data-start=\"377\" data-end=\"397\">Especificaciones<\/strong><\/p>\n<ul data-start=\"400\" data-end=\"769\">\n<li class=\"\" data-start=\"400\" data-end=\"439\">\n<p class=\"\" data-start=\"402\" data-end=\"439\"><strong data-start=\"402\" data-end=\"410\">Tipo<\/strong>: Ducha empotrada de 3 v\u00edas<\/p>\n<\/li>\n<li class=\"\" data-start=\"440\" data-end=\"473\">\n<p class=\"\" data-start=\"442\" data-end=\"473\"><strong data-start=\"442\" data-end=\"453\">Acabado<\/strong>: Dorado cepillado<\/p>\n<\/li>\n<li class=\"\" data-start=\"474\" data-end=\"676\">\n<p class=\"\" data-start=\"476\" data-end=\"493\"><strong data-start=\"476\" data-end=\"490\">Materiales<\/strong>:<\/p>\n<ul data-start=\"496\" data-end=\"676\">\n<li class=\"\" data-start=\"496\" data-end=\"518\">\n<p class=\"\" data-start=\"498\" data-end=\"518\">Monomando de lat\u00f3n<\/p>\n<\/li>\n<li class=\"\" data-start=\"521\" data-end=\"584\">\n<p class=\"\" data-start=\"523\" data-end=\"584\">Rociador de acero inoxidable (disponible en 20, 25 o 30 cm)<\/p>\n<\/li>\n<li class=\"\" data-start=\"587\" data-end=\"615\">\n<p class=\"\" data-start=\"589\" data-end=\"615\">Alcachofa de mano y flexo de PVC<\/p>\n<\/li>\n<li class=\"\" data-start=\"650\" data-end=\"676\">\n<p class=\"\" data-start=\"652\" data-end=\"676\">Ca\u00f1o de lat\u00f3n de 21 cm<\/p>\n<\/li>\n<\/ul>\n<\/li>\n<li class=\"\" data-start=\"677\" data-end=\"769\">\n<p class=\"\" data-start=\"679\" data-end=\"695\"><strong data-start=\"679\" data-end=\"692\">Funciones<\/strong>:<\/p>\n<ul data-start=\"698\" data-end=\"769\">\n<li class=\"\" data-start=\"698\" data-end=\"724\">\n<p class=\"\" data-start=\"700\" data-end=\"724\">Rociador efecto lluvia<\/p>\n<\/li>\n<li class=\"\" data-start=\"727\" data-end=\"748\">\n<p class=\"\" data-start=\"729\" data-end=\"748\">Alcachofa de mano<\/p>\n<\/li>\n<li class=\"\" data-start=\"751\" data-end=\"769\">\n<p class=\"\" data-start=\"753\" data-end=\"769\">Ca\u00f1o de ba\u00f1era<\/p>\n<\/li>\n<\/ul>\n<\/li>\n<\/ul>\n<p class=\"\" data-start=\"771\" data-end=\"784\"><strong data-start=\"771\" data-end=\"782\">Incluye<\/strong><\/p>\n<ul data-start=\"785\" data-end=\"931\" data-is-last-node=\"\" data-is-only-node=\"\">\n<li class=\"\" data-start=\"785\" data-end=\"825\">\n<p class=\"\" data-start=\"787\" data-end=\"825\">Rociador redondo con soporte a pared<\/p>\n<\/li>\n<li class=\"\" data-start=\"826\" data-end=\"849\">\n<p class=\"\" data-start=\"828\" data-end=\"849\">Monomando de 3 v\u00edas<\/p>\n<\/li>\n<li class=\"\" data-start=\"850\" data-end=\"883\">\n<p class=\"\" data-start=\"852\" data-end=\"883\">Alcachofa de mano con soporte<\/p>\n<\/li>\n<li class=\"\" data-start=\"884\" data-end=\"903\">\n<p class=\"\" data-start=\"886\" data-end=\"903\">Flexo de 150 cm<\/p>\n<\/li>\n<li class=\"\" data-start=\"904\" data-end=\"931\">\n<p class=\"\" data-start=\"906\" data-end=\"931\">Ca\u00f1o para ba\u00f1era de 21 cm<\/p>\n<\/li>\n<li data-start=\"904\" data-end=\"931\">Caja box empotrable<\/li>\n<\/ul>\n<\/div>\n<\/div>\n<\/div>\n<\/div>\n<div class=\"flex justify-start\">\n<div class=\"touch:-me-2 touch:-ms-3.5 -ms-2.5 -me-1 flex items-center p-1 select-none -mt-1 duration-[1.5s] focus-within:transition-none hover:transition-none pointer-events-none [mask-image:linear-gradient(to_right,black_33%,transparent_66%)] [mask-position:100%_0%] [mask-size:300%_100%] motion-safe:transition-[mask-position] group-hover\/turn-messages:pointer-events-auto group-hover\/turn-messages:[mask-position:0_0] group-focus-within\/turn-messages:pointer-events-auto group-focus-within\/turn-messages:[mask-position:0_0] has-data-[state=open]:pointer-events-auto has-data-[state=open]:[mask-position:0_0]\"><\/div>\n<\/div>\n<\/div>\n<\/div>\n<\/div>\n<\/div>\n<\/article>\n","protected":false},"excerpt":{"rendered":"<p>Sistema de ducha empotrada de 3 v\u00edas con dise\u00f1o ovalado  [&#8230;]<\/p>\n","protected":false},"featured_media":13274,"template":"","meta":[],"product_brand":[],"product_cat":[60,61],"product_tag":[],"serie":[66],"manual-de-instalacion":[78],"color":[34],"class_list":{"0":"post-6074","1":"product","2":"type-product","3":"status-publish","4":"has-post-thumbnail","6":"product_cat-griferia-de-banera","7":"product_cat-griferia-de-banera-empotrada","8":"pa_tamano-rociador-20cm","9":"pa_tamano-rociador-25cm","10":"pa_tamano-rociador-30cm","11":"serie-duero","12":"manual-de-instalacion-guia-instalacion-duchas-empotradas-monomando","13":"color-dorado-cepillado","15":"first","16":"instock","17":"taxable","18":"shipping-taxable","19":"product-type-variable"},"_links":{"self":[{"href":"https:\/\/www.valaz.es\/en\/wp-json\/wp\/v2\/product\/6074","targetHints":{"allow":["GET"]}}],"collection":[{"href":"https:\/\/www.valaz.es\/en\/wp-json\/wp\/v2\/product"}],"about":[{"href":"https:\/\/www.valaz.es\/en\/wp-json\/wp\/v2\/types\/product"}],"wp:featuredmedia":[{"embeddable":true,"href":"https:\/\/www.valaz.es\/en\/wp-json\/wp\/v2\/media\/13274"}],"wp:attachment":[{"href":"https:\/\/www.valaz.es\/en\/wp-json\/wp\/v2\/media?parent=6074"}],"wp:term":[{"taxonomy":"product_brand","embeddable":true,"href":"https:\/\/www.valaz.es\/en\/wp-json\/wp\/v2\/product_brand?post=6074"},{"taxonomy":"product_cat","embeddable":true,"href":"https:\/\/www.valaz.es\/en\/wp-json\/wp\/v2\/product_cat?post=6074"},{"taxonomy":"product_tag","embeddable":true,"href":"https:\/\/www.valaz.es\/en\/wp-json\/wp\/v2\/product_tag?post=6074"},{"taxonomy":"serie","embeddable":true,"href":"https:\/\/www.valaz.es\/en\/wp-json\/wp\/v2\/serie?post=6074"},{"taxonomy":"manual-de-instalacion","embeddable":true,"href":"https:\/\/www.valaz.es\/en\/wp-json\/wp\/v2\/manual-de-instalacion?post=6074"},{"taxonomy":"color","embeddable":true,"href":"https:\/\/www.valaz.es\/en\/wp-json\/wp\/v2\/color?post=6074"}],"curies":[{"name":"wp","href":"https:\/\/api.w.org\/{rel}","templated":true}]}}