{"id":6049,"date":"2023-07-11T09:34:10","date_gmt":"2023-07-11T07:34:10","guid":{"rendered":"https:\/\/www.valaz.es\/?post_type=product&#038;p=6049"},"modified":"2026-02-11T16:23:09","modified_gmt":"2026-02-11T15:23:09","slug":"ducha-empotrada-de-banera-ovalada-a-pared-cromado-serie-duero","status":"publish","type":"product","link":"https:\/\/www.valaz.es\/en\/product\/ducha-empotrada-de-banera-ovalada-a-pared-cromado-serie-duero\/","title":{"rendered":"Ducha empotrada de ba\u00f1era ovalada a pared cromado &#8211; Serie Duero"},"content":{"rendered":"<div class=\"nombre\">\n<p class=\"\" data-start=\"69\" data-end=\"294\">Sistema de ducha empotrada de 3 v\u00edas con dise\u00f1o ovalado y acabado cromado brillante. Una soluci\u00f3n funcional y elegante que permite disfrutar de ducha y ba\u00f1era en un mismo conjunto, con control sencillo y est\u00e9tica minimalista.<\/p>\n<p class=\"\" data-start=\"296\" data-end=\"318\"><strong data-start=\"296\" data-end=\"316\">Especificaciones<\/strong><\/p>\n<ul data-start=\"319\" data-end=\"679\">\n<li class=\"\" data-start=\"319\" data-end=\"358\">\n<p class=\"\" data-start=\"321\" data-end=\"358\"><strong data-start=\"321\" data-end=\"329\">Tipo<\/strong>: Ducha empotrada de 3 v\u00edas<\/p>\n<\/li>\n<li class=\"\" data-start=\"359\" data-end=\"383\">\n<p class=\"\" data-start=\"361\" data-end=\"383\"><strong data-start=\"361\" data-end=\"372\">Acabado<\/strong>: Cromado<\/p>\n<\/li>\n<li class=\"\" data-start=\"384\" data-end=\"586\">\n<p class=\"\" data-start=\"386\" data-end=\"403\"><strong data-start=\"386\" data-end=\"400\">Materiales<\/strong>:<\/p>\n<ul data-start=\"406\" data-end=\"586\">\n<li class=\"\" data-start=\"406\" data-end=\"428\">\n<p class=\"\" data-start=\"408\" data-end=\"428\">Monomando de lat\u00f3n<\/p>\n<\/li>\n<li class=\"\" data-start=\"431\" data-end=\"494\">\n<p class=\"\" data-start=\"433\" data-end=\"494\">Rociador de acero inoxidable (disponible en 20, 25 o 30 cm)<\/p>\n<\/li>\n<li class=\"\" data-start=\"497\" data-end=\"525\">\n<p class=\"\" data-start=\"499\" data-end=\"525\">Alcachofa de mano de PVC<\/p>\n<\/li>\n<li class=\"\" data-start=\"528\" data-end=\"557\">\n<p class=\"\" data-start=\"530\" data-end=\"557\">Flexo de acero inoxidable<\/p>\n<\/li>\n<li class=\"\" data-start=\"560\" data-end=\"586\">\n<p class=\"\" data-start=\"562\" data-end=\"586\">Ca\u00f1o de lat\u00f3n de 21 cm<\/p>\n<\/li>\n<\/ul>\n<\/li>\n<li class=\"\" data-start=\"587\" data-end=\"679\">\n<p class=\"\" data-start=\"589\" data-end=\"605\"><strong data-start=\"589\" data-end=\"602\">Funciones<\/strong>:<\/p>\n<ul data-start=\"608\" data-end=\"679\">\n<li class=\"\" data-start=\"608\" data-end=\"634\">\n<p class=\"\" data-start=\"610\" data-end=\"634\">Rociador efecto lluvia<\/p>\n<\/li>\n<li class=\"\" data-start=\"637\" data-end=\"658\">\n<p class=\"\" data-start=\"639\" data-end=\"658\">Alcachofa de mano<\/p>\n<\/li>\n<li class=\"\" data-start=\"661\" data-end=\"679\">\n<p class=\"\" data-start=\"663\" data-end=\"679\">Ca\u00f1o de ba\u00f1era<\/p>\n<\/li>\n<\/ul>\n<\/li>\n<\/ul>\n<p class=\"\" data-start=\"681\" data-end=\"694\"><strong data-start=\"681\" data-end=\"692\">Incluye<\/strong><\/p>\n<ul data-start=\"695\" data-end=\"841\" data-is-last-node=\"\" data-is-only-node=\"\">\n<li class=\"\" data-start=\"695\" data-end=\"735\">\n<p class=\"\" data-start=\"697\" data-end=\"735\">Rociador redondo con soporte a pared<\/p>\n<\/li>\n<li class=\"\" data-start=\"736\" data-end=\"759\">\n<p class=\"\" data-start=\"738\" data-end=\"759\">Monomando de 3 v\u00edas<\/p>\n<\/li>\n<li class=\"\" data-start=\"760\" data-end=\"793\">\n<p class=\"\" data-start=\"762\" data-end=\"793\">Alcachofa de mano con soporte<\/p>\n<\/li>\n<li class=\"\" data-start=\"794\" data-end=\"813\">\n<p class=\"\" data-start=\"796\" data-end=\"813\">Flexo de 150 cm<\/p>\n<\/li>\n<li class=\"\" data-start=\"814\" data-end=\"841\">\n<p class=\"\" data-start=\"816\" data-end=\"841\">Ca\u00f1o para ba\u00f1era de 21 cm<\/p>\n<\/li>\n<li data-start=\"814\" data-end=\"841\">Caja box empotrable<\/li>\n<\/ul>\n<\/div>\n","protected":false},"excerpt":{"rendered":"<p>Sistema de ducha empotrada de 3 v\u00edas con dise\u00f1o ovalado  [&#8230;]<\/p>\n","protected":false},"featured_media":6062,"template":"","meta":[],"product_brand":[],"product_cat":[60,61],"product_tag":[],"serie":[66],"manual-de-instalacion":[78],"color":[26],"class_list":{"0":"post-6049","1":"product","2":"type-product","3":"status-publish","4":"has-post-thumbnail","6":"product_cat-griferia-de-banera","7":"product_cat-griferia-de-banera-empotrada","8":"pa_tamano-rociador-20cm","9":"pa_tamano-rociador-25cm","10":"pa_tamano-rociador-30cm","11":"serie-duero","12":"manual-de-instalacion-guia-instalacion-duchas-empotradas-monomando","13":"color-cromo","15":"first","16":"instock","17":"taxable","18":"shipping-taxable","19":"product-type-variable"},"_links":{"self":[{"href":"https:\/\/www.valaz.es\/en\/wp-json\/wp\/v2\/product\/6049","targetHints":{"allow":["GET"]}}],"collection":[{"href":"https:\/\/www.valaz.es\/en\/wp-json\/wp\/v2\/product"}],"about":[{"href":"https:\/\/www.valaz.es\/en\/wp-json\/wp\/v2\/types\/product"}],"wp:featuredmedia":[{"embeddable":true,"href":"https:\/\/www.valaz.es\/en\/wp-json\/wp\/v2\/media\/6062"}],"wp:attachment":[{"href":"https:\/\/www.valaz.es\/en\/wp-json\/wp\/v2\/media?parent=6049"}],"wp:term":[{"taxonomy":"product_brand","embeddable":true,"href":"https:\/\/www.valaz.es\/en\/wp-json\/wp\/v2\/product_brand?post=6049"},{"taxonomy":"product_cat","embeddable":true,"href":"https:\/\/www.valaz.es\/en\/wp-json\/wp\/v2\/product_cat?post=6049"},{"taxonomy":"product_tag","embeddable":true,"href":"https:\/\/www.valaz.es\/en\/wp-json\/wp\/v2\/product_tag?post=6049"},{"taxonomy":"serie","embeddable":true,"href":"https:\/\/www.valaz.es\/en\/wp-json\/wp\/v2\/serie?post=6049"},{"taxonomy":"manual-de-instalacion","embeddable":true,"href":"https:\/\/www.valaz.es\/en\/wp-json\/wp\/v2\/manual-de-instalacion?post=6049"},{"taxonomy":"color","embeddable":true,"href":"https:\/\/www.valaz.es\/en\/wp-json\/wp\/v2\/color?post=6049"}],"curies":[{"name":"wp","href":"https:\/\/api.w.org\/{rel}","templated":true}]}}