{"id":601,"date":"2022-11-10T11:10:28","date_gmt":"2022-11-10T10:10:28","guid":{"rendered":"https:\/\/www.valaz.es\/?post_type=product&#038;p=601"},"modified":"2026-02-25T00:28:40","modified_gmt":"2026-02-24T23:28:40","slug":"grifo-lavabo-empotrado-redondo-monomando-con-cano-de-21cm-negro-mate-serie-guadiana","status":"publish","type":"product","link":"https:\/\/www.valaz.es\/en\/product\/grifo-lavabo-empotrado-redondo-monomando-con-cano-de-21cm-negro-mate-serie-guadiana\/","title":{"rendered":"Grifo lavabo empotrado redondo monomando con ca\u00f1o de 21CM negro mate &#8211; Serie Guadiana"},"content":{"rendered":"<p class=\"\" data-start=\"95\" data-end=\"494\">Este grifo empotrado redondo monomando con ca\u00f1o de 21 cm en acabado negro mate de la Serie Guadiana es la elecci\u00f3n perfecta para ba\u00f1os modernos y sofisticados. Su dise\u00f1o minimalista y elegante lo convierte en una pieza ideal para complementos de estilo contempor\u00e1neo, mientras que su ca\u00f1o proporciona la funcionalidad y comodidad necesarias para un uso diario pr\u00e1ctico y eficiente.<\/p>\n<p class=\"\" data-start=\"496\" data-end=\"518\"><strong data-start=\"496\" data-end=\"516\">Especificaciones<\/strong><\/p>\n<ul data-start=\"519\" data-end=\"759\">\n<li class=\"\" data-start=\"519\" data-end=\"561\">\n<p class=\"\" data-start=\"521\" data-end=\"561\"><strong data-start=\"521\" data-end=\"539\">Tipo de grifo:<\/strong> Empotrado monomando<\/p>\n<\/li>\n<li class=\"\" data-start=\"562\" data-end=\"598\">\n<p class=\"\" data-start=\"564\" data-end=\"598\"><strong data-start=\"564\" data-end=\"575\">Dise\u00f1o:<\/strong> Redondo, para lavabo<\/p>\n<\/li>\n<li class=\"\" data-start=\"599\" data-end=\"618\">\n<p class=\"\" data-start=\"601\" data-end=\"618\"><strong data-start=\"601\" data-end=\"610\">Ca\u00f1o:<\/strong> 21 cm<\/p>\n<\/li>\n<li class=\"\" data-start=\"619\" data-end=\"708\">\n<p class=\"\" data-start=\"621\" data-end=\"638\"><strong data-start=\"621\" data-end=\"636\">Materiales:<\/strong><\/p>\n<ul data-start=\"641\" data-end=\"708\">\n<li class=\"\" data-start=\"641\" data-end=\"675\">\n<p class=\"\" data-start=\"643\" data-end=\"675\">Cuerpo de la grifer\u00eda en lat\u00f3n<\/p>\n<\/li>\n<li class=\"\" data-start=\"678\" data-end=\"708\">\n<p class=\"\" data-start=\"680\" data-end=\"708\">Cartucho cer\u00e1mico de 35 mm<\/p>\n<\/li>\n<\/ul>\n<\/li>\n<li class=\"\" data-start=\"709\" data-end=\"736\">\n<p class=\"\" data-start=\"711\" data-end=\"736\"><strong data-start=\"711\" data-end=\"723\">Acabado:<\/strong> Negro mate<\/p>\n<\/li>\n<li class=\"\" data-start=\"737\" data-end=\"759\">\n<p class=\"\" data-start=\"739\" data-end=\"759\"><strong data-start=\"739\" data-end=\"752\">Conexi\u00f3n:<\/strong> G1\/2<\/p>\n<\/li>\n<\/ul>\n","protected":false},"excerpt":{"rendered":"<p>Serie Guadiana con l\u00edneas curvas y redondas, destacada por su sencillez y elegancia, una de nuestras series m\u00e1s minimalista y moderna. Disponemos de ducha empotrada tanto a pared como a techo, grifo de lavabo empotrado, grifo de bid\u00e9 empotrado. Es una de las series m\u00e1s completas en cuanto a productos con la mejor relaci\u00f3n calidad precio y unos acabados en cromado, dorado cepillado, negro mate, acero cepillado, Gun metal, dorado envejecido, blanco.<\/p>\n<p>La garant\u00eda de todos nuestros productos es de 3 a\u00f1os, para funcionamiento, duraci\u00f3n del esmaltado y anticorrosi\u00f3n.<\/p>\n<p>Recomendamos para un correcto mantenimiento de la grifer\u00eda y evitar el deterioro por el uso. Secar las gotas de agua con un pa\u00f1o suave despu\u00e9s del uso, evitando que se posen en la superficie y deterioran el acabado, no utilizar esponjas que puedan rayar la grifer\u00eda, utilizar limpiadores como vinagre limpieza, agua caliente y jab\u00f3n con pH neutro.<\/p>\n<p>&nbsp;<\/p>\n<p><strong>Nuestro departamento\u00a0t\u00e9cnico\u00a0dispone de\u00a0gu\u00edas\u00a0de todos los\u00a0modelos\u00a0empotrados\u00a0que vendemos<\/strong><strong>,\u00a0si tiene alguna duda con la\u00a0instalaci\u00f3n\u00a0contacte con nosotros mediante\u00a0tel\u00e9fono,\u00a0WhatsApp\u00a0o email dentro del horario laboral indicado en la web.<\/strong><\/p>\n<p><strong>Recuerden que una vez instalado el cuerpo\u00a0empotrado\u00a0de la\u00a0grifer\u00eda\u00a0revisar de su correcto funcionamiento de paso de agua, comprobaci\u00f3n de cartuchos y corte de agua, si detecta alguna\u00a0anomal\u00eda\u00a0informe a nuestro\u00a0departamento\u00a0para darle una\u00a0soluci\u00f3n, no\u00a0contin\u00fae\u00a0con la\u00a0instalaci\u00f3n\u00a0de cerramiento de la pared.<\/strong><\/p>\n","protected":false},"featured_media":634,"template":"","meta":[],"product_brand":[],"product_cat":[48,58],"product_tag":[],"serie":[63],"manual-de-instalacion":[81],"color":[27],"class_list":{"0":"post-601","1":"product","2":"type-product","3":"status-publish","4":"has-post-thumbnail","6":"product_cat-grifos-de-lavabo","7":"product_cat-grifos-de-lavabo-empotrados","8":"serie-guadiana","9":"manual-de-instalacion-guia-instalacion-grifo-lavabo-empotrado-sin-caja","10":"color-negro-mate","12":"first","13":"instock","14":"taxable","15":"shipping-taxable","16":"product-type-simple"},"_links":{"self":[{"href":"https:\/\/www.valaz.es\/en\/wp-json\/wp\/v2\/product\/601","targetHints":{"allow":["GET"]}}],"collection":[{"href":"https:\/\/www.valaz.es\/en\/wp-json\/wp\/v2\/product"}],"about":[{"href":"https:\/\/www.valaz.es\/en\/wp-json\/wp\/v2\/types\/product"}],"wp:featuredmedia":[{"embeddable":true,"href":"https:\/\/www.valaz.es\/en\/wp-json\/wp\/v2\/media\/634"}],"wp:attachment":[{"href":"https:\/\/www.valaz.es\/en\/wp-json\/wp\/v2\/media?parent=601"}],"wp:term":[{"taxonomy":"product_brand","embeddable":true,"href":"https:\/\/www.valaz.es\/en\/wp-json\/wp\/v2\/product_brand?post=601"},{"taxonomy":"product_cat","embeddable":true,"href":"https:\/\/www.valaz.es\/en\/wp-json\/wp\/v2\/product_cat?post=601"},{"taxonomy":"product_tag","embeddable":true,"href":"https:\/\/www.valaz.es\/en\/wp-json\/wp\/v2\/product_tag?post=601"},{"taxonomy":"serie","embeddable":true,"href":"https:\/\/www.valaz.es\/en\/wp-json\/wp\/v2\/serie?post=601"},{"taxonomy":"manual-de-instalacion","embeddable":true,"href":"https:\/\/www.valaz.es\/en\/wp-json\/wp\/v2\/manual-de-instalacion?post=601"},{"taxonomy":"color","embeddable":true,"href":"https:\/\/www.valaz.es\/en\/wp-json\/wp\/v2\/color?post=601"}],"curies":[{"name":"wp","href":"https:\/\/api.w.org\/{rel}","templated":true}]}}