{"id":5998,"date":"2023-06-28T14:16:14","date_gmt":"2023-06-28T12:16:14","guid":{"rendered":"https:\/\/www.valaz.es\/?post_type=product&#038;p=5998"},"modified":"2026-01-27T17:23:08","modified_gmt":"2026-01-27T16:23:08","slug":"grifo-de-cocina-monomando-negro-mate-serie-misuri","status":"publish","type":"product","link":"https:\/\/www.valaz.es\/en\/product\/grifo-de-cocina-monomando-negro-mate-serie-misuri\/","title":{"rendered":"Grifo de cocina monomando Negro mate &#8211; Serie Misuri"},"content":{"rendered":"<p class=\"\" data-start=\"57\" data-end=\"262\">Grifo de cocina con acabado negro mate, perfecto para cocinas modernas que buscan un estilo elegante y contempor\u00e1neo. El dise\u00f1o monomando y su ca\u00f1o giratorio ofrecen comodidad y precisi\u00f3n en el uso diario.<\/p>\n<p class=\"\" data-start=\"264\" data-end=\"286\"><strong data-start=\"264\" data-end=\"284\">Especificaciones<\/strong><\/p>\n<ul data-start=\"287\" data-end=\"507\">\n<li class=\"\" data-start=\"287\" data-end=\"319\">\n<p class=\"\" data-start=\"289\" data-end=\"319\"><strong data-start=\"289\" data-end=\"306\">Tipo de grifo<\/strong>: Monomando<\/p>\n<\/li>\n<li class=\"\" data-start=\"320\" data-end=\"347\">\n<p class=\"\" data-start=\"322\" data-end=\"347\"><strong data-start=\"322\" data-end=\"333\">Acabado<\/strong>: Negro mate<\/p>\n<\/li>\n<li class=\"\" data-start=\"348\" data-end=\"396\">\n<p class=\"\" data-start=\"350\" data-end=\"396\"><strong data-start=\"350\" data-end=\"362\">Material<\/strong>: Cuerpo de la grifer\u00eda en lat\u00f3n<\/p>\n<\/li>\n<li class=\"\" data-start=\"397\" data-end=\"434\">\n<p class=\"\" data-start=\"399\" data-end=\"434\"><strong data-start=\"399\" data-end=\"411\">Cartucho<\/strong>: Cer\u00e1mico de \u00d8 35 mm<\/p>\n<\/li>\n<li class=\"\" data-start=\"435\" data-end=\"463\">\n<p class=\"\" data-start=\"437\" data-end=\"463\"><strong data-start=\"437\" data-end=\"445\">Ca\u00f1o<\/strong>: Giratorio 360\u00b0<\/p>\n<\/li>\n<li class=\"\" data-start=\"464\" data-end=\"507\">\n<p class=\"\" data-start=\"466\" data-end=\"507\"><strong data-start=\"466\" data-end=\"480\">Conexiones<\/strong>: 2 latiguillos incluidos<\/p>\n<\/li>\n<\/ul>\n","protected":false},"excerpt":{"rendered":"<p>Grifo de cocina con acabado negro mate, perfecto para cocinas  [&#8230;]<\/p>\n","protected":false},"featured_media":5978,"template":"","meta":[],"product_brand":[],"product_cat":[50],"product_tag":[],"serie":[335],"manual-de-instalacion":[83],"color":[27],"class_list":{"0":"post-5998","1":"product","2":"type-product","3":"status-publish","4":"has-post-thumbnail","6":"product_cat-grifos-de-cocina","7":"serie-misuri","8":"manual-de-instalacion-guia-instalacion-grifo-superficie","9":"color-negro-mate","11":"first","12":"instock","13":"taxable","14":"shipping-taxable","15":"product-type-simple"},"_links":{"self":[{"href":"https:\/\/www.valaz.es\/en\/wp-json\/wp\/v2\/product\/5998","targetHints":{"allow":["GET"]}}],"collection":[{"href":"https:\/\/www.valaz.es\/en\/wp-json\/wp\/v2\/product"}],"about":[{"href":"https:\/\/www.valaz.es\/en\/wp-json\/wp\/v2\/types\/product"}],"wp:featuredmedia":[{"embeddable":true,"href":"https:\/\/www.valaz.es\/en\/wp-json\/wp\/v2\/media\/5978"}],"wp:attachment":[{"href":"https:\/\/www.valaz.es\/en\/wp-json\/wp\/v2\/media?parent=5998"}],"wp:term":[{"taxonomy":"product_brand","embeddable":true,"href":"https:\/\/www.valaz.es\/en\/wp-json\/wp\/v2\/product_brand?post=5998"},{"taxonomy":"product_cat","embeddable":true,"href":"https:\/\/www.valaz.es\/en\/wp-json\/wp\/v2\/product_cat?post=5998"},{"taxonomy":"product_tag","embeddable":true,"href":"https:\/\/www.valaz.es\/en\/wp-json\/wp\/v2\/product_tag?post=5998"},{"taxonomy":"serie","embeddable":true,"href":"https:\/\/www.valaz.es\/en\/wp-json\/wp\/v2\/serie?post=5998"},{"taxonomy":"manual-de-instalacion","embeddable":true,"href":"https:\/\/www.valaz.es\/en\/wp-json\/wp\/v2\/manual-de-instalacion?post=5998"},{"taxonomy":"color","embeddable":true,"href":"https:\/\/www.valaz.es\/en\/wp-json\/wp\/v2\/color?post=5998"}],"curies":[{"name":"wp","href":"https:\/\/api.w.org\/{rel}","templated":true}]}}