{"id":5952,"date":"2023-06-27T09:47:42","date_gmt":"2023-06-27T07:47:42","guid":{"rendered":"https:\/\/www.valaz.es\/?post_type=product&#038;p=5952"},"modified":"2026-02-05T10:23:09","modified_gmt":"2026-02-05T09:23:09","slug":"grifo-de-cocina-blanco-monomando-extraible-serie-parana","status":"publish","type":"product","link":"https:\/\/www.valaz.es\/en\/product\/grifo-de-cocina-blanco-monomando-extraible-serie-parana\/","title":{"rendered":"Grifo de cocina blanco monomando extra\u00edble &#8211; Serie Parana"},"content":{"rendered":"<p class=\"\" data-start=\"63\" data-end=\"309\">Grifo de cocina blanco con dise\u00f1o monomando extra\u00edble, ideal para una funcionalidad m\u00e1xima y un estilo limpio y moderno en tu cocina. Su ca\u00f1o extra\u00edble permite un f\u00e1cil acceso a cualquier \u00e1rea del fregadero, facilitando la limpieza y el enjuague.<\/p>\n<p class=\"\" data-start=\"311\" data-end=\"333\"><strong data-start=\"311\" data-end=\"331\">Especificaciones<\/strong><\/p>\n<ul data-start=\"334\" data-end=\"579\">\n<li class=\"\" data-start=\"334\" data-end=\"376\">\n<p class=\"\" data-start=\"336\" data-end=\"376\"><strong data-start=\"336\" data-end=\"353\">Tipo de grifo<\/strong>: Monomando extra\u00edble<\/p>\n<\/li>\n<li class=\"\" data-start=\"377\" data-end=\"400\">\n<p class=\"\" data-start=\"379\" data-end=\"400\"><strong data-start=\"379\" data-end=\"390\">Acabado<\/strong>: Blanco<\/p>\n<\/li>\n<li class=\"\" data-start=\"401\" data-end=\"449\">\n<p class=\"\" data-start=\"403\" data-end=\"449\"><strong data-start=\"403\" data-end=\"415\">Material<\/strong>: Cuerpo de la grifer\u00eda en lat\u00f3n<\/p>\n<\/li>\n<li class=\"\" data-start=\"450\" data-end=\"487\">\n<p class=\"\" data-start=\"452\" data-end=\"487\"><strong data-start=\"452\" data-end=\"464\">Cartucho<\/strong>: Cer\u00e1mico de \u00d8 35 mm<\/p>\n<\/li>\n<li class=\"\" data-start=\"488\" data-end=\"511\">\n<p class=\"\" data-start=\"490\" data-end=\"511\"><strong data-start=\"490\" data-end=\"498\">Ca\u00f1o<\/strong>: Extra\u00edble<\/p>\n<\/li>\n<li class=\"\" data-start=\"512\" data-end=\"555\">\n<p class=\"\" data-start=\"514\" data-end=\"555\"><strong data-start=\"514\" data-end=\"528\">Conexiones<\/strong>: 2 latiguillos incluidos<\/p>\n<\/li>\n<li class=\"\" data-start=\"556\" data-end=\"579\">\n<p class=\"\" data-start=\"558\" data-end=\"579\"><strong data-start=\"558\" data-end=\"571\">Giratorio<\/strong>: 360\u00b0<\/p>\n<\/li>\n<\/ul>\n","protected":false},"excerpt":{"rendered":"<p>Grifo de cocina blanco con dise\u00f1o monomando extra\u00edble, ideal para  [&#8230;]<\/p>\n","protected":false},"featured_media":5953,"template":"","meta":[],"product_brand":[],"product_cat":[50],"product_tag":[],"serie":[111],"manual-de-instalacion":[82],"color":[64],"class_list":{"0":"post-5952","1":"product","2":"type-product","3":"status-publish","4":"has-post-thumbnail","6":"product_cat-grifos-de-cocina","7":"serie-parana","8":"manual-de-instalacion-guia-instalacion-cocina-extraible","9":"color-blanco","11":"first","12":"instock","13":"taxable","14":"shipping-taxable","15":"product-type-simple"},"_links":{"self":[{"href":"https:\/\/www.valaz.es\/en\/wp-json\/wp\/v2\/product\/5952","targetHints":{"allow":["GET"]}}],"collection":[{"href":"https:\/\/www.valaz.es\/en\/wp-json\/wp\/v2\/product"}],"about":[{"href":"https:\/\/www.valaz.es\/en\/wp-json\/wp\/v2\/types\/product"}],"wp:featuredmedia":[{"embeddable":true,"href":"https:\/\/www.valaz.es\/en\/wp-json\/wp\/v2\/media\/5953"}],"wp:attachment":[{"href":"https:\/\/www.valaz.es\/en\/wp-json\/wp\/v2\/media?parent=5952"}],"wp:term":[{"taxonomy":"product_brand","embeddable":true,"href":"https:\/\/www.valaz.es\/en\/wp-json\/wp\/v2\/product_brand?post=5952"},{"taxonomy":"product_cat","embeddable":true,"href":"https:\/\/www.valaz.es\/en\/wp-json\/wp\/v2\/product_cat?post=5952"},{"taxonomy":"product_tag","embeddable":true,"href":"https:\/\/www.valaz.es\/en\/wp-json\/wp\/v2\/product_tag?post=5952"},{"taxonomy":"serie","embeddable":true,"href":"https:\/\/www.valaz.es\/en\/wp-json\/wp\/v2\/serie?post=5952"},{"taxonomy":"manual-de-instalacion","embeddable":true,"href":"https:\/\/www.valaz.es\/en\/wp-json\/wp\/v2\/manual-de-instalacion?post=5952"},{"taxonomy":"color","embeddable":true,"href":"https:\/\/www.valaz.es\/en\/wp-json\/wp\/v2\/color?post=5952"}],"curies":[{"name":"wp","href":"https:\/\/api.w.org\/{rel}","templated":true}]}}