{"id":565,"date":"2022-11-09T17:22:09","date_gmt":"2022-11-09T16:22:09","guid":{"rendered":"https:\/\/www.valaz.es\/?post_type=product&#038;p=565"},"modified":"2026-03-23T21:04:35","modified_gmt":"2026-03-23T20:04:35","slug":"ducha-empotrada-monomando-a-pared-cuadrada-dorado-cepillado-serie-tajo","status":"publish","type":"product","link":"https:\/\/www.valaz.es\/en\/product\/ducha-empotrada-monomando-a-pared-cuadrada-dorado-cepillado-serie-tajo\/","title":{"rendered":"Ducha empotrada monomando a pared cuadrada dorado cepillado &#8211; Serie Tajo"},"content":{"rendered":"<p class=\"\" data-start=\"78\" data-end=\"454\">La ducha empotrada monomando a pared cuadrada de la Serie Tajo presenta un dise\u00f1o elegante y moderno con un acabado dorado cepillado, ideal para quienes buscan una est\u00e9tica sofisticada y un rendimiento de alta calidad en su ba\u00f1o. Esta ducha incluye un rociador de efecto lluvia y una alcachofa de mano para ofrecer una experiencia de ducha completa y c\u00f3moda.<\/p>\n<p class=\"\" data-start=\"456\" data-end=\"478\"><strong data-start=\"456\" data-end=\"476\">Especificaciones<\/strong><\/p>\n<ul data-start=\"479\" data-end=\"859\">\n<li class=\"\" data-start=\"479\" data-end=\"525\">\n<p class=\"\" data-start=\"481\" data-end=\"525\"><strong data-start=\"481\" data-end=\"505\">Tipo de instalaci\u00f3n:<\/strong> Empotrada a pared<\/p>\n<\/li>\n<li class=\"\" data-start=\"526\" data-end=\"550\">\n<p class=\"\" data-start=\"528\" data-end=\"550\"><strong data-start=\"528\" data-end=\"539\">Dise\u00f1o:<\/strong> Cuadrado<\/p>\n<\/li>\n<li class=\"\" data-start=\"551\" data-end=\"614\">\n<p class=\"\" data-start=\"553\" data-end=\"614\"><strong data-start=\"553\" data-end=\"577\">Tama\u00f1o del rociador:<\/strong> Disponible en 20&#215;20, 25&#215;25 y 30&#215;30<\/p>\n<\/li>\n<li class=\"\" data-start=\"615\" data-end=\"687\">\n<p class=\"\" data-start=\"617\" data-end=\"687\"><strong data-start=\"617\" data-end=\"630\">Conexi\u00f3n:<\/strong> 2 v\u00edas (rociador de efecto lluvia y alcachofa de mano)<\/p>\n<\/li>\n<li class=\"\" data-start=\"688\" data-end=\"827\">\n<p class=\"\" data-start=\"690\" data-end=\"707\"><strong data-start=\"690\" data-end=\"705\">Materiales:<\/strong><\/p>\n<ul data-start=\"710\" data-end=\"827\">\n<li class=\"\" data-start=\"710\" data-end=\"742\">\n<p class=\"\" data-start=\"712\" data-end=\"742\">Rociador de acero inoxidable<\/p>\n<\/li>\n<li class=\"\" data-start=\"745\" data-end=\"767\">\n<p class=\"\" data-start=\"747\" data-end=\"767\">Monomando de lat\u00f3n<\/p>\n<\/li>\n<li class=\"\" data-start=\"770\" data-end=\"798\">\n<p class=\"\" data-start=\"772\" data-end=\"798\">Alcachofa de mano de lat\u00f3n<\/p>\n<\/li>\n<li class=\"\" data-start=\"801\" data-end=\"827\">\n<p class=\"\" data-start=\"803\" data-end=\"827\">Flexo de PVC de 150 cm<\/p>\n<\/li>\n<\/ul>\n<\/li>\n<li class=\"\" data-start=\"828\" data-end=\"859\">\n<p class=\"\" data-start=\"830\" data-end=\"859\"><strong data-start=\"830\" data-end=\"842\">Acabado:<\/strong> Dorado cepillado<\/p>\n<\/li>\n<\/ul>\n","protected":false},"excerpt":{"rendered":"<p>Serie Tajo l\u00edneas rectas y cuadradas que aportan estilo y dise\u00f1o a cualquier ba\u00f1o. Actualmente disponemos de diferentes acabados cromado, dorado cepillado, negro mate. Tenemos Ducha empotradas cuadrada a techo y pared, grifo empotrado a pared, grifo de bid\u00e9 empotrado.<\/p>\n<p>&nbsp;<\/p>\n<p>La garant\u00eda de todos nuestros productos es de 3 a\u00f1os, para funcionamiento, duraci\u00f3n del esmaltado y anticorrosi\u00f3n.<\/p>\n<p>Recomendamos para un correcto mantenimiento de la grifer\u00eda y evitar el deterioro por el uso. Secar las gotas de agua con un pa\u00f1o suave despu\u00e9s del uso, evitando que se posen en la superficie y deterioran el acabado, no utilizar esponjas que puedan rayar la grifer\u00eda, utilizar limpiadores como vinagre limpieza, agua caliente y jab\u00f3n con ph neutro.<\/p>\n<p>&nbsp;<\/p>\n<p>Nuestro departamento t\u00e9cnico dispone de gu\u00edas de todos los modelos empotrados que vendemos, si tiene alguna duda con la instalaci\u00f3n contacte con nosotros mediante tel\u00e9fono, WhatsApp o email dentro del horario laboral indicado en la web.<\/p>\n<p>Recuerden que una vez instalado el cuerpo empotrado de la grifer\u00eda revisar de su correcto funcionamiento de paso de agua, comprobaci\u00f3n de cartuchos y corte de agua, si detecta alguna anomal\u00eda informe a nuestro departamento para darle una soluci\u00f3n, no contin\u00fae con la instalaci\u00f3n de cerramiento de la pared.<\/p>\n","protected":false},"featured_media":13343,"template":"","meta":[],"product_brand":[],"product_cat":[57],"product_tag":[],"serie":[23],"manual-de-instalacion":[78],"color":[34],"class_list":{"0":"post-565","1":"product","2":"type-product","3":"status-publish","4":"has-post-thumbnail","6":"product_cat-duchas-empotradas","7":"pa_tamano-rociador-20cm","8":"pa_tamano-rociador-25cm","9":"pa_tamano-rociador-30cm","10":"serie-tajo","11":"manual-de-instalacion-guia-instalacion-duchas-empotradas-monomando","12":"color-dorado-cepillado","14":"first","15":"outofstock","16":"taxable","17":"shipping-taxable","18":"product-type-variable"},"_links":{"self":[{"href":"https:\/\/www.valaz.es\/en\/wp-json\/wp\/v2\/product\/565","targetHints":{"allow":["GET"]}}],"collection":[{"href":"https:\/\/www.valaz.es\/en\/wp-json\/wp\/v2\/product"}],"about":[{"href":"https:\/\/www.valaz.es\/en\/wp-json\/wp\/v2\/types\/product"}],"wp:featuredmedia":[{"embeddable":true,"href":"https:\/\/www.valaz.es\/en\/wp-json\/wp\/v2\/media\/13343"}],"wp:attachment":[{"href":"https:\/\/www.valaz.es\/en\/wp-json\/wp\/v2\/media?parent=565"}],"wp:term":[{"taxonomy":"product_brand","embeddable":true,"href":"https:\/\/www.valaz.es\/en\/wp-json\/wp\/v2\/product_brand?post=565"},{"taxonomy":"product_cat","embeddable":true,"href":"https:\/\/www.valaz.es\/en\/wp-json\/wp\/v2\/product_cat?post=565"},{"taxonomy":"product_tag","embeddable":true,"href":"https:\/\/www.valaz.es\/en\/wp-json\/wp\/v2\/product_tag?post=565"},{"taxonomy":"serie","embeddable":true,"href":"https:\/\/www.valaz.es\/en\/wp-json\/wp\/v2\/serie?post=565"},{"taxonomy":"manual-de-instalacion","embeddable":true,"href":"https:\/\/www.valaz.es\/en\/wp-json\/wp\/v2\/manual-de-instalacion?post=565"},{"taxonomy":"color","embeddable":true,"href":"https:\/\/www.valaz.es\/en\/wp-json\/wp\/v2\/color?post=565"}],"curies":[{"name":"wp","href":"https:\/\/api.w.org\/{rel}","templated":true}]}}