{"id":550,"date":"2022-11-09T17:09:40","date_gmt":"2022-11-09T16:09:40","guid":{"rendered":"https:\/\/www.valaz.es\/?post_type=product&#038;p=550"},"modified":"2025-10-27T10:54:31","modified_gmt":"2025-10-27T09:54:31","slug":"ducha-empotrada-termostatica-a-pared-cuadrada-negro-mate-serie-tajo","status":"publish","type":"product","link":"https:\/\/www.valaz.es\/en\/product\/ducha-empotrada-termostatica-a-pared-cuadrada-negro-mate-serie-tajo\/","title":{"rendered":"Ducha empotrada termost\u00e1tica a pared cuadrada negro mate &#8211; Serie tajo"},"content":{"rendered":"<p class=\"\" data-start=\"75\" data-end=\"407\">La ducha empotrada termost\u00e1tica a pared de la Serie Tajo, con dise\u00f1o cuadrado y acabado en negro mate, aporta un estilo moderno y elegante a cualquier ba\u00f1o. Su sistema termost\u00e1tico garantiza una temperatura constante y segura, mientras que sus dos funciones ofrecen una experiencia de ducha vers\u00e1til y confortable.<\/p>\n<p class=\"\" data-start=\"409\" data-end=\"431\"><strong data-start=\"409\" data-end=\"429\">Especificaciones<\/strong><\/p>\n<ul data-start=\"432\" data-end=\"921\">\n<li class=\"\" data-start=\"432\" data-end=\"477\">\n<p class=\"\" data-start=\"434\" data-end=\"477\"><strong data-start=\"434\" data-end=\"452\">Tipo de ducha:<\/strong> Empotrada termost\u00e1tica<\/p>\n<\/li>\n<li class=\"\" data-start=\"478\" data-end=\"506\">\n<p class=\"\" data-start=\"480\" data-end=\"506\"><strong data-start=\"480\" data-end=\"496\">Instalaci\u00f3n:<\/strong> A pared<\/p>\n<\/li>\n<li class=\"\" data-start=\"507\" data-end=\"531\">\n<p class=\"\" data-start=\"509\" data-end=\"531\"><strong data-start=\"509\" data-end=\"520\">Dise\u00f1o:<\/strong> Cuadrado<\/p>\n<\/li>\n<li class=\"\" data-start=\"532\" data-end=\"559\">\n<p class=\"\" data-start=\"534\" data-end=\"559\"><strong data-start=\"534\" data-end=\"546\">Acabado:<\/strong> Negro mate<\/p>\n<\/li>\n<li class=\"\" data-start=\"560\" data-end=\"620\">\n<p class=\"\" data-start=\"562\" data-end=\"620\"><strong data-start=\"562\" data-end=\"587\">Tama\u00f1os del rociador:<\/strong> 20&#215;20, 25&#215;25, 30&#215;30 y 40&#215;40 cm<\/p>\n<\/li>\n<li class=\"\" data-start=\"621\" data-end=\"742\">\n<p class=\"\" data-start=\"623\" data-end=\"640\"><strong data-start=\"623\" data-end=\"638\">Materiales:<\/strong><\/p>\n<ul data-start=\"643\" data-end=\"742\">\n<li class=\"\" data-start=\"643\" data-end=\"675\">\n<p class=\"\" data-start=\"645\" data-end=\"675\">Rociador de acero inoxidable<\/p>\n<\/li>\n<li class=\"\" data-start=\"678\" data-end=\"703\">\n<p class=\"\" data-start=\"680\" data-end=\"703\">Termost\u00e1tica de lat\u00f3n<\/p>\n<\/li>\n<li class=\"\" data-start=\"706\" data-end=\"742\">\n<p class=\"\" data-start=\"708\" data-end=\"742\">Alcachofa de mano de lat\u00f3n<\/p>\n<\/li>\n<li class=\"\" data-start=\"706\" data-end=\"742\">\n<p class=\"\" data-start=\"708\" data-end=\"742\">Flexo de PVC<\/p>\n<\/li>\n<\/ul>\n<\/li>\n<li class=\"\" data-start=\"743\" data-end=\"921\">\n<p class=\"\" data-start=\"745\" data-end=\"761\"><strong data-start=\"745\" data-end=\"759\">Funciones:<\/strong><\/p>\n<ul data-start=\"764\" data-end=\"921\">\n<li class=\"\" data-start=\"764\" data-end=\"818\">\n<p class=\"\" data-start=\"766\" data-end=\"818\">2 v\u00edas: rociador efecto lluvia y alcachofa de mano<\/p>\n<\/li>\n<li class=\"\" data-start=\"821\" data-end=\"840\">\n<p class=\"\" data-start=\"823\" data-end=\"840\">Flexo de 150 cm<\/p>\n<\/li>\n<li class=\"\" data-start=\"843\" data-end=\"921\">\n<p class=\"\" data-start=\"845\" data-end=\"921\">Control termost\u00e1tico para mantener la temperatura constante durante el uso<\/p>\n<\/li>\n<\/ul>\n<\/li>\n<\/ul>\n","protected":false},"excerpt":{"rendered":"<p>Serie Tajo l\u00edneas rectas y cuadradas que aportan estilo y dise\u00f1o a cualquier ba\u00f1o. Actualmente disponemos de diferentes acabados cromado, dorado cepillado, negro mate. Tenemos Ducha empotradas cuadrada a techo y pared, grifo empotrado a pared, grifo de bid\u00e9 empotrado.<\/p>\n<p>&nbsp;<\/p>\n<p>La garant\u00eda de todos nuestros productos es de 3 a\u00f1os, para funcionamiento, duraci\u00f3n del esmaltado y anticorrosi\u00f3n.<\/p>\n<p>Recomendamos para un correcto mantenimiento de la grifer\u00eda y evitar el deterioro por el uso. Secar las gotas de agua con un pa\u00f1o suave despu\u00e9s del uso, evitando que se posen en la superficie y deterioran el acabado, no utilizar esponjas que puedan rayar la grifer\u00eda, utilizar limpiadores como vinagre limpieza, agua caliente y jab\u00f3n con ph neutro.<\/p>\n<p>&nbsp;<\/p>\n<p>Nuestro departamento t\u00e9cnico dispone de gu\u00edas de todos los modelos empotrados que vendemos, si tiene alguna duda con la instalaci\u00f3n contacte con nosotros mediante tel\u00e9fono, WhatsApp o email dentro del horario laboral indicado en la web.<\/p>\n<p>Recuerden que una vez instalado el cuerpo empotrado de la grifer\u00eda revisar de su correcto funcionamiento de paso de agua, comprobaci\u00f3n de cartuchos y corte de agua, si detecta alguna anomal\u00eda informe a nuestro departamento para darle una soluci\u00f3n, no contin\u00fae con la instalaci\u00f3n de cerramiento de la pared.<\/p>\n","protected":false},"featured_media":551,"template":"","meta":[],"product_brand":[],"product_cat":[57,47],"product_tag":[],"serie":[23],"manual-de-instalacion":[79],"color":[27],"class_list":{"0":"post-550","1":"product","2":"type-product","3":"status-publish","4":"has-post-thumbnail","6":"product_cat-duchas-empotradas","7":"product_cat-duchas","8":"pa_tamano-rociador-20cm","9":"pa_tamano-rociador-25cm","10":"pa_tamano-rociador-30cm","11":"pa_tamano-rociador-40cm","12":"serie-tajo","13":"manual-de-instalacion-guia-instalacion-duchas-empotradas-termostaticas","14":"color-negro-mate","16":"first","17":"instock","18":"taxable","19":"shipping-taxable","20":"product-type-variable"},"_links":{"self":[{"href":"https:\/\/www.valaz.es\/en\/wp-json\/wp\/v2\/product\/550","targetHints":{"allow":["GET"]}}],"collection":[{"href":"https:\/\/www.valaz.es\/en\/wp-json\/wp\/v2\/product"}],"about":[{"href":"https:\/\/www.valaz.es\/en\/wp-json\/wp\/v2\/types\/product"}],"wp:featuredmedia":[{"embeddable":true,"href":"https:\/\/www.valaz.es\/en\/wp-json\/wp\/v2\/media\/551"}],"wp:attachment":[{"href":"https:\/\/www.valaz.es\/en\/wp-json\/wp\/v2\/media?parent=550"}],"wp:term":[{"taxonomy":"product_brand","embeddable":true,"href":"https:\/\/www.valaz.es\/en\/wp-json\/wp\/v2\/product_brand?post=550"},{"taxonomy":"product_cat","embeddable":true,"href":"https:\/\/www.valaz.es\/en\/wp-json\/wp\/v2\/product_cat?post=550"},{"taxonomy":"product_tag","embeddable":true,"href":"https:\/\/www.valaz.es\/en\/wp-json\/wp\/v2\/product_tag?post=550"},{"taxonomy":"serie","embeddable":true,"href":"https:\/\/www.valaz.es\/en\/wp-json\/wp\/v2\/serie?post=550"},{"taxonomy":"manual-de-instalacion","embeddable":true,"href":"https:\/\/www.valaz.es\/en\/wp-json\/wp\/v2\/manual-de-instalacion?post=550"},{"taxonomy":"color","embeddable":true,"href":"https:\/\/www.valaz.es\/en\/wp-json\/wp\/v2\/color?post=550"}],"curies":[{"name":"wp","href":"https:\/\/api.w.org\/{rel}","templated":true}]}}