{"id":541,"date":"2022-11-09T17:02:25","date_gmt":"2022-11-09T16:02:25","guid":{"rendered":"https:\/\/www.valaz.es\/?post_type=product&#038;p=541"},"modified":"2026-03-03T11:23:08","modified_gmt":"2026-03-03T10:23:08","slug":"ducha-encastrada-termostatica-a-ras-techo-cuadrada-cromada-serie-tajo","status":"publish","type":"product","link":"https:\/\/www.valaz.es\/en\/product\/ducha-encastrada-termostatica-a-ras-techo-cuadrada-cromada-serie-tajo\/","title":{"rendered":"Ducha encastrada  termost\u00e1tica a ras techo cuadrada cromada &#8211; Serie Tajo"},"content":{"rendered":"<p class=\"\" data-start=\"80\" data-end=\"421\">La ducha encastrada a ras de techo de la Serie Tajo es la soluci\u00f3n perfecta para ba\u00f1os modernos que buscan un dise\u00f1o limpio y discreto. Su acabado cromado y estructura cuadrada aportan elegancia y sofisticaci\u00f3n. El sistema termost\u00e1tico garantiza una temperatura constante para una experiencia de ducha segura y confortable.<\/p>\n<p class=\"\" data-start=\"423\" data-end=\"445\"><strong data-start=\"423\" data-end=\"443\">Especificaciones<\/strong><\/p>\n<ul data-start=\"446\" data-end=\"934\">\n<li class=\"\" data-start=\"446\" data-end=\"507\">\n<p class=\"\" data-start=\"448\" data-end=\"507\"><strong data-start=\"448\" data-end=\"466\">Tipo de ducha:<\/strong> Encastrada termost\u00e1tica a ras de techo<\/p>\n<\/li>\n<li class=\"\" data-start=\"508\" data-end=\"532\">\n<p class=\"\" data-start=\"510\" data-end=\"532\"><strong data-start=\"510\" data-end=\"521\">Dise\u00f1o:<\/strong> Cuadrado<\/p>\n<\/li>\n<li class=\"\" data-start=\"533\" data-end=\"557\">\n<p class=\"\" data-start=\"535\" data-end=\"557\"><strong data-start=\"535\" data-end=\"547\">Acabado:<\/strong> Cromado<\/p>\n<\/li>\n<li class=\"\" data-start=\"558\" data-end=\"649\">\n<p class=\"\" data-start=\"560\" data-end=\"649\"><strong data-start=\"560\" data-end=\"573\">Rociador:<\/strong> Integrado a techo (disponible en tama\u00f1os: 20&#215;20, 25&#215;25, 30&#215;30 o 40&#215;40 cm)<\/p>\n<\/li>\n<li class=\"\" data-start=\"650\" data-end=\"771\">\n<p class=\"\" data-start=\"652\" data-end=\"669\"><strong data-start=\"652\" data-end=\"667\">Materiales:<\/strong><\/p>\n<ul data-start=\"672\" data-end=\"771\">\n<li class=\"\" data-start=\"672\" data-end=\"704\">\n<p class=\"\" data-start=\"674\" data-end=\"704\">Rociador de acero inoxidable<\/p>\n<\/li>\n<li data-start=\"672\" data-end=\"704\">Premarco a ras techo<\/li>\n<li class=\"\" data-start=\"707\" data-end=\"732\">\n<p class=\"\" data-start=\"709\" data-end=\"732\">Termost\u00e1tica de lat\u00f3n<\/p>\n<\/li>\n<li class=\"\" data-start=\"735\" data-end=\"771\">\n<p class=\"\" data-start=\"737\" data-end=\"771\">Alcachofa de mano de lat\u00f3n<\/p>\n<\/li>\n<li class=\"\" data-start=\"735\" data-end=\"771\">\n<p class=\"\" data-start=\"737\" data-end=\"771\">Flexo de acero inoxidable<\/p>\n<\/li>\n<\/ul>\n<\/li>\n<li class=\"\" data-start=\"772\" data-end=\"934\">\n<p class=\"\" data-start=\"774\" data-end=\"790\"><strong data-start=\"774\" data-end=\"788\">Funciones:<\/strong><\/p>\n<ul data-start=\"793\" data-end=\"934\">\n<li class=\"\" data-start=\"793\" data-end=\"847\">\n<p class=\"\" data-start=\"795\" data-end=\"847\">2 v\u00edas: rociador efecto lluvia y alcachofa de mano<\/p>\n<\/li>\n<li class=\"\" data-start=\"850\" data-end=\"869\">\n<p class=\"\" data-start=\"852\" data-end=\"869\">Flexo de 150 cm<\/p>\n<\/li>\n<li class=\"\" data-start=\"872\" data-end=\"934\">\n<p class=\"\" data-start=\"874\" data-end=\"934\">Regulaci\u00f3n precisa de temperatura con sistema termost\u00e1tico<\/p>\n<\/li>\n<\/ul>\n<\/li>\n<\/ul>\n","protected":false},"excerpt":{"rendered":"<p>Serie Tajo l\u00edneas rectas y cuadradas que aportan estilo y dise\u00f1o a cualquier ba\u00f1o. Actualmente disponemos de diferentes acabados cromado, dorado cepillado, negro mate. Tenemos Ducha empotradas cuadrada a techo y pared, grifo empotrado a pared, grifo de bid\u00e9 empotrado.<\/p>\n<p>&nbsp;<\/p>\n<p>La garant\u00eda de todos nuestros productos es de 3 a\u00f1os, para funcionamiento, duraci\u00f3n del esmaltado y anticorrosi\u00f3n.<\/p>\n<p>Recomendamos para un correcto mantenimiento de la grifer\u00eda y evitar el deterioro por el uso. Secar las gotas de agua con un pa\u00f1o suave despu\u00e9s del uso, evitando que se posen en la superficie y deterioran el acabado, no utilizar esponjas que puedan rayar la grifer\u00eda, utilizar limpiadores como vinagre limpieza, agua caliente y jab\u00f3n con ph neutro.<\/p>\n<p>&nbsp;<\/p>\n<p>Nuestro departamento t\u00e9cnico dispone de gu\u00edas de todos los modelos empotrados que vendemos, si tiene alguna duda con la instalaci\u00f3n contacte con nosotros mediante tel\u00e9fono, WhatsApp o email dentro del horario laboral indicado en la web.<\/p>\n<p>Recuerden que una vez instalado el cuerpo empotrado de la grifer\u00eda revisar de su correcto funcionamiento de paso de agua, comprobaci\u00f3n de cartuchos y corte de agua, si detecta alguna anomal\u00eda informe a nuestro departamento para darle una soluci\u00f3n, no contin\u00fae con la instalaci\u00f3n de cerramiento de la pared.<\/p>\n","protected":false},"featured_media":542,"template":"","meta":[],"product_brand":[],"product_cat":[57,47],"product_tag":[],"serie":[23],"manual-de-instalacion":[406],"color":[26],"class_list":{"0":"post-541","1":"product","2":"type-product","3":"status-publish","4":"has-post-thumbnail","6":"product_cat-duchas-empotradas","7":"product_cat-duchas","8":"pa_tamano-rociador-30cm","9":"pa_tamano-rociador-40cm","10":"serie-tajo","11":"manual-de-instalacion-guia-instalacion-ducha-empotrada-termostatica-ras","12":"color-cromo","14":"first","15":"outofstock","16":"taxable","17":"shipping-taxable","18":"product-type-variable"},"_links":{"self":[{"href":"https:\/\/www.valaz.es\/en\/wp-json\/wp\/v2\/product\/541","targetHints":{"allow":["GET"]}}],"collection":[{"href":"https:\/\/www.valaz.es\/en\/wp-json\/wp\/v2\/product"}],"about":[{"href":"https:\/\/www.valaz.es\/en\/wp-json\/wp\/v2\/types\/product"}],"wp:featuredmedia":[{"embeddable":true,"href":"https:\/\/www.valaz.es\/en\/wp-json\/wp\/v2\/media\/542"}],"wp:attachment":[{"href":"https:\/\/www.valaz.es\/en\/wp-json\/wp\/v2\/media?parent=541"}],"wp:term":[{"taxonomy":"product_brand","embeddable":true,"href":"https:\/\/www.valaz.es\/en\/wp-json\/wp\/v2\/product_brand?post=541"},{"taxonomy":"product_cat","embeddable":true,"href":"https:\/\/www.valaz.es\/en\/wp-json\/wp\/v2\/product_cat?post=541"},{"taxonomy":"product_tag","embeddable":true,"href":"https:\/\/www.valaz.es\/en\/wp-json\/wp\/v2\/product_tag?post=541"},{"taxonomy":"serie","embeddable":true,"href":"https:\/\/www.valaz.es\/en\/wp-json\/wp\/v2\/serie?post=541"},{"taxonomy":"manual-de-instalacion","embeddable":true,"href":"https:\/\/www.valaz.es\/en\/wp-json\/wp\/v2\/manual-de-instalacion?post=541"},{"taxonomy":"color","embeddable":true,"href":"https:\/\/www.valaz.es\/en\/wp-json\/wp\/v2\/color?post=541"}],"curies":[{"name":"wp","href":"https:\/\/api.w.org\/{rel}","templated":true}]}}