{"id":535,"date":"2022-11-09T16:49:58","date_gmt":"2022-11-09T15:49:58","guid":{"rendered":"https:\/\/www.valaz.es\/?post_type=product&#038;p=535"},"modified":"2026-02-23T23:23:09","modified_gmt":"2026-02-23T22:23:09","slug":"ducha-empotrada-monomando-a-pared-cuadrada-negro-mate-serie-tajo","status":"publish","type":"product","link":"https:\/\/www.valaz.es\/en\/product\/ducha-empotrada-monomando-a-pared-cuadrada-negro-mate-serie-tajo\/","title":{"rendered":"Ducha empotrada monomando a pared cuadrada negro mate &#8211; Serie Tajo"},"content":{"rendered":"<p class=\"\" data-start=\"72\" data-end=\"389\">Esta ducha empotrada a pared de la Serie Tajo combina elegancia y funcionalidad con un dise\u00f1o cuadrado en acabado negro mate. Su sistema monomando de 2 v\u00edas permite cambiar f\u00e1cilmente entre el rociador de efecto lluvia y la alcachofa de mano, ofreciendo una experiencia de ducha c\u00f3moda y estilizada.<\/p>\n<p class=\"\" data-start=\"391\" data-end=\"413\"><strong data-start=\"391\" data-end=\"411\">Especificaciones<\/strong><\/p>\n<ul data-start=\"414\" data-end=\"804\">\n<li class=\"\" data-start=\"414\" data-end=\"454\">\n<p class=\"\" data-start=\"416\" data-end=\"454\"><strong data-start=\"416\" data-end=\"434\">Tipo de ducha:<\/strong> Empotrada a pared<\/p>\n<\/li>\n<li class=\"\" data-start=\"455\" data-end=\"479\">\n<p class=\"\" data-start=\"457\" data-end=\"479\"><strong data-start=\"457\" data-end=\"468\">Dise\u00f1o:<\/strong> Cuadrado<\/p>\n<\/li>\n<li class=\"\" data-start=\"480\" data-end=\"507\">\n<p class=\"\" data-start=\"482\" data-end=\"507\"><strong data-start=\"482\" data-end=\"494\">Acabado:<\/strong> Negro mate<\/p>\n<\/li>\n<li class=\"\" data-start=\"508\" data-end=\"592\">\n<p class=\"\" data-start=\"510\" data-end=\"592\"><strong data-start=\"510\" data-end=\"523\">Rociador:<\/strong> Disponible en tama\u00f1os 20&#215;20, 25&#215;25 y 30&#215;30 cm, con soporte a pared<\/p>\n<\/li>\n<li class=\"\" data-start=\"593\" data-end=\"663\">\n<p class=\"\" data-start=\"595\" data-end=\"663\"><strong data-start=\"595\" data-end=\"609\">Monomando:<\/strong> 2 v\u00edas (rociador efecto lluvia y alcachofa de mano)<\/p>\n<\/li>\n<li class=\"\" data-start=\"664\" data-end=\"804\">\n<p class=\"\" data-start=\"666\" data-end=\"683\"><strong data-start=\"666\" data-end=\"681\">Materiales:<\/strong><\/p>\n<ul data-start=\"686\" data-end=\"804\">\n<li class=\"\" data-start=\"686\" data-end=\"718\">\n<p class=\"\" data-start=\"688\" data-end=\"718\">Rociador de acero inoxidable<\/p>\n<\/li>\n<li class=\"\" data-start=\"721\" data-end=\"743\">\n<p class=\"\" data-start=\"723\" data-end=\"743\">Monomando de lat\u00f3n<\/p>\n<\/li>\n<li class=\"\" data-start=\"746\" data-end=\"782\">\n<p class=\"\" data-start=\"748\" data-end=\"782\">Alcachofa de mano de lat\u00f3n<\/p>\n<\/li>\n<li class=\"\" data-start=\"746\" data-end=\"782\">\n<p class=\"\" data-start=\"748\" data-end=\"782\">Flexo de PVC (150 cm)<\/p>\n<\/li>\n<\/ul>\n<\/li>\n<\/ul>\n<p class=\"\" data-start=\"806\" data-end=\"821\"><strong data-start=\"806\" data-end=\"819\">Funciones<\/strong><\/p>\n<ul data-start=\"822\" data-end=\"963\">\n<li class=\"\" data-start=\"822\" data-end=\"872\">\n<p class=\"\" data-start=\"824\" data-end=\"872\">Salida de agua mediante rociador efecto lluvia<\/p>\n<\/li>\n<li class=\"\" data-start=\"873\" data-end=\"916\">\n<p class=\"\" data-start=\"875\" data-end=\"916\">Funci\u00f3n adicional con alcachofa de mano<\/p>\n<\/li>\n<li class=\"\" data-start=\"917\" data-end=\"963\">\n<p class=\"\" data-start=\"919\" data-end=\"963\">Control pr\u00e1ctico con monomando de dos v\u00edas<\/p>\n<\/li>\n<\/ul>\n","protected":false},"excerpt":{"rendered":"<p>Serie Tajo l\u00edneas rectas y cuadradas que aportan estilo y dise\u00f1o a cualquier ba\u00f1o. Actualmente disponemos de diferentes acabados cromado, dorado cepillado, negro mate. Tenemos Ducha empotradas cuadrada a techo y pared, grifo empotrado a pared, grifo de bid\u00e9 empotrado.<\/p>\n<p>&nbsp;<\/p>\n<p>La garant\u00eda de todos nuestros productos es de 3 a\u00f1os, para funcionamiento, duraci\u00f3n del esmaltado y anticorrosi\u00f3n.<\/p>\n<p>Recomendamos para un correcto mantenimiento de la grifer\u00eda y evitar el deterioro por el uso. Secar las gotas de agua con un pa\u00f1o suave despu\u00e9s del uso, evitando que se posen en la superficie y deterioran el acabado, no utilizar esponjas que puedan rayar la grifer\u00eda, utilizar limpiadores como vinagre limpieza, agua caliente y jab\u00f3n con ph neutro.<\/p>\n<p>&nbsp;<\/p>\n<p>Nuestro departamento t\u00e9cnico dispone de gu\u00edas de todos los modelos empotrados que vendemos, si tiene alguna duda con la instalaci\u00f3n contacte con nosotros mediante tel\u00e9fono, WhatsApp o email dentro del horario laboral indicado en la web.<\/p>\n<p>Recuerden que una vez instalado el cuerpo empotrado de la grifer\u00eda revisar de su correcto funcionamiento de paso de agua, comprobaci\u00f3n de cartuchos y corte de agua, si detecta alguna anomal\u00eda informe a nuestro departamento para darle una soluci\u00f3n, no contin\u00fae con la instalaci\u00f3n de cerramiento de la pared.<\/p>\n","protected":false},"featured_media":19117,"template":"","meta":[],"product_brand":[],"product_cat":[57],"product_tag":[],"serie":[23],"manual-de-instalacion":[78],"color":[27],"class_list":{"0":"post-535","1":"product","2":"type-product","3":"status-publish","4":"has-post-thumbnail","6":"product_cat-duchas-empotradas","7":"pa_tamano-rociador-20cm","8":"pa_tamano-rociador-25cm","9":"pa_tamano-rociador-30cm","10":"pa_tamano-rociador-40cm","11":"serie-tajo","12":"manual-de-instalacion-guia-instalacion-duchas-empotradas-monomando","13":"color-negro-mate","15":"first","16":"instock","17":"taxable","18":"shipping-taxable","19":"product-type-variable"},"_links":{"self":[{"href":"https:\/\/www.valaz.es\/en\/wp-json\/wp\/v2\/product\/535","targetHints":{"allow":["GET"]}}],"collection":[{"href":"https:\/\/www.valaz.es\/en\/wp-json\/wp\/v2\/product"}],"about":[{"href":"https:\/\/www.valaz.es\/en\/wp-json\/wp\/v2\/types\/product"}],"wp:featuredmedia":[{"embeddable":true,"href":"https:\/\/www.valaz.es\/en\/wp-json\/wp\/v2\/media\/19117"}],"wp:attachment":[{"href":"https:\/\/www.valaz.es\/en\/wp-json\/wp\/v2\/media?parent=535"}],"wp:term":[{"taxonomy":"product_brand","embeddable":true,"href":"https:\/\/www.valaz.es\/en\/wp-json\/wp\/v2\/product_brand?post=535"},{"taxonomy":"product_cat","embeddable":true,"href":"https:\/\/www.valaz.es\/en\/wp-json\/wp\/v2\/product_cat?post=535"},{"taxonomy":"product_tag","embeddable":true,"href":"https:\/\/www.valaz.es\/en\/wp-json\/wp\/v2\/product_tag?post=535"},{"taxonomy":"serie","embeddable":true,"href":"https:\/\/www.valaz.es\/en\/wp-json\/wp\/v2\/serie?post=535"},{"taxonomy":"manual-de-instalacion","embeddable":true,"href":"https:\/\/www.valaz.es\/en\/wp-json\/wp\/v2\/manual-de-instalacion?post=535"},{"taxonomy":"color","embeddable":true,"href":"https:\/\/www.valaz.es\/en\/wp-json\/wp\/v2\/color?post=535"}],"curies":[{"name":"wp","href":"https:\/\/api.w.org\/{rel}","templated":true}]}}