{"id":518,"date":"2022-11-09T15:48:37","date_gmt":"2022-11-09T14:48:37","guid":{"rendered":"https:\/\/www.valaz.es\/?post_type=product&#038;p=518"},"modified":"2025-06-30T15:42:41","modified_gmt":"2025-06-30T13:42:41","slug":"ducha-empotrada-monomando-a-techo-cuadrada-cromado-serie-tajo","status":"publish","type":"product","link":"https:\/\/www.valaz.es\/en\/product\/ducha-empotrada-monomando-a-techo-cuadrada-cromado-serie-tajo\/","title":{"rendered":"Ducha empotrada monomando a techo cuadrada cromado &#8211; Serie tajo"},"content":{"rendered":"<p class=\"\" data-start=\"69\" data-end=\"441\">La ducha empotrada a techo de la Serie Tajo combina elegancia y funcionalidad en un dise\u00f1o moderno y minimalista. Su instalaci\u00f3n a techo y su estructura cuadrada en acabado cromado la convierten en una opci\u00f3n perfecta para ba\u00f1os contempor\u00e1neos. Con sistema monomando de 2 v\u00edas, permite alternar entre el efecto lluvia del rociador y la alcachofa de mano.<\/p>\n<p class=\"\" data-start=\"443\" data-end=\"465\"><strong data-start=\"443\" data-end=\"463\">Especificaciones<\/strong><\/p>\n<ul data-start=\"466\" data-end=\"876\">\n<li class=\"\" data-start=\"466\" data-end=\"506\">\n<p class=\"\" data-start=\"468\" data-end=\"506\"><strong data-start=\"468\" data-end=\"486\">Tipo de ducha:<\/strong> Empotrada a techo<\/p>\n<\/li>\n<li class=\"\" data-start=\"507\" data-end=\"531\">\n<p class=\"\" data-start=\"509\" data-end=\"531\"><strong data-start=\"509\" data-end=\"520\">Dise\u00f1o:<\/strong> Cuadrado<\/p>\n<\/li>\n<li class=\"\" data-start=\"532\" data-end=\"556\">\n<p class=\"\" data-start=\"534\" data-end=\"556\"><strong data-start=\"534\" data-end=\"546\">Acabado:<\/strong> Cromado<\/p>\n<\/li>\n<li class=\"\" data-start=\"557\" data-end=\"641\">\n<p class=\"\" data-start=\"559\" data-end=\"641\"><strong data-start=\"559\" data-end=\"572\">Rociador:<\/strong> Disponible en tama\u00f1os 20&#215;20, 25&#215;25 y 30&#215;30 cm, con soporte a techo<\/p>\n<\/li>\n<li class=\"\" data-start=\"642\" data-end=\"723\">\n<p class=\"\" data-start=\"644\" data-end=\"723\"><strong data-start=\"644\" data-end=\"656\">Sistema:<\/strong> Monomando de 2 v\u00edas (rociador efecto lluvia y alcachofa de mano)<\/p>\n<\/li>\n<li class=\"\" data-start=\"724\" data-end=\"876\">\n<p class=\"\" data-start=\"726\" data-end=\"743\"><strong data-start=\"726\" data-end=\"741\">Materiales:<\/strong><\/p>\n<ul data-start=\"746\" data-end=\"876\">\n<li class=\"\" data-start=\"746\" data-end=\"778\">\n<p class=\"\" data-start=\"748\" data-end=\"778\">Rociador de acero inoxidable<\/p>\n<\/li>\n<li class=\"\" data-start=\"781\" data-end=\"803\">\n<p class=\"\" data-start=\"783\" data-end=\"803\">Monomando de lat\u00f3n<\/p>\n<\/li>\n<li class=\"\" data-start=\"806\" data-end=\"834\">\n<p class=\"\" data-start=\"808\" data-end=\"834\">Alcachofa de mano de lat\u00f3n<\/p>\n<\/li>\n<li class=\"\" data-start=\"837\" data-end=\"876\">\n<p class=\"\" data-start=\"839\" data-end=\"876\">Flexo de acero inoxidable de 150 cm<\/p>\n<\/li>\n<\/ul>\n<\/li>\n<\/ul>\n<p class=\"\" data-start=\"878\" data-end=\"893\"><strong data-start=\"878\" data-end=\"891\">Funciones<\/strong><\/p>\n<ul data-start=\"894\" data-end=\"985\">\n<li class=\"\" data-start=\"894\" data-end=\"933\">\n<p class=\"\" data-start=\"896\" data-end=\"933\">Rociador superior con efecto lluvia<\/p>\n<\/li>\n<li class=\"\" data-start=\"934\" data-end=\"985\">\n<p class=\"\" data-start=\"936\" data-end=\"985\">Alcachofa de mano con soporte para uso vers\u00e1til<\/p>\n<\/li>\n<\/ul>\n","protected":false},"excerpt":{"rendered":"<p>Serie Tajo l\u00edneas rectas y cuadradas que aportan estilo y dise\u00f1o a cualquier ba\u00f1o. Actualmente disponemos de diferentes acabados cromado, dorado cepillado, negro mate. Tenemos Ducha empotradas cuadrada a techo y pared, grifo empotrado a pared, grifo de bid\u00e9 empotrado.<\/p>\n<p>&nbsp;<\/p>\n<p>La garant\u00eda de todos nuestros productos es de 3 a\u00f1os, para funcionamiento, duraci\u00f3n del esmaltado y anticorrosi\u00f3n.<\/p>\n<p>Recomendamos para un correcto mantenimiento de la grifer\u00eda y evitar el deterioro por el uso. Secar las gotas de agua con un pa\u00f1o suave despu\u00e9s del uso, evitando que se posen en la superficie y deterioran el acabado, no utilizar esponjas que puedan rayar la grifer\u00eda, utilizar limpiadores como vinagre limpieza, agua caliente y jab\u00f3n con ph neutro.<\/p>\n<p>&nbsp;<\/p>\n<p>Nuestro departamento t\u00e9cnico dispone de gu\u00edas de todos los modelos empotrados que vendemos, si tiene alguna duda con la instalaci\u00f3n contacte con nosotros mediante tel\u00e9fono, WhatsApp o email dentro del horario laboral indicado en la web.<\/p>\n<p>Recuerden que una vez instalado el cuerpo empotrado de la grifer\u00eda revisar de su correcto funcionamiento de paso de agua, comprobaci\u00f3n de cartuchos y corte de agua, si detecta alguna anomal\u00eda informe a nuestro departamento para darle una soluci\u00f3n, no contin\u00fae con la instalaci\u00f3n de cerramiento de la pared.<\/p>\n","protected":false},"featured_media":519,"template":"","meta":[],"product_brand":[],"product_cat":[57],"product_tag":[],"serie":[23],"manual-de-instalacion":[78],"color":[26],"class_list":{"0":"post-518","1":"product","2":"type-product","3":"status-publish","4":"has-post-thumbnail","6":"product_cat-duchas-empotradas","7":"pa_tamano-rociador-20cm-fr","8":"pa_tamano-rociador-25cm-fr","9":"pa_tamano-rociador-30cm-fr","10":"pa_tamano-rociador-40cm-fr","11":"serie-tajo","12":"manual-de-instalacion-guia-instalacion-duchas-empotradas-monomando","13":"color-cromo","15":"first","16":"instock","17":"taxable","18":"shipping-taxable","19":"product-type-variable"},"_links":{"self":[{"href":"https:\/\/www.valaz.es\/en\/wp-json\/wp\/v2\/product\/518","targetHints":{"allow":["GET"]}}],"collection":[{"href":"https:\/\/www.valaz.es\/en\/wp-json\/wp\/v2\/product"}],"about":[{"href":"https:\/\/www.valaz.es\/en\/wp-json\/wp\/v2\/types\/product"}],"wp:featuredmedia":[{"embeddable":true,"href":"https:\/\/www.valaz.es\/en\/wp-json\/wp\/v2\/media\/519"}],"wp:attachment":[{"href":"https:\/\/www.valaz.es\/en\/wp-json\/wp\/v2\/media?parent=518"}],"wp:term":[{"taxonomy":"product_brand","embeddable":true,"href":"https:\/\/www.valaz.es\/en\/wp-json\/wp\/v2\/product_brand?post=518"},{"taxonomy":"product_cat","embeddable":true,"href":"https:\/\/www.valaz.es\/en\/wp-json\/wp\/v2\/product_cat?post=518"},{"taxonomy":"product_tag","embeddable":true,"href":"https:\/\/www.valaz.es\/en\/wp-json\/wp\/v2\/product_tag?post=518"},{"taxonomy":"serie","embeddable":true,"href":"https:\/\/www.valaz.es\/en\/wp-json\/wp\/v2\/serie?post=518"},{"taxonomy":"manual-de-instalacion","embeddable":true,"href":"https:\/\/www.valaz.es\/en\/wp-json\/wp\/v2\/manual-de-instalacion?post=518"},{"taxonomy":"color","embeddable":true,"href":"https:\/\/www.valaz.es\/en\/wp-json\/wp\/v2\/color?post=518"}],"curies":[{"name":"wp","href":"https:\/\/api.w.org\/{rel}","templated":true}]}}