{"id":5115,"date":"2023-05-25T13:28:00","date_gmt":"2023-05-25T11:28:00","guid":{"rendered":"https:\/\/www.valaz.es\/?post_type=product&#038;p=5115"},"modified":"2025-05-29T14:54:15","modified_gmt":"2025-05-29T12:54:15","slug":"cuerpo-empotrado-termostatico-cuadrado-dos-vias-cromado","status":"publish","type":"product","link":"https:\/\/www.valaz.es\/en\/product\/cuerpo-empotrado-termostatico-cuadrado-dos-vias-cromado\/","title":{"rendered":"Cuerpo empotrado termost\u00e1tico cuadrado dos v\u00edas cromado"},"content":{"rendered":"<p class=\"\" data-start=\"61\" data-end=\"381\">El cuerpo empotrado termost\u00e1tico cuadrado de dos v\u00edas en acabado cromado ofrece una opci\u00f3n funcional y est\u00e9tica para un control preciso de la temperatura del agua en tu ducha o ba\u00f1era. Su dise\u00f1o cuadrado y su acabado cromado dan un toque de modernidad y brillo a tu ba\u00f1o, proporcionando una apariencia limpia y elegante.<\/p>\n<p class=\"\" data-start=\"383\" data-end=\"405\"><strong data-start=\"383\" data-end=\"403\">Especificaciones<\/strong><\/p>\n<ul data-start=\"406\" data-end=\"842\">\n<li class=\"\" data-start=\"406\" data-end=\"449\">\n<p class=\"\" data-start=\"408\" data-end=\"449\"><strong data-start=\"408\" data-end=\"416\">Tipo<\/strong>: Cuerpo empotrado termost\u00e1tico<\/p>\n<\/li>\n<li class=\"\" data-start=\"450\" data-end=\"551\">\n<p class=\"\" data-start=\"452\" data-end=\"551\"><strong data-start=\"452\" data-end=\"470\">N\u00famero de v\u00edas<\/strong>: 2 (permite la selecci\u00f3n entre dos salidas, como rociador y alcachofa de mano)<\/p>\n<\/li>\n<li class=\"\" data-start=\"552\" data-end=\"623\">\n<p class=\"\" data-start=\"554\" data-end=\"623\"><strong data-start=\"554\" data-end=\"565\">Acabado<\/strong>: Cromado, resistente a la corrosi\u00f3n y f\u00e1cil de mantener<\/p>\n<\/li>\n<li class=\"\" data-start=\"624\" data-end=\"663\">\n<p class=\"\" data-start=\"626\" data-end=\"663\"><strong data-start=\"626\" data-end=\"638\">Material<\/strong>: Lat\u00f3n de alta calidad<\/p>\n<\/li>\n<li class=\"\" data-start=\"664\" data-end=\"770\">\n<p class=\"\" data-start=\"666\" data-end=\"770\"><strong data-start=\"666\" data-end=\"691\">Cartucho termost\u00e1tico<\/strong>: Control preciso de la temperatura del agua para mayor comodidad y seguridad<\/p>\n<\/li>\n<li class=\"\" data-start=\"771\" data-end=\"842\">\n<p class=\"\" data-start=\"773\" data-end=\"842\"><strong data-start=\"773\" data-end=\"788\">Instalaci\u00f3n<\/strong>: Empotrado, ideal para un ba\u00f1o moderno y estilizado<\/p>\n<\/li>\n<\/ul>\n","protected":false},"excerpt":{"rendered":"<p>El cuerpo empotrado termost\u00e1tico cuadrado de dos v\u00edas en acabado  [&#8230;]<\/p>\n","protected":false},"featured_media":13639,"template":"","meta":[],"product_brand":[],"product_cat":[390],"product_tag":[],"serie":[],"manual-de-instalacion":[],"color":[26],"class_list":{"0":"post-5115","1":"product","2":"type-product","3":"status-publish","4":"has-post-thumbnail","6":"product_cat-elementos-de-ducha","7":"color-cromo","9":"first","10":"instock","11":"taxable","12":"shipping-taxable","13":"product-type-simple"},"_links":{"self":[{"href":"https:\/\/www.valaz.es\/en\/wp-json\/wp\/v2\/product\/5115","targetHints":{"allow":["GET"]}}],"collection":[{"href":"https:\/\/www.valaz.es\/en\/wp-json\/wp\/v2\/product"}],"about":[{"href":"https:\/\/www.valaz.es\/en\/wp-json\/wp\/v2\/types\/product"}],"wp:featuredmedia":[{"embeddable":true,"href":"https:\/\/www.valaz.es\/en\/wp-json\/wp\/v2\/media\/13639"}],"wp:attachment":[{"href":"https:\/\/www.valaz.es\/en\/wp-json\/wp\/v2\/media?parent=5115"}],"wp:term":[{"taxonomy":"product_brand","embeddable":true,"href":"https:\/\/www.valaz.es\/en\/wp-json\/wp\/v2\/product_brand?post=5115"},{"taxonomy":"product_cat","embeddable":true,"href":"https:\/\/www.valaz.es\/en\/wp-json\/wp\/v2\/product_cat?post=5115"},{"taxonomy":"product_tag","embeddable":true,"href":"https:\/\/www.valaz.es\/en\/wp-json\/wp\/v2\/product_tag?post=5115"},{"taxonomy":"serie","embeddable":true,"href":"https:\/\/www.valaz.es\/en\/wp-json\/wp\/v2\/serie?post=5115"},{"taxonomy":"manual-de-instalacion","embeddable":true,"href":"https:\/\/www.valaz.es\/en\/wp-json\/wp\/v2\/manual-de-instalacion?post=5115"},{"taxonomy":"color","embeddable":true,"href":"https:\/\/www.valaz.es\/en\/wp-json\/wp\/v2\/color?post=5115"}],"curies":[{"name":"wp","href":"https:\/\/api.w.org\/{rel}","templated":true}]}}