{"id":5110,"date":"2023-05-25T13:18:36","date_gmt":"2023-05-25T11:18:36","guid":{"rendered":"https:\/\/www.valaz.es\/?post_type=product&#038;p=5110"},"modified":"2026-01-09T00:54:34","modified_gmt":"2026-01-08T23:54:34","slug":"cuerpo-empotrado-monomando-cuadrado-dos-vias-negro-mate","status":"publish","type":"product","link":"https:\/\/www.valaz.es\/en\/product\/cuerpo-empotrado-monomando-cuadrado-dos-vias-negro-mate\/","title":{"rendered":"Cuerpo empotrado monomando cuadrado dos v\u00edas negro mate"},"content":{"rendered":"<p class=\"\" data-start=\"61\" data-end=\"391\">Este cuerpo empotrado monomando cuadrado de dos v\u00edas con acabado negro mate es una opci\u00f3n ideal para quienes buscan un dise\u00f1o moderno y elegante en su ba\u00f1o. El acabado negro mate aporta un toque sofisticado y elegante, mientras que el sistema monomando facilita un control intuitivo y preciso del caudal y la temperatura del agua.<\/p>\n<p class=\"\" data-start=\"393\" data-end=\"413\"><strong data-start=\"393\" data-end=\"413\">Especificaciones<\/strong><\/p>\n<ul data-start=\"414\" data-end=\"992\">\n<li class=\"\" data-start=\"414\" data-end=\"452\">\n<p class=\"\" data-start=\"416\" data-end=\"452\"><strong data-start=\"416\" data-end=\"424\">Tipo<\/strong>: Cuerpo empotrado monomando<\/p>\n<\/li>\n<li class=\"\" data-start=\"453\" data-end=\"552\">\n<p class=\"\" data-start=\"455\" data-end=\"552\"><strong data-start=\"455\" data-end=\"473\">N\u00famero de v\u00edas<\/strong>: 2 (permite elegir entre dos salidas, como el rociador y la alcachofa de mano)<\/p>\n<\/li>\n<li class=\"\" data-start=\"553\" data-end=\"630\">\n<p class=\"\" data-start=\"555\" data-end=\"630\"><strong data-start=\"555\" data-end=\"566\">Acabado<\/strong>: Negro mate, que proporciona un estilo contempor\u00e1neo y elegante<\/p>\n<\/li>\n<li class=\"\" data-start=\"631\" data-end=\"691\">\n<p class=\"\" data-start=\"633\" data-end=\"691\"><strong data-start=\"633\" data-end=\"645\">Material<\/strong>: Lat\u00f3n de alta calidad, resistente y duradero<\/p>\n<\/li>\n<li class=\"\" data-start=\"692\" data-end=\"780\">\n<p class=\"\" data-start=\"694\" data-end=\"780\"><strong data-start=\"694\" data-end=\"716\">Cartucho monomando<\/strong>: Control preciso y f\u00e1cil de la temperatura y el caudal del agua<\/p>\n<\/li>\n<li class=\"\" data-start=\"781\" data-end=\"862\">\n<p class=\"\" data-start=\"783\" data-end=\"862\"><strong data-start=\"783\" data-end=\"798\">Instalaci\u00f3n<\/strong>: Empotrado, adecuado para instalaciones modernas y minimalistas<\/p>\n<\/li>\n<li class=\"\" data-start=\"863\" data-end=\"992\">\n<p class=\"\" data-start=\"865\" data-end=\"992\"><strong data-start=\"865\" data-end=\"896\">Caracter\u00edsticas adicionales<\/strong>: Resistente a la corrosi\u00f3n y al desgaste, f\u00e1cil de mantener, con un dise\u00f1o limpio y minimalista<\/p>\n<\/li>\n<\/ul>\n","protected":false},"excerpt":{"rendered":"<p>Este cuerpo empotrado monomando cuadrado de dos v\u00edas con acabado  [&#8230;]<\/p>\n","protected":false},"featured_media":13631,"template":"","meta":[],"product_brand":[],"product_cat":[390],"product_tag":[],"serie":[],"manual-de-instalacion":[],"color":[27],"class_list":{"0":"post-5110","1":"product","2":"type-product","3":"status-publish","4":"has-post-thumbnail","6":"product_cat-elementos-de-ducha","7":"color-negro-mate","9":"first","10":"instock","11":"taxable","12":"shipping-taxable","13":"product-type-simple"},"_links":{"self":[{"href":"https:\/\/www.valaz.es\/en\/wp-json\/wp\/v2\/product\/5110","targetHints":{"allow":["GET"]}}],"collection":[{"href":"https:\/\/www.valaz.es\/en\/wp-json\/wp\/v2\/product"}],"about":[{"href":"https:\/\/www.valaz.es\/en\/wp-json\/wp\/v2\/types\/product"}],"wp:featuredmedia":[{"embeddable":true,"href":"https:\/\/www.valaz.es\/en\/wp-json\/wp\/v2\/media\/13631"}],"wp:attachment":[{"href":"https:\/\/www.valaz.es\/en\/wp-json\/wp\/v2\/media?parent=5110"}],"wp:term":[{"taxonomy":"product_brand","embeddable":true,"href":"https:\/\/www.valaz.es\/en\/wp-json\/wp\/v2\/product_brand?post=5110"},{"taxonomy":"product_cat","embeddable":true,"href":"https:\/\/www.valaz.es\/en\/wp-json\/wp\/v2\/product_cat?post=5110"},{"taxonomy":"product_tag","embeddable":true,"href":"https:\/\/www.valaz.es\/en\/wp-json\/wp\/v2\/product_tag?post=5110"},{"taxonomy":"serie","embeddable":true,"href":"https:\/\/www.valaz.es\/en\/wp-json\/wp\/v2\/serie?post=5110"},{"taxonomy":"manual-de-instalacion","embeddable":true,"href":"https:\/\/www.valaz.es\/en\/wp-json\/wp\/v2\/manual-de-instalacion?post=5110"},{"taxonomy":"color","embeddable":true,"href":"https:\/\/www.valaz.es\/en\/wp-json\/wp\/v2\/color?post=5110"}],"curies":[{"name":"wp","href":"https:\/\/api.w.org\/{rel}","templated":true}]}}