{"id":5109,"date":"2023-05-25T13:16:01","date_gmt":"2023-05-25T11:16:01","guid":{"rendered":"https:\/\/www.valaz.es\/?post_type=product&#038;p=5109"},"modified":"2026-01-09T00:54:34","modified_gmt":"2026-01-08T23:54:34","slug":"cuerpo-empotrado-monomando-cuadrado-dos-vias-cromado","status":"publish","type":"product","link":"https:\/\/www.valaz.es\/en\/product\/cuerpo-empotrado-monomando-cuadrado-dos-vias-cromado\/","title":{"rendered":"Cuerpo empotrado monomando cuadrado dos v\u00edas cromado"},"content":{"rendered":"<p class=\"\" data-start=\"58\" data-end=\"385\">Este cuerpo empotrado monomando cuadrado de dos v\u00edas con acabado cromado ofrece un dise\u00f1o limpio y moderno, ideal para ba\u00f1os de estilo contempor\u00e1neo. El acabado cromado no solo proporciona un brillo elegante, sino que tambi\u00e9n es resistente a la corrosi\u00f3n, asegurando su durabilidad y f\u00e1cil mantenimiento a lo largo del tiempo.<\/p>\n<p class=\"\" data-start=\"387\" data-end=\"407\"><strong data-start=\"387\" data-end=\"407\">Especificaciones<\/strong><\/p>\n<ul data-start=\"408\" data-end=\"1013\">\n<li class=\"\" data-start=\"408\" data-end=\"446\">\n<p class=\"\" data-start=\"410\" data-end=\"446\"><strong data-start=\"410\" data-end=\"418\">Tipo<\/strong>: Cuerpo empotrado monomando<\/p>\n<\/li>\n<li class=\"\" data-start=\"447\" data-end=\"551\">\n<p class=\"\" data-start=\"449\" data-end=\"551\"><strong data-start=\"449\" data-end=\"467\">N\u00famero de v\u00edas<\/strong>: 2 (permite controlar dos salidas de agua, como el rociador y la alcachofa de mano)<\/p>\n<\/li>\n<li class=\"\" data-start=\"552\" data-end=\"628\">\n<p class=\"\" data-start=\"554\" data-end=\"628\"><strong data-start=\"554\" data-end=\"565\">Acabado<\/strong>: Cromado, que aporta un brillo elegante y facilita la limpieza<\/p>\n<\/li>\n<li class=\"\" data-start=\"629\" data-end=\"706\">\n<p class=\"\" data-start=\"631\" data-end=\"706\"><strong data-start=\"631\" data-end=\"643\">Material<\/strong>: Lat\u00f3n de alta calidad, garantizando resistencia y durabilidad<\/p>\n<\/li>\n<li class=\"\" data-start=\"707\" data-end=\"808\">\n<p class=\"\" data-start=\"709\" data-end=\"808\"><strong data-start=\"709\" data-end=\"731\">Cartucho monomando<\/strong>: Proporciona un control preciso y suave del caudal y la temperatura del agua<\/p>\n<\/li>\n<li class=\"\" data-start=\"809\" data-end=\"887\">\n<p class=\"\" data-start=\"811\" data-end=\"887\"><strong data-start=\"811\" data-end=\"826\">Instalaci\u00f3n<\/strong>: Empotrado, ideal para una instalaci\u00f3n moderna y minimalista<\/p>\n<\/li>\n<li class=\"\" data-start=\"888\" data-end=\"1013\">\n<p class=\"\" data-start=\"890\" data-end=\"1013\"><strong data-start=\"890\" data-end=\"921\">Caracter\u00edsticas adicionales<\/strong>: Resistente a la corrosi\u00f3n y al desgaste, f\u00e1cil de mantener, dise\u00f1o sofisticado y funcional<\/p>\n<\/li>\n<\/ul>\n","protected":false},"excerpt":{"rendered":"<p>Este cuerpo empotrado monomando cuadrado de dos v\u00edas con acabado  [&#8230;]<\/p>\n","protected":false},"featured_media":13619,"template":"","meta":[],"product_brand":[],"product_cat":[390],"product_tag":[],"serie":[],"manual-de-instalacion":[],"color":[26],"class_list":{"0":"post-5109","1":"product","2":"type-product","3":"status-publish","4":"has-post-thumbnail","6":"product_cat-elementos-de-ducha","7":"color-cromo","9":"first","10":"instock","11":"taxable","12":"shipping-taxable","13":"product-type-simple"},"_links":{"self":[{"href":"https:\/\/www.valaz.es\/en\/wp-json\/wp\/v2\/product\/5109","targetHints":{"allow":["GET"]}}],"collection":[{"href":"https:\/\/www.valaz.es\/en\/wp-json\/wp\/v2\/product"}],"about":[{"href":"https:\/\/www.valaz.es\/en\/wp-json\/wp\/v2\/types\/product"}],"wp:featuredmedia":[{"embeddable":true,"href":"https:\/\/www.valaz.es\/en\/wp-json\/wp\/v2\/media\/13619"}],"wp:attachment":[{"href":"https:\/\/www.valaz.es\/en\/wp-json\/wp\/v2\/media?parent=5109"}],"wp:term":[{"taxonomy":"product_brand","embeddable":true,"href":"https:\/\/www.valaz.es\/en\/wp-json\/wp\/v2\/product_brand?post=5109"},{"taxonomy":"product_cat","embeddable":true,"href":"https:\/\/www.valaz.es\/en\/wp-json\/wp\/v2\/product_cat?post=5109"},{"taxonomy":"product_tag","embeddable":true,"href":"https:\/\/www.valaz.es\/en\/wp-json\/wp\/v2\/product_tag?post=5109"},{"taxonomy":"serie","embeddable":true,"href":"https:\/\/www.valaz.es\/en\/wp-json\/wp\/v2\/serie?post=5109"},{"taxonomy":"manual-de-instalacion","embeddable":true,"href":"https:\/\/www.valaz.es\/en\/wp-json\/wp\/v2\/manual-de-instalacion?post=5109"},{"taxonomy":"color","embeddable":true,"href":"https:\/\/www.valaz.es\/en\/wp-json\/wp\/v2\/color?post=5109"}],"curies":[{"name":"wp","href":"https:\/\/api.w.org\/{rel}","templated":true}]}}