{"id":487,"date":"2022-11-09T13:31:49","date_gmt":"2022-11-09T12:31:49","guid":{"rendered":"https:\/\/www.valaz.es\/?post_type=product&#038;p=487"},"modified":"2025-04-23T09:06:36","modified_gmt":"2025-04-23T07:06:36","slug":"grifo-de-banera-exenta-empotrado-redondo-monomando-dorado-cepillado-serie-jucar","status":"publish","type":"product","link":"https:\/\/www.valaz.es\/en\/product\/grifo-de-banera-exenta-empotrado-redondo-monomando-dorado-cepillado-serie-jucar\/","title":{"rendered":"Grifo de ba\u00f1era exenta empotrado redondo monomando dorado cepillado &#8211; Serie Jucar"},"content":{"rendered":"<p class=\"\" data-start=\"87\" data-end=\"502\">Este elegante grifo de ba\u00f1era empotrado de la serie Jucar combina funcionalidad y un sofisticado dise\u00f1o. Con un acabado dorado cepillado, este grifo redondo monomando es la elecci\u00f3n ideal para quienes buscan una pieza de lujo para su ba\u00f1o. Su instalaci\u00f3n empotrada y sus l\u00edneas modernas lo hacen destacar, mientras que su monomando permite un control preciso de la temperatura y el caudal de agua.<\/p>\n<p class=\"\" data-start=\"504\" data-end=\"526\"><strong data-start=\"504\" data-end=\"524\">Especificaciones<\/strong><\/p>\n<ul data-start=\"527\" data-end=\"701\">\n<li class=\"\" data-start=\"527\" data-end=\"586\">\n<p class=\"\" data-start=\"529\" data-end=\"586\"><strong data-start=\"529\" data-end=\"547\">Tipo de grifo:<\/strong> Monomando de ba\u00f1era exenta empotrado<\/p>\n<\/li>\n<li class=\"\" data-start=\"587\" data-end=\"610\">\n<p class=\"\" data-start=\"589\" data-end=\"610\"><strong data-start=\"589\" data-end=\"602\">Material:<\/strong> Lat\u00f3n<\/p>\n<\/li>\n<li class=\"\" data-start=\"611\" data-end=\"667\">\n<p class=\"\" data-start=\"613\" data-end=\"627\"><strong data-start=\"613\" data-end=\"625\">Medidas:<\/strong><\/p>\n<ul data-start=\"630\" data-end=\"667\">\n<li class=\"\" data-start=\"630\" data-end=\"648\">\n<p class=\"\" data-start=\"632\" data-end=\"648\">Altura: 115 cm<\/p>\n<\/li>\n<li class=\"\" data-start=\"651\" data-end=\"667\">\n<p class=\"\" data-start=\"653\" data-end=\"667\">Base: 2.5 cm<\/p>\n<\/li>\n<\/ul>\n<\/li>\n<li class=\"\" data-start=\"668\" data-end=\"701\">\n<p class=\"\" data-start=\"670\" data-end=\"701\"><strong data-start=\"670\" data-end=\"682\">Acabado:<\/strong> Dorado cepillado<\/p>\n<\/li>\n<\/ul>\n","protected":false},"excerpt":{"rendered":"<p>Serie J\u00facar con l\u00ednea curvas y redondas aporta confort, elegancia y bienestar, perfecta para todo tipo de ba\u00f1os. Actualmente disponemos diferentes acabados cromados, acero cepillado, dorado cepilladlo, dorado envejecido, negro mate, blanco. Es una de nuestras series m\u00e1s completa, ya que tenemos una gran variedad Ducha empotrada donde puedes a\u00f1adir ca\u00f1o para el ba\u00f1o, grifo empotrado de lavabo, grifo de bid\u00e9, grifo t\u00f3tem empotrado de ba\u00f1era exenta. Todos nuestros modelos de grifer\u00eda empotrada incluyen la caja box con cartucho monomando y selector, soporte ducha, flexo y alcachofa de mano junto con el rociador.<\/p>\n<p>La garant\u00eda de todos nuestros productos es de 3 a\u00f1os, para funcionamiento, duraci\u00f3n del esmaltado y anticorrosi\u00f3n.<\/p>\n<p>Recomendamos para un correcto mantenimiento de la grifer\u00eda y evitar el deterioro por el uso. Secar las gotas de agua con un pa\u00f1o suave despu\u00e9s del uso, evitando que se posen en la superficie y deterioran el acabado, no utilizar esponjas que puedan rayar la grifer\u00eda, utilizar limpiadores como vinagre limpieza, agua caliente y jab\u00f3n con ph neutro.<\/p>\n<p>&nbsp;<\/p>\n<p><strong>Nuestro departamento\u00a0t\u00e9cnico\u00a0dispone de\u00a0gu\u00edas\u00a0de todos los\u00a0modelos\u00a0empotrados\u00a0que vendemos<\/strong><strong>,\u00a0si tiene alguna duda con la\u00a0instalaci\u00f3n\u00a0contacte con nosotros mediante\u00a0tel\u00e9fono,\u00a0WhatsApp\u00a0o email dentro del horario laboral indicado en la web.<\/strong><\/p>\n<p><strong>Recuerden que una vez instalado el cuerpo\u00a0empotrado\u00a0de la\u00a0grifer\u00eda\u00a0revisar de su correcto funcionamiento de paso de agua, comprobaci\u00f3n de cartuchos y corte de agua, si detecta alguna\u00a0anomal\u00eda\u00a0informe a nuestro\u00a0departamento\u00a0para darle una\u00a0soluci\u00f3n, no\u00a0contin\u00fae\u00a0con la\u00a0instalaci\u00f3n\u00a0de cerramiento de la pared.<\/strong><\/p>\n","protected":false},"featured_media":488,"template":"","meta":[],"product_brand":[],"product_cat":[60,49],"product_tag":[],"serie":[56],"manual-de-instalacion":[84],"color":[34],"class_list":{"0":"post-487","1":"product","2":"type-product","3":"status-publish","4":"has-post-thumbnail","6":"product_cat-griferia-de-banera","7":"product_cat-grifos-de-banera-exenta","8":"serie-jucar","9":"manual-de-instalacion-guia-instalacion-grifo-exenta","10":"color-dorado-cepillado","12":"first","13":"instock","14":"taxable","15":"shipping-taxable","16":"product-type-simple"},"_links":{"self":[{"href":"https:\/\/www.valaz.es\/en\/wp-json\/wp\/v2\/product\/487","targetHints":{"allow":["GET"]}}],"collection":[{"href":"https:\/\/www.valaz.es\/en\/wp-json\/wp\/v2\/product"}],"about":[{"href":"https:\/\/www.valaz.es\/en\/wp-json\/wp\/v2\/types\/product"}],"wp:featuredmedia":[{"embeddable":true,"href":"https:\/\/www.valaz.es\/en\/wp-json\/wp\/v2\/media\/488"}],"wp:attachment":[{"href":"https:\/\/www.valaz.es\/en\/wp-json\/wp\/v2\/media?parent=487"}],"wp:term":[{"taxonomy":"product_brand","embeddable":true,"href":"https:\/\/www.valaz.es\/en\/wp-json\/wp\/v2\/product_brand?post=487"},{"taxonomy":"product_cat","embeddable":true,"href":"https:\/\/www.valaz.es\/en\/wp-json\/wp\/v2\/product_cat?post=487"},{"taxonomy":"product_tag","embeddable":true,"href":"https:\/\/www.valaz.es\/en\/wp-json\/wp\/v2\/product_tag?post=487"},{"taxonomy":"serie","embeddable":true,"href":"https:\/\/www.valaz.es\/en\/wp-json\/wp\/v2\/serie?post=487"},{"taxonomy":"manual-de-instalacion","embeddable":true,"href":"https:\/\/www.valaz.es\/en\/wp-json\/wp\/v2\/manual-de-instalacion?post=487"},{"taxonomy":"color","embeddable":true,"href":"https:\/\/www.valaz.es\/en\/wp-json\/wp\/v2\/color?post=487"}],"curies":[{"name":"wp","href":"https:\/\/api.w.org\/{rel}","templated":true}]}}