{"id":4853,"date":"2023-05-24T13:02:11","date_gmt":"2023-05-24T11:02:11","guid":{"rendered":"https:\/\/www.valaz.es\/?post_type=product&#038;p=4853"},"modified":"2025-04-09T10:51:20","modified_gmt":"2025-04-09T08:51:20","slug":"flexo-150cm-acero-inox-cromo","status":"publish","type":"product","link":"https:\/\/www.valaz.es\/en\/product\/flexo-150cm-acero-inox-cromo\/","title":{"rendered":"Flexo 150cm acero inox cromo"},"content":{"rendered":"<p class=\"\" data-start=\"34\" data-end=\"332\">Este flexo de 150 cm fabricado en acero inoxidable con acabado cromado es una opci\u00f3n robusta, duradera y elegante para tu sistema de ducha o ba\u00f1era. El acero inoxidable asegura una gran resistencia al desgaste y la corrosi\u00f3n, mientras que el acabado cromado le a\u00f1ade un toque moderno y sofisticado.<\/p>\n<p class=\"\" data-start=\"334\" data-end=\"354\"><strong data-start=\"334\" data-end=\"354\">Especificaciones<\/strong><\/p>\n<ul data-start=\"355\" data-end=\"691\">\n<li class=\"\" data-start=\"355\" data-end=\"377\">\n<p class=\"\" data-start=\"357\" data-end=\"377\"><strong data-start=\"357\" data-end=\"369\">Longitud<\/strong>: 150 cm<\/p>\n<\/li>\n<li class=\"\" data-start=\"378\" data-end=\"446\">\n<p class=\"\" data-start=\"380\" data-end=\"446\"><strong data-start=\"380\" data-end=\"392\">Material<\/strong>: Acero inoxidable de alta calidad con acabado cromado<\/p>\n<\/li>\n<li class=\"\" data-start=\"447\" data-end=\"465\">\n<p class=\"\" data-start=\"449\" data-end=\"465\"><strong data-start=\"449\" data-end=\"458\">Color<\/strong>: Cromo<\/p>\n<\/li>\n<li class=\"\" data-start=\"466\" data-end=\"547\">\n<p class=\"\" data-start=\"468\" data-end=\"547\"><strong data-start=\"468\" data-end=\"486\">Compatibilidad<\/strong>: Compatible con la mayor\u00eda de los sistemas de ducha y ba\u00f1era<\/p>\n<\/li>\n<li class=\"\" data-start=\"548\" data-end=\"618\">\n<p class=\"\" data-start=\"550\" data-end=\"618\"><strong data-start=\"550\" data-end=\"565\">Resistencia<\/strong>: Alta resistencia a la presi\u00f3n, corrosi\u00f3n y desgaste<\/p>\n<\/li>\n<li class=\"\" data-start=\"619\" data-end=\"691\">\n<p class=\"\" data-start=\"621\" data-end=\"691\"><strong data-start=\"621\" data-end=\"637\">Flexibilidad<\/strong>: Dise\u00f1o flexible que permite un uso c\u00f3modo y pr\u00e1ctico<\/p>\n<\/li>\n<\/ul>\n","protected":false},"excerpt":{"rendered":"<p>Este flexo de 150 cm fabricado en acero inoxidable con  [&#8230;]<\/p>\n","protected":false},"featured_media":11616,"template":"","meta":[],"product_brand":[],"product_cat":[390],"product_tag":[],"serie":[],"manual-de-instalacion":[],"color":[26],"class_list":{"0":"post-4853","1":"product","2":"type-product","3":"status-publish","4":"has-post-thumbnail","6":"product_cat-elementos-de-ducha","7":"color-cromo","9":"first","10":"instock","11":"taxable","12":"shipping-taxable","13":"product-type-simple"},"_links":{"self":[{"href":"https:\/\/www.valaz.es\/en\/wp-json\/wp\/v2\/product\/4853","targetHints":{"allow":["GET"]}}],"collection":[{"href":"https:\/\/www.valaz.es\/en\/wp-json\/wp\/v2\/product"}],"about":[{"href":"https:\/\/www.valaz.es\/en\/wp-json\/wp\/v2\/types\/product"}],"wp:featuredmedia":[{"embeddable":true,"href":"https:\/\/www.valaz.es\/en\/wp-json\/wp\/v2\/media\/11616"}],"wp:attachment":[{"href":"https:\/\/www.valaz.es\/en\/wp-json\/wp\/v2\/media?parent=4853"}],"wp:term":[{"taxonomy":"product_brand","embeddable":true,"href":"https:\/\/www.valaz.es\/en\/wp-json\/wp\/v2\/product_brand?post=4853"},{"taxonomy":"product_cat","embeddable":true,"href":"https:\/\/www.valaz.es\/en\/wp-json\/wp\/v2\/product_cat?post=4853"},{"taxonomy":"product_tag","embeddable":true,"href":"https:\/\/www.valaz.es\/en\/wp-json\/wp\/v2\/product_tag?post=4853"},{"taxonomy":"serie","embeddable":true,"href":"https:\/\/www.valaz.es\/en\/wp-json\/wp\/v2\/serie?post=4853"},{"taxonomy":"manual-de-instalacion","embeddable":true,"href":"https:\/\/www.valaz.es\/en\/wp-json\/wp\/v2\/manual-de-instalacion?post=4853"},{"taxonomy":"color","embeddable":true,"href":"https:\/\/www.valaz.es\/en\/wp-json\/wp\/v2\/color?post=4853"}],"curies":[{"name":"wp","href":"https:\/\/api.w.org\/{rel}","templated":true}]}}