{"id":4416,"date":"2023-03-15T13:20:24","date_gmt":"2023-03-15T12:20:24","guid":{"rendered":"https:\/\/www.valaz.es\/?post_type=product&#038;p=4416"},"modified":"2026-04-07T13:40:15","modified_gmt":"2026-04-07T11:40:15","slug":"percha-de-bano-redonda-en-dorado-cepillado","status":"publish","type":"product","link":"https:\/\/www.valaz.es\/en\/product\/percha-de-bano-redonda-en-dorado-cepillado\/","title":{"rendered":"Percha de ba\u00f1o redonda en dorado cepillado"},"content":{"rendered":"<p class=\"\" data-start=\"122\" data-end=\"357\">A\u00f1ade un toque de sofisticaci\u00f3n a tu ba\u00f1o con esta percha redonda en dorado cepillado. Su acabado elegante y su dise\u00f1o compacto la convierten en el complemento ideal para mantener tus prendas o toallas siempre a mano.<\/p>\n<p class=\"\" data-start=\"359\" data-end=\"381\"><strong data-start=\"359\" data-end=\"379\">Especificaciones<\/strong><\/p>\n<ul data-start=\"382\" data-end=\"551\">\n<li class=\"\" data-start=\"382\" data-end=\"406\">\n<p class=\"\" data-start=\"384\" data-end=\"406\">Tipo: percha de ba\u00f1o<\/p>\n<\/li>\n<li class=\"\" data-start=\"407\" data-end=\"426\">\n<p class=\"\" data-start=\"409\" data-end=\"426\">Dise\u00f1o: redondo<\/p>\n<\/li>\n<li class=\"\" data-start=\"427\" data-end=\"464\">\n<p class=\"\" data-start=\"429\" data-end=\"464\">Material: acero inoxidable SUS304<\/p>\n<\/li>\n<li class=\"\" data-start=\"465\" data-end=\"494\">\n<p class=\"\" data-start=\"467\" data-end=\"494\">Acabado: dorado cepillado<\/p>\n<\/li>\n<li class=\"\" data-start=\"495\" data-end=\"551\">\n<p class=\"\" data-start=\"497\" data-end=\"551\">Instalaci\u00f3n: fijaci\u00f3n a pared con torniller\u00eda incluida<\/p>\n<\/li>\n<\/ul>\n","protected":false},"excerpt":{"rendered":"<p>A\u00f1ade un toque de sofisticaci\u00f3n a tu ba\u00f1o con esta  [&#8230;]<\/p>\n","protected":false},"featured_media":4403,"template":"","meta":[],"product_brand":[],"product_cat":[388],"product_tag":[],"serie":[],"manual-de-instalacion":[],"color":[34],"class_list":{"0":"post-4416","1":"product","2":"type-product","3":"status-publish","4":"has-post-thumbnail","6":"product_cat-accesorios-2","7":"color-dorado-cepillado","9":"first","10":"instock","11":"taxable","12":"shipping-taxable","13":"product-type-simple"},"_links":{"self":[{"href":"https:\/\/www.valaz.es\/en\/wp-json\/wp\/v2\/product\/4416","targetHints":{"allow":["GET"]}}],"collection":[{"href":"https:\/\/www.valaz.es\/en\/wp-json\/wp\/v2\/product"}],"about":[{"href":"https:\/\/www.valaz.es\/en\/wp-json\/wp\/v2\/types\/product"}],"wp:featuredmedia":[{"embeddable":true,"href":"https:\/\/www.valaz.es\/en\/wp-json\/wp\/v2\/media\/4403"}],"wp:attachment":[{"href":"https:\/\/www.valaz.es\/en\/wp-json\/wp\/v2\/media?parent=4416"}],"wp:term":[{"taxonomy":"product_brand","embeddable":true,"href":"https:\/\/www.valaz.es\/en\/wp-json\/wp\/v2\/product_brand?post=4416"},{"taxonomy":"product_cat","embeddable":true,"href":"https:\/\/www.valaz.es\/en\/wp-json\/wp\/v2\/product_cat?post=4416"},{"taxonomy":"product_tag","embeddable":true,"href":"https:\/\/www.valaz.es\/en\/wp-json\/wp\/v2\/product_tag?post=4416"},{"taxonomy":"serie","embeddable":true,"href":"https:\/\/www.valaz.es\/en\/wp-json\/wp\/v2\/serie?post=4416"},{"taxonomy":"manual-de-instalacion","embeddable":true,"href":"https:\/\/www.valaz.es\/en\/wp-json\/wp\/v2\/manual-de-instalacion?post=4416"},{"taxonomy":"color","embeddable":true,"href":"https:\/\/www.valaz.es\/en\/wp-json\/wp\/v2\/color?post=4416"}],"curies":[{"name":"wp","href":"https:\/\/api.w.org\/{rel}","templated":true}]}}