{"id":4324,"date":"2023-03-09T13:38:03","date_gmt":"2023-03-09T12:38:03","guid":{"rendered":"https:\/\/www.valaz.es\/?post_type=product&#038;p=4324"},"modified":"2026-02-06T14:53:22","modified_gmt":"2026-02-06T13:53:22","slug":"grifo-lavabo-empotrado-redondo-monomando-dorado-envejecido-con-cano-de-26cm-serie-guadiana","status":"publish","type":"product","link":"https:\/\/www.valaz.es\/en\/product\/grifo-lavabo-empotrado-redondo-monomando-dorado-envejecido-con-cano-de-26cm-serie-guadiana\/","title":{"rendered":"Grifo lavabo empotrado redondo monomando dorado envejecido con ca\u00f1o de 26cm &#8211; Serie Guadiana"},"content":{"rendered":"<p class=\"\" data-start=\"184\" data-end=\"463\">Este grifo de lavabo empotrado combina un dise\u00f1o atemporal con el encanto del acabado dorado envejecido. Su estructura redonda y ca\u00f1o de 26 cm aportan una presencia elegante y funcional, ideal para lavabos de encimera o picas de ba\u00f1o con estilo retro o cl\u00e1sico.<\/p>\n<p class=\"\" data-start=\"465\" data-end=\"487\"><strong data-start=\"465\" data-end=\"485\">Especificaciones<\/strong><\/p>\n<ul data-start=\"488\" data-end=\"718\">\n<li class=\"\" data-start=\"488\" data-end=\"526\">\n<p class=\"\" data-start=\"490\" data-end=\"526\">Tipo de grifo: empotrado monomando<\/p>\n<\/li>\n<li class=\"\" data-start=\"527\" data-end=\"557\">\n<p class=\"\" data-start=\"529\" data-end=\"557\">Acabado: dorado envejecido<\/p>\n<\/li>\n<li class=\"\" data-start=\"558\" data-end=\"577\">\n<p class=\"\" data-start=\"560\" data-end=\"577\">Material: lat\u00f3n<\/p>\n<\/li>\n<li class=\"\" data-start=\"578\" data-end=\"618\">\n<p class=\"\" data-start=\"580\" data-end=\"618\">Cartucho: cer\u00e1mico de alta precisi\u00f3n<\/p>\n<\/li>\n<li class=\"\" data-start=\"619\" data-end=\"652\">\n<p class=\"\" data-start=\"621\" data-end=\"652\">Ca\u00f1o: fijo, 26 cm de longitud<\/p>\n<\/li>\n<li class=\"\" data-start=\"653\" data-end=\"682\">\n<p class=\"\" data-start=\"655\" data-end=\"682\">Mando: redondo, monomando<\/p>\n<\/li>\n<li class=\"\" data-start=\"683\" data-end=\"718\">\n<p class=\"\" data-start=\"685\" data-end=\"718\">Instalaci\u00f3n: empotrada en pared<\/p>\n<\/li>\n<\/ul>\n","protected":false},"excerpt":{"rendered":"<p>Serie Guadiana con l\u00edneas curvas y redondas, destacada por su sencillez y elegancia, una de nuestras series m\u00e1s minimalista y moderna. Disponemos de ducha empotrada tanto a pared como a techo, grifo de lavabo empotrado, grifo de bid\u00e9 empotrado. Es una de las series m\u00e1s completas en cuanto a productos con la mejor relaci\u00f3n calidad precio y unos acabados en cromado, dorado cepillado, negro mate, acero cepillado, Gun metal, dorado envejecido, blanco.<\/p>\n<p>La garant\u00eda de todos nuestros productos es de 3 a\u00f1os, para funcionamiento, duraci\u00f3n del esmaltado y anticorrosi\u00f3n.<\/p>\n<p>Recomendamos para un correcto mantenimiento de la grifer\u00eda y evitar el deterioro por el uso. Secar las gotas de agua con un pa\u00f1o suave despu\u00e9s del uso, evitando que se posen en la superficie y deterioran el acabado, no utilizar esponjas que puedan rayar la grifer\u00eda, utilizar limpiadores como vinagre limpieza, agua caliente y jab\u00f3n con pH neutro.<\/p>\n<p>&nbsp;<\/p>\n<p><strong>Nuestro departamento\u00a0t\u00e9cnico\u00a0dispone de\u00a0gu\u00edas\u00a0de todos los\u00a0modelos\u00a0empotrados\u00a0que vendemos<\/strong><strong>,\u00a0si tiene alguna duda con la\u00a0instalaci\u00f3n\u00a0contacte con nosotros mediante\u00a0tel\u00e9fono,\u00a0WhatsApp\u00a0o email dentro del horario laboral indicado en la web.<\/strong><\/p>\n<p><strong>Recuerden que una vez instalado el cuerpo\u00a0empotrado\u00a0de la\u00a0grifer\u00eda\u00a0revisar de su correcto funcionamiento de paso de agua, comprobaci\u00f3n de cartuchos y corte de agua, si detecta alguna\u00a0anomal\u00eda\u00a0informe a nuestro\u00a0departamento\u00a0para darle una\u00a0soluci\u00f3n, no\u00a0contin\u00fae\u00a0con la\u00a0instalaci\u00f3n\u00a0de cerramiento de la pared.<\/strong><\/p>\n","protected":false},"featured_media":10688,"template":"","meta":[],"product_brand":[],"product_cat":[48,58],"product_tag":[],"serie":[63],"manual-de-instalacion":[81],"color":[29],"class_list":{"0":"post-4324","1":"product","2":"type-product","3":"status-publish","4":"has-post-thumbnail","6":"product_cat-grifos-de-lavabo","7":"product_cat-grifos-de-lavabo-empotrados","8":"serie-guadiana","9":"manual-de-instalacion-guia-instalacion-grifo-lavabo-empotrado-sin-caja","10":"color-dorado-envejecido","12":"first","13":"instock","14":"taxable","15":"shipping-taxable","16":"product-type-simple"},"_links":{"self":[{"href":"https:\/\/www.valaz.es\/en\/wp-json\/wp\/v2\/product\/4324","targetHints":{"allow":["GET"]}}],"collection":[{"href":"https:\/\/www.valaz.es\/en\/wp-json\/wp\/v2\/product"}],"about":[{"href":"https:\/\/www.valaz.es\/en\/wp-json\/wp\/v2\/types\/product"}],"wp:featuredmedia":[{"embeddable":true,"href":"https:\/\/www.valaz.es\/en\/wp-json\/wp\/v2\/media\/10688"}],"wp:attachment":[{"href":"https:\/\/www.valaz.es\/en\/wp-json\/wp\/v2\/media?parent=4324"}],"wp:term":[{"taxonomy":"product_brand","embeddable":true,"href":"https:\/\/www.valaz.es\/en\/wp-json\/wp\/v2\/product_brand?post=4324"},{"taxonomy":"product_cat","embeddable":true,"href":"https:\/\/www.valaz.es\/en\/wp-json\/wp\/v2\/product_cat?post=4324"},{"taxonomy":"product_tag","embeddable":true,"href":"https:\/\/www.valaz.es\/en\/wp-json\/wp\/v2\/product_tag?post=4324"},{"taxonomy":"serie","embeddable":true,"href":"https:\/\/www.valaz.es\/en\/wp-json\/wp\/v2\/serie?post=4324"},{"taxonomy":"manual-de-instalacion","embeddable":true,"href":"https:\/\/www.valaz.es\/en\/wp-json\/wp\/v2\/manual-de-instalacion?post=4324"},{"taxonomy":"color","embeddable":true,"href":"https:\/\/www.valaz.es\/en\/wp-json\/wp\/v2\/color?post=4324"}],"curies":[{"name":"wp","href":"https:\/\/api.w.org\/{rel}","templated":true}]}}