{"id":4290,"date":"2023-03-09T13:14:57","date_gmt":"2023-03-09T12:14:57","guid":{"rendered":"https:\/\/www.valaz.es\/?post_type=product&#038;p=4290"},"modified":"2026-02-14T17:28:51","modified_gmt":"2026-02-14T16:28:51","slug":"grifo-lavabo-empotrado-redondo-monomando-dorado-envejecido-con-cano-de-15cm-serie-guadiana","status":"publish","type":"product","link":"https:\/\/www.valaz.es\/en\/product\/grifo-lavabo-empotrado-redondo-monomando-dorado-envejecido-con-cano-de-15cm-serie-guadiana\/","title":{"rendered":"Grifo lavabo empotrado redondo monomando dorado envejecido con ca\u00f1o de 15CM &#8211; Serie Guadiana"},"content":{"rendered":"<p class=\"\" data-start=\"147\" data-end=\"422\">Este grifo empotrado de lavabo destaca por su est\u00e9tica cl\u00e1sica en dorado envejecido y su dise\u00f1o redondo, ideal para ba\u00f1os con personalidad. Su ca\u00f1o de 15 cm lo hace perfecto para lavabos m\u00e1s compactos, manteniendo una instalaci\u00f3n limpia y elegante en pared.<\/p>\n<p class=\"\" data-start=\"424\" data-end=\"446\"><strong data-start=\"424\" data-end=\"444\">Especificaciones<\/strong><\/p>\n<ul data-start=\"447\" data-end=\"659\">\n<li class=\"\" data-start=\"447\" data-end=\"485\">\n<p class=\"\" data-start=\"449\" data-end=\"485\">Tipo de grifo: empotrado monomando<\/p>\n<\/li>\n<li class=\"\" data-start=\"486\" data-end=\"516\">\n<p class=\"\" data-start=\"488\" data-end=\"516\">Acabado: dorado envejecido<\/p>\n<\/li>\n<li class=\"\" data-start=\"517\" data-end=\"536\">\n<p class=\"\" data-start=\"519\" data-end=\"536\">Material: lat\u00f3n<\/p>\n<\/li>\n<li class=\"\" data-start=\"537\" data-end=\"559\">\n<p class=\"\" data-start=\"539\" data-end=\"559\">Cartucho: cer\u00e1mico<\/p>\n<\/li>\n<li class=\"\" data-start=\"560\" data-end=\"593\">\n<p class=\"\" data-start=\"562\" data-end=\"593\">Ca\u00f1o: fijo, 15 cm de longitud<\/p>\n<\/li>\n<li class=\"\" data-start=\"594\" data-end=\"623\">\n<p class=\"\" data-start=\"596\" data-end=\"623\">Mando: redondo, monomando<\/p>\n<\/li>\n<li class=\"\" data-start=\"624\" data-end=\"659\">\n<p class=\"\" data-start=\"626\" data-end=\"659\">Instalaci\u00f3n: empotrada en pared<\/p>\n<\/li>\n<\/ul>\n","protected":false},"excerpt":{"rendered":"<p>Serie Guadiana con l\u00edneas curvas y redondas, destacada por su sencillez y elegancia, una de nuestras series m\u00e1s minimalista y moderna. Disponemos de ducha empotrada tanto a pared como a techo, grifo de lavabo empotrado, grifo de bid\u00e9 empotrado. Es una de las series m\u00e1s completas en cuanto a productos con la mejor relaci\u00f3n calidad precio y unos acabados en cromado, dorado cepillado, negro mate, acero cepillado, Gun metal, dorado envejecido, blanco.<\/p>\n<p>La garant\u00eda de todos nuestros productos es de 3 a\u00f1os, para funcionamiento, duraci\u00f3n del esmaltado y anticorrosi\u00f3n.<\/p>\n<p>Recomendamos para un correcto mantenimiento de la grifer\u00eda y evitar el deterioro por el uso. Secar las gotas de agua con un pa\u00f1o suave despu\u00e9s del uso, evitando que se posen en la superficie y deterioran el acabado, no utilizar esponjas que puedan rayar la grifer\u00eda, utilizar limpiadores como vinagre limpieza, agua caliente y jab\u00f3n con pH neutro.<\/p>\n<p>&nbsp;<\/p>\n<p><strong>Nuestro departamento\u00a0t\u00e9cnico\u00a0dispone de\u00a0gu\u00edas\u00a0de todos los\u00a0modelos\u00a0empotrados\u00a0que vendemos<\/strong><strong>,\u00a0si tiene alguna duda con la\u00a0instalaci\u00f3n\u00a0contacte con nosotros mediante\u00a0tel\u00e9fono,\u00a0WhatsApp\u00a0o email dentro del horario laboral indicado en la web.<\/strong><\/p>\n<p><strong>Recuerden que una vez instalado el cuerpo\u00a0empotrado\u00a0de la\u00a0grifer\u00eda\u00a0revisar de su correcto funcionamiento de paso de agua, comprobaci\u00f3n de cartuchos y corte de agua, si detecta alguna\u00a0anomal\u00eda\u00a0informe a nuestro\u00a0departamento\u00a0para darle una\u00a0soluci\u00f3n, no\u00a0contin\u00fae\u00a0con la\u00a0instalaci\u00f3n\u00a0de cerramiento de la pared.<\/strong><\/p>\n","protected":false},"featured_media":10680,"template":"","meta":[],"product_brand":[],"product_cat":[48,58],"product_tag":[],"serie":[63],"manual-de-instalacion":[81],"color":[29],"class_list":{"0":"post-4290","1":"product","2":"type-product","3":"status-publish","4":"has-post-thumbnail","6":"product_cat-grifos-de-lavabo","7":"product_cat-grifos-de-lavabo-empotrados","8":"serie-guadiana","9":"manual-de-instalacion-guia-instalacion-grifo-lavabo-empotrado-sin-caja","10":"color-dorado-envejecido","12":"first","13":"instock","14":"taxable","15":"shipping-taxable","16":"product-type-simple"},"_links":{"self":[{"href":"https:\/\/www.valaz.es\/en\/wp-json\/wp\/v2\/product\/4290","targetHints":{"allow":["GET"]}}],"collection":[{"href":"https:\/\/www.valaz.es\/en\/wp-json\/wp\/v2\/product"}],"about":[{"href":"https:\/\/www.valaz.es\/en\/wp-json\/wp\/v2\/types\/product"}],"wp:featuredmedia":[{"embeddable":true,"href":"https:\/\/www.valaz.es\/en\/wp-json\/wp\/v2\/media\/10680"}],"wp:attachment":[{"href":"https:\/\/www.valaz.es\/en\/wp-json\/wp\/v2\/media?parent=4290"}],"wp:term":[{"taxonomy":"product_brand","embeddable":true,"href":"https:\/\/www.valaz.es\/en\/wp-json\/wp\/v2\/product_brand?post=4290"},{"taxonomy":"product_cat","embeddable":true,"href":"https:\/\/www.valaz.es\/en\/wp-json\/wp\/v2\/product_cat?post=4290"},{"taxonomy":"product_tag","embeddable":true,"href":"https:\/\/www.valaz.es\/en\/wp-json\/wp\/v2\/product_tag?post=4290"},{"taxonomy":"serie","embeddable":true,"href":"https:\/\/www.valaz.es\/en\/wp-json\/wp\/v2\/serie?post=4290"},{"taxonomy":"manual-de-instalacion","embeddable":true,"href":"https:\/\/www.valaz.es\/en\/wp-json\/wp\/v2\/manual-de-instalacion?post=4290"},{"taxonomy":"color","embeddable":true,"href":"https:\/\/www.valaz.es\/en\/wp-json\/wp\/v2\/color?post=4290"}],"curies":[{"name":"wp","href":"https:\/\/api.w.org\/{rel}","templated":true}]}}