{"id":427,"date":"2022-11-09T11:14:33","date_gmt":"2022-11-09T10:14:33","guid":{"rendered":"https:\/\/www.valaz.es\/?post_type=product&#038;p=427"},"modified":"2026-02-11T18:23:09","modified_gmt":"2026-02-11T17:23:09","slug":"ducha-empotrada-termostatica-a-techo-redonda-cromada-serie-jucar","status":"publish","type":"product","link":"https:\/\/www.valaz.es\/en\/product\/ducha-empotrada-termostatica-a-techo-redonda-cromada-serie-jucar\/","title":{"rendered":"Ducha empotrada termost\u00e1tica a techo redonda cromada &#8211; Serie Jucar"},"content":{"rendered":"<p class=\"\" data-start=\"72\" data-end=\"441\">Dise\u00f1ada para aportar funcionalidad y elegancia al ba\u00f1o, esta ducha empotrada termost\u00e1tica con salida a techo proporciona una experiencia de uso confortable gracias a su sistema de 2 v\u00edas. Disfruta del efecto lluvia del rociador superior y de la comodidad adicional de una alcachofa de mano, todo con un acabado cromado que encaja en cualquier estilo.<\/p>\n<p class=\"\" data-start=\"443\" data-end=\"465\"><strong data-start=\"443\" data-end=\"463\">Especificaciones<\/strong><\/p>\n<ul data-start=\"466\" data-end=\"780\">\n<li class=\"\" data-start=\"466\" data-end=\"506\">\n<p class=\"\" data-start=\"468\" data-end=\"506\"><strong data-start=\"468\" data-end=\"486\">Tipo de ducha:<\/strong> Empotrada a techo<\/p>\n<\/li>\n<li class=\"\" data-start=\"507\" data-end=\"563\">\n<p class=\"\" data-start=\"509\" data-end=\"563\"><strong data-start=\"509\" data-end=\"528\">N\u00famero de v\u00edas:<\/strong> 2 (rociador y alcachofa de mano)<\/p>\n<\/li>\n<li class=\"\" data-start=\"564\" data-end=\"646\">\n<p class=\"\" data-start=\"566\" data-end=\"646\"><strong data-start=\"566\" data-end=\"579\">Rociador:<\/strong> Redondo disponible en tama\u00f1os 20, 25 y 30 cm con soporte a techo<\/p>\n<\/li>\n<li class=\"\" data-start=\"647\" data-end=\"686\">\n<p class=\"\" data-start=\"649\" data-end=\"686\"><strong data-start=\"649\" data-end=\"662\">Grifer\u00eda:<\/strong> Termost\u00e1tica de lat\u00f3n<\/p>\n<\/li>\n<li class=\"\" data-start=\"687\" data-end=\"717\">\n<p class=\"\" data-start=\"689\" data-end=\"717\"><strong data-start=\"689\" data-end=\"711\">Alcachofa de mano:<\/strong> PVC<\/p>\n<\/li>\n<li class=\"\" data-start=\"718\" data-end=\"757\">\n<p class=\"\" data-start=\"720\" data-end=\"757\"><strong data-start=\"720\" data-end=\"730\">Flexo:<\/strong> Acero inoxidable, 150 cm<\/p>\n<\/li>\n<li class=\"\" data-start=\"758\" data-end=\"780\">\n<p class=\"\" data-start=\"760\" data-end=\"780\"><strong data-start=\"760\" data-end=\"772\">Acabado:<\/strong> Cromo<\/p>\n<\/li>\n<\/ul>\n","protected":false},"excerpt":{"rendered":"<p>Serie J\u00facar con l\u00ednea curvas y redondas aporta confort, elegancia y bienestar, perfecta para todo tipo de ba\u00f1os. Actualmente disponemos diferentes acabados cromados, acero cepillado, dorado cepilladlo, dorado envejecido, negro mate, blanco. Es una de nuestras series m\u00e1s completa, ya que tenemos una gran variedad Ducha empotrada donde puedes a\u00f1adir ca\u00f1o para el ba\u00f1o, grifo empotrado de lavabo, grifo de bid\u00e9, grifo t\u00f3tem empotrado de ba\u00f1era exenta. Todos nuestros modelos de grifer\u00eda empotrada incluyen la caja box con cartucho monomando y selector, soporte ducha, flexo y alcachofa de mano junto con el rociador.<\/p>\n<p>La garant\u00eda de todos nuestros productos es de 3 a\u00f1os, para funcionamiento, duraci\u00f3n del esmaltado y anticorrosi\u00f3n.<\/p>\n<p>Recomendamos para un correcto mantenimiento de la grifer\u00eda y evitar el deterioro por el uso. Secar las gotas de agua con un pa\u00f1o suave despu\u00e9s del uso, evitando que se posen en la superficie y deterioran el acabado, no utilizar esponjas que puedan rayar la grifer\u00eda, utilizar limpiadores como vinagre limpieza, agua caliente y jab\u00f3n con ph neutro.<\/p>\n<p>&nbsp;<\/p>\n<p><strong>Nuestro departamento\u00a0t\u00e9cnico\u00a0dispone de\u00a0gu\u00edas\u00a0de todos los\u00a0modelos\u00a0empotrados\u00a0que vendemos<\/strong><strong>,\u00a0si tiene alguna duda con la\u00a0instalaci\u00f3n\u00a0contacte con nosotros mediante\u00a0tel\u00e9fono,\u00a0WhatsApp\u00a0o email dentro del horario laboral indicado en la web.<\/strong><\/p>\n<p><strong>Recuerden que una vez instalado el cuerpo\u00a0empotrado\u00a0de la\u00a0grifer\u00eda\u00a0revisar de su correcto funcionamiento de paso de agua, comprobaci\u00f3n de cartuchos y corte de agua, si detecta alguna\u00a0anomal\u00eda\u00a0informe a nuestro\u00a0departamento\u00a0para darle una\u00a0soluci\u00f3n, no\u00a0contin\u00fae\u00a0con la\u00a0instalaci\u00f3n\u00a0de cerramiento de la pared.<\/strong><\/p>\n","protected":false},"featured_media":15086,"template":"","meta":[],"product_brand":[],"product_cat":[57,47],"product_tag":[],"serie":[56],"manual-de-instalacion":[79],"color":[26],"class_list":{"0":"post-427","1":"product","2":"type-product","3":"status-publish","4":"has-post-thumbnail","6":"product_cat-duchas-empotradas","7":"product_cat-duchas","8":"pa_tamano-rociador-20cm","9":"pa_tamano-rociador-25cm","10":"pa_tamano-rociador-30cm","11":"serie-jucar","12":"manual-de-instalacion-guia-instalacion-duchas-empotradas-termostaticas","13":"color-cromo","15":"first","16":"instock","17":"taxable","18":"shipping-taxable","19":"product-type-variable"},"_links":{"self":[{"href":"https:\/\/www.valaz.es\/en\/wp-json\/wp\/v2\/product\/427","targetHints":{"allow":["GET"]}}],"collection":[{"href":"https:\/\/www.valaz.es\/en\/wp-json\/wp\/v2\/product"}],"about":[{"href":"https:\/\/www.valaz.es\/en\/wp-json\/wp\/v2\/types\/product"}],"wp:featuredmedia":[{"embeddable":true,"href":"https:\/\/www.valaz.es\/en\/wp-json\/wp\/v2\/media\/15086"}],"wp:attachment":[{"href":"https:\/\/www.valaz.es\/en\/wp-json\/wp\/v2\/media?parent=427"}],"wp:term":[{"taxonomy":"product_brand","embeddable":true,"href":"https:\/\/www.valaz.es\/en\/wp-json\/wp\/v2\/product_brand?post=427"},{"taxonomy":"product_cat","embeddable":true,"href":"https:\/\/www.valaz.es\/en\/wp-json\/wp\/v2\/product_cat?post=427"},{"taxonomy":"product_tag","embeddable":true,"href":"https:\/\/www.valaz.es\/en\/wp-json\/wp\/v2\/product_tag?post=427"},{"taxonomy":"serie","embeddable":true,"href":"https:\/\/www.valaz.es\/en\/wp-json\/wp\/v2\/serie?post=427"},{"taxonomy":"manual-de-instalacion","embeddable":true,"href":"https:\/\/www.valaz.es\/en\/wp-json\/wp\/v2\/manual-de-instalacion?post=427"},{"taxonomy":"color","embeddable":true,"href":"https:\/\/www.valaz.es\/en\/wp-json\/wp\/v2\/color?post=427"}],"curies":[{"name":"wp","href":"https:\/\/api.w.org\/{rel}","templated":true}]}}