{"id":421,"date":"2022-11-09T11:11:16","date_gmt":"2022-11-09T10:11:16","guid":{"rendered":"https:\/\/www.valaz.es\/?post_type=product&#038;p=421"},"modified":"2026-02-11T17:06:41","modified_gmt":"2026-02-11T16:06:41","slug":"ducha-empotrada-termostatica-pared-redonda-cromada-serie-jucar","status":"publish","type":"product","link":"https:\/\/www.valaz.es\/en\/product\/ducha-empotrada-termostatica-pared-redonda-cromada-serie-jucar\/","title":{"rendered":"Ducha empotrada termost\u00e1tica pared redonda cromada &#8211; Serie Jucar"},"content":{"rendered":"<p class=\"\" data-start=\"117\" data-end=\"448\">Ducha empotrada a pared con dise\u00f1o redondo y acabado cromado, perfecta para ba\u00f1os modernos y funcionales. Equipada con sistema termost\u00e1tico de 2 v\u00edas, permite alternar c\u00f3modamente entre el rociador efecto lluvia y la alcachofa de mano. Una opci\u00f3n pr\u00e1ctica y estilizada para disfrutar al m\u00e1ximo de la ducha diaria.<\/p>\n<p class=\"\" data-start=\"450\" data-end=\"472\"><strong data-start=\"450\" data-end=\"470\">Especificaciones<\/strong><\/p>\n<ul data-start=\"473\" data-end=\"718\">\n<li class=\"\" data-start=\"473\" data-end=\"530\">\n<p class=\"\" data-start=\"475\" data-end=\"530\">Termost\u00e1tica de 2 v\u00edas (rociador y alcachofa de mano)<\/p>\n<\/li>\n<li class=\"\" data-start=\"531\" data-end=\"594\">\n<p class=\"\" data-start=\"533\" data-end=\"594\">Rociador de acero inoxidable (disponible en 20, 25 y 30 cm)<\/p>\n<\/li>\n<li class=\"\" data-start=\"595\" data-end=\"630\">\n<p class=\"\" data-start=\"597\" data-end=\"630\">Termost\u00e1tica fabricada en lat\u00f3n<\/p>\n<\/li>\n<li class=\"\" data-start=\"631\" data-end=\"659\">\n<p class=\"\" data-start=\"633\" data-end=\"659\">Alcachofa de mano de PVC<\/p>\n<\/li>\n<li class=\"\" data-start=\"660\" data-end=\"699\">\n<p class=\"\" data-start=\"662\" data-end=\"699\">Flexo de acero inoxidable de 150 cm<\/p>\n<\/li>\n<li class=\"\" data-start=\"700\" data-end=\"718\">\n<p class=\"\" data-start=\"702\" data-end=\"718\">Acabado: cromado<\/p>\n<\/li>\n<\/ul>\n","protected":false},"excerpt":{"rendered":"<p>Serie J\u00facar con l\u00ednea curvas y redondas aporta confort, elegancia y bienestar, perfecta para todo tipo de ba\u00f1os. Actualmente disponemos diferentes acabados cromados, acero cepillado, dorado cepilladlo, dorado envejecido, negro mate, blanco. Es una de nuestras series m\u00e1s completa, ya que tenemos una gran variedad Ducha empotrada donde puedes a\u00f1adir ca\u00f1o para el ba\u00f1o, grifo empotrado de lavabo, grifo de bid\u00e9, grifo t\u00f3tem empotrado de ba\u00f1era exenta. Todos nuestros modelos de grifer\u00eda empotrada incluyen la caja box con cartucho monomando y selector, soporte ducha, flexo y alcachofa de mano junto con el rociador.<br \/>\nLa garant\u00eda de todos nuestros productos es de 3 a\u00f1os, para funcionamiento, duraci\u00f3n del esmaltado y anticorrosi\u00f3n.<br \/>\nRecomendamos para un correcto mantenimiento de la grifer\u00eda y evitar el deterioro por el uso. Secar las gotas de agua con un pa\u00f1o suave despu\u00e9s del uso, evitando que se posen en la superficie y deterioran el acabado, no utilizar esponjas que puedan rayar la grifer\u00eda, utilizar limpiadores como vinagre limpieza, agua caliente y jab\u00f3n con ph neutro.<\/p>\n<p>Nuestro departamento t\u00e9cnico dispone de gu\u00edas de todos los modelos empotrados que vendemos, si tiene alguna duda con la instalaci\u00f3n contacte con nosotros mediante tel\u00e9fono, WhatsApp o email dentro del horario laboral indicado en la web.<br \/>\nRecuerden que una vez instalado el cuerpo empotrado de la grifer\u00eda revisar de su correcto funcionamiento de paso de agua, comprobaci\u00f3n de cartuchos y corte de agua, si detecta alguna anomal\u00eda informe a nuestro departamento para darle una soluci\u00f3n, no contin\u00fae con la instalaci\u00f3n de cerramiento de la pared.<\/p>\n","protected":false},"featured_media":15094,"template":"","meta":[],"product_brand":[],"product_cat":[57,47],"product_tag":[],"serie":[56],"manual-de-instalacion":[79],"color":[26],"class_list":{"0":"post-421","1":"product","2":"type-product","3":"status-publish","4":"has-post-thumbnail","6":"product_cat-duchas-empotradas","7":"product_cat-duchas","8":"pa_tamano-rociador-20cm","9":"pa_tamano-rociador-25cm","10":"pa_tamano-rociador-30cm","11":"serie-jucar","12":"manual-de-instalacion-guia-instalacion-duchas-empotradas-termostaticas","13":"color-cromo","15":"first","16":"instock","17":"taxable","18":"shipping-taxable","19":"product-type-variable"},"_links":{"self":[{"href":"https:\/\/www.valaz.es\/en\/wp-json\/wp\/v2\/product\/421","targetHints":{"allow":["GET"]}}],"collection":[{"href":"https:\/\/www.valaz.es\/en\/wp-json\/wp\/v2\/product"}],"about":[{"href":"https:\/\/www.valaz.es\/en\/wp-json\/wp\/v2\/types\/product"}],"wp:featuredmedia":[{"embeddable":true,"href":"https:\/\/www.valaz.es\/en\/wp-json\/wp\/v2\/media\/15094"}],"wp:attachment":[{"href":"https:\/\/www.valaz.es\/en\/wp-json\/wp\/v2\/media?parent=421"}],"wp:term":[{"taxonomy":"product_brand","embeddable":true,"href":"https:\/\/www.valaz.es\/en\/wp-json\/wp\/v2\/product_brand?post=421"},{"taxonomy":"product_cat","embeddable":true,"href":"https:\/\/www.valaz.es\/en\/wp-json\/wp\/v2\/product_cat?post=421"},{"taxonomy":"product_tag","embeddable":true,"href":"https:\/\/www.valaz.es\/en\/wp-json\/wp\/v2\/product_tag?post=421"},{"taxonomy":"serie","embeddable":true,"href":"https:\/\/www.valaz.es\/en\/wp-json\/wp\/v2\/serie?post=421"},{"taxonomy":"manual-de-instalacion","embeddable":true,"href":"https:\/\/www.valaz.es\/en\/wp-json\/wp\/v2\/manual-de-instalacion?post=421"},{"taxonomy":"color","embeddable":true,"href":"https:\/\/www.valaz.es\/en\/wp-json\/wp\/v2\/color?post=421"}],"curies":[{"name":"wp","href":"https:\/\/api.w.org\/{rel}","templated":true}]}}