{"id":400,"date":"2022-11-09T10:47:32","date_gmt":"2022-11-09T09:47:32","guid":{"rendered":"https:\/\/www.valaz.es\/?post_type=product&#038;p=400"},"modified":"2025-09-04T16:34:12","modified_gmt":"2025-09-04T14:34:12","slug":"grifo-de-lavabo-monomando-redondo-dorado-envejecido-serie-jabalon","status":"publish","type":"product","link":"https:\/\/www.valaz.es\/en\/product\/grifo-de-lavabo-monomando-redondo-dorado-envejecido-serie-jabalon\/","title":{"rendered":"Grifo de lavabo monomando redondo dorado envejecido &#8211; Serie Jabal\u00f3n"},"content":{"rendered":"<p class=\"\" data-start=\"73\" data-end=\"355\">Este grifo de lavabo de la Serie Jabal\u00f3n destaca por su dise\u00f1o redondo y su elegante acabado en dorado envejecido, ideal para crear un ambiente cl\u00e1sico con personalidad. Su sistema monomando permite un control c\u00f3modo y preciso del caudal y la temperatura del agua.<\/p>\n<p class=\"\" data-start=\"357\" data-end=\"379\"><strong data-start=\"357\" data-end=\"377\">Especificaciones<\/strong><\/p>\n<ul data-start=\"380\" data-end=\"605\">\n<li class=\"\" data-start=\"380\" data-end=\"414\">\n<p class=\"\" data-start=\"382\" data-end=\"414\"><strong data-start=\"382\" data-end=\"400\">Tipo de grifo:<\/strong> Para lavabo<\/p>\n<\/li>\n<li class=\"\" data-start=\"415\" data-end=\"449\">\n<p class=\"\" data-start=\"417\" data-end=\"449\"><strong data-start=\"417\" data-end=\"433\">Instalaci\u00f3n:<\/strong> De superficie<\/p>\n<\/li>\n<li class=\"\" data-start=\"450\" data-end=\"482\">\n<p class=\"\" data-start=\"452\" data-end=\"482\"><strong data-start=\"452\" data-end=\"470\">Accionamiento:<\/strong> Monomando<\/p>\n<\/li>\n<li class=\"\" data-start=\"483\" data-end=\"516\">\n<p class=\"\" data-start=\"485\" data-end=\"516\"><strong data-start=\"485\" data-end=\"498\">Material:<\/strong> Cuerpo de lat\u00f3n<\/p>\n<\/li>\n<li class=\"\" data-start=\"517\" data-end=\"543\">\n<p class=\"\" data-start=\"519\" data-end=\"543\"><strong data-start=\"519\" data-end=\"532\">Cartucho:<\/strong> Cer\u00e1mico<\/p>\n<\/li>\n<li class=\"\" data-start=\"544\" data-end=\"570\">\n<p class=\"\" data-start=\"546\" data-end=\"570\"><strong data-start=\"546\" data-end=\"559\">Conexi\u00f3n:<\/strong> Est\u00e1ndar<\/p>\n<\/li>\n<li class=\"\" data-start=\"571\" data-end=\"605\">\n<p class=\"\" data-start=\"573\" data-end=\"605\"><strong data-start=\"573\" data-end=\"585\">Acabado:<\/strong> Dorado envejecido<\/p>\n<\/li>\n<\/ul>\n","protected":false},"excerpt":{"rendered":"<p>SERIE<\/p>\n<p><strong>JABALON<\/strong><\/p>\n<p>Serie jabal\u00f3n es perfecta si quiere apostar por un ba\u00f1o minimalista y con elegancia, ya que puede encajar en todo tipo de cuartos de ba\u00f1o. Actualmente tenemos diferentes modelos:\u00a0 grifo de lavabo, grifo alto pica y grifo de bid\u00e9, disponemos de varios acabados cromo, dorado cepillado, Gun metal, negro, dorado envejecido, blanco y acero cepillado. \u00a0Todos nuestros modelos incluyen los flexos de instalaci\u00f3n.<\/p>\n<p>La garant\u00eda de todos nuestros productos es de 3 a\u00f1os, para funcionamiento, duraci\u00f3n del esmaltado y anticorrosi\u00f3n.<\/p>\n<p>Recomendamos para un correcto mantenimiento de la grifer\u00eda y evitar el deterioro por el uso. Secar las gotas de agua con un pa\u00f1o suave despu\u00e9s del uso, evitando que se posen en la superficie y deterioran el acabado, no utilizar esponjas que puedan rayar la grifer\u00eda, utilizar limpiadores como vinagre limpieza, agua caliente y jab\u00f3n con ph neutro.<\/p>\n<p>&nbsp;<\/p>\n<p><strong>Nuestro departamento\u00a0t\u00e9cnico\u00a0dispone de\u00a0gu\u00edas\u00a0de todos los\u00a0modelos\u00a0empotrados\u00a0que vendemos<\/strong><strong>,\u00a0si tiene alguna duda con la\u00a0instalaci\u00f3n\u00a0contacte con nosotros mediante\u00a0tel\u00e9fono,\u00a0WhatsApp\u00a0o email dentro del horario laboral indicado en la web.<\/strong><\/p>\n<p><strong>Recuerden que una vez instalado el cuerpo\u00a0empotrado\u00a0de la\u00a0grifer\u00eda\u00a0revisar de su correcto funcionamiento de paso de agua, comprobaci\u00f3n de cartuchos y corte de agua, si detecta alguna\u00a0anomal\u00eda\u00a0informe a nuestro\u00a0departamento\u00a0para darle una\u00a0soluci\u00f3n, no\u00a0contin\u00fae\u00a0con la\u00a0instalaci\u00f3n\u00a0de cerramiento de la pared.<\/strong><\/p>\n","protected":false},"featured_media":15695,"template":"","meta":[],"product_brand":[],"product_cat":[48],"product_tag":[],"serie":[40],"manual-de-instalacion":[83],"color":[29],"class_list":{"0":"post-400","1":"product","2":"type-product","3":"status-publish","4":"has-post-thumbnail","6":"product_cat-grifos-de-lavabo","7":"serie-jabalon","8":"manual-de-instalacion-guia-instalacion-grifo-superficie","9":"color-dorado-envejecido","11":"first","12":"instock","13":"taxable","14":"shipping-taxable","15":"product-type-simple"},"_links":{"self":[{"href":"https:\/\/www.valaz.es\/en\/wp-json\/wp\/v2\/product\/400","targetHints":{"allow":["GET"]}}],"collection":[{"href":"https:\/\/www.valaz.es\/en\/wp-json\/wp\/v2\/product"}],"about":[{"href":"https:\/\/www.valaz.es\/en\/wp-json\/wp\/v2\/types\/product"}],"wp:featuredmedia":[{"embeddable":true,"href":"https:\/\/www.valaz.es\/en\/wp-json\/wp\/v2\/media\/15695"}],"wp:attachment":[{"href":"https:\/\/www.valaz.es\/en\/wp-json\/wp\/v2\/media?parent=400"}],"wp:term":[{"taxonomy":"product_brand","embeddable":true,"href":"https:\/\/www.valaz.es\/en\/wp-json\/wp\/v2\/product_brand?post=400"},{"taxonomy":"product_cat","embeddable":true,"href":"https:\/\/www.valaz.es\/en\/wp-json\/wp\/v2\/product_cat?post=400"},{"taxonomy":"product_tag","embeddable":true,"href":"https:\/\/www.valaz.es\/en\/wp-json\/wp\/v2\/product_tag?post=400"},{"taxonomy":"serie","embeddable":true,"href":"https:\/\/www.valaz.es\/en\/wp-json\/wp\/v2\/serie?post=400"},{"taxonomy":"manual-de-instalacion","embeddable":true,"href":"https:\/\/www.valaz.es\/en\/wp-json\/wp\/v2\/manual-de-instalacion?post=400"},{"taxonomy":"color","embeddable":true,"href":"https:\/\/www.valaz.es\/en\/wp-json\/wp\/v2\/color?post=400"}],"curies":[{"name":"wp","href":"https:\/\/api.w.org\/{rel}","templated":true}]}}