{"id":394,"date":"2022-11-09T10:42:35","date_gmt":"2022-11-09T09:42:35","guid":{"rendered":"https:\/\/www.valaz.es\/?post_type=product&#038;p=394"},"modified":"2026-03-09T14:23:18","modified_gmt":"2026-03-09T13:23:18","slug":"grifo-de-bidet-monomando-redondo-acero-cepillado-serie-jabalon","status":"publish","type":"product","link":"https:\/\/www.valaz.es\/en\/product\/grifo-de-bidet-monomando-redondo-acero-cepillado-serie-jabalon\/","title":{"rendered":"Grifo de bidet monomando redondo acero cepillado &#8211; Serie Jabalon"},"content":{"rendered":"<p class=\"\" data-start=\"145\" data-end=\"384\">Grifo monomando de bidet con dise\u00f1o redondo y elegante, ideal para ba\u00f1os contempor\u00e1neos. Su acabado en acero cepillado aporta resistencia y un toque moderno que se integra perfectamente con otras piezas de la misma serie.<\/p>\n<p class=\"\" data-start=\"386\" data-end=\"408\"><strong data-start=\"386\" data-end=\"406\">Especificaciones<\/strong><\/p>\n<ul data-start=\"409\" data-end=\"596\">\n<li class=\"\" data-start=\"409\" data-end=\"437\">\n<p class=\"\" data-start=\"411\" data-end=\"437\"><strong data-start=\"411\" data-end=\"429\">Tipo de grifo:<\/strong> Bidet<\/p>\n<\/li>\n<li class=\"\" data-start=\"438\" data-end=\"470\">\n<p class=\"\" data-start=\"440\" data-end=\"470\"><strong data-start=\"440\" data-end=\"458\">Accionamiento:<\/strong> Monomando<\/p>\n<\/li>\n<li class=\"\" data-start=\"471\" data-end=\"526\">\n<p class=\"\" data-start=\"473\" data-end=\"526\"><strong data-start=\"473\" data-end=\"486\">Material:<\/strong> Cuerpo de grifer\u00eda en acero cepillado<\/p>\n<\/li>\n<li class=\"\" data-start=\"527\" data-end=\"562\">\n<p class=\"\" data-start=\"529\" data-end=\"562\"><strong data-start=\"529\" data-end=\"542\">Cartucho:<\/strong> Cer\u00e1mico de 35 mm<\/p>\n<\/li>\n<li class=\"\" data-start=\"563\" data-end=\"596\">\n<p class=\"\" data-start=\"565\" data-end=\"596\"><strong data-start=\"565\" data-end=\"578\">Conexi\u00f3n:<\/strong> Latiguillos 3\/8<\/p>\n<\/li>\n<\/ul>\n","protected":false},"excerpt":{"rendered":"<p>SERIE<\/p>\n<p><strong>JABALON<\/strong><\/p>\n<p>Serie jabal\u00f3n es perfecta si quiere apostar por un ba\u00f1o minimalista y con elegancia, ya que puede encajar en todo tipo de cuartos de ba\u00f1o. Actualmente tenemos diferentes modelos:\u00a0 grifo de lavabo, grifo alto pica y grifo de bid\u00e9, disponemos de varios acabados cromo, dorado cepillado, Gun metal, negro, dorado envejecido, blanco y acero cepillado. \u00a0Todos nuestros modelos incluyen los flexos de instalaci\u00f3n.<\/p>\n<p>La garant\u00eda de todos nuestros productos es de 3 a\u00f1os, para funcionamiento, duraci\u00f3n del esmaltado y anticorrosi\u00f3n.<\/p>\n<p>Recomendamos para un correcto mantenimiento de la grifer\u00eda y evitar el deterioro por el uso. Secar las gotas de agua con un pa\u00f1o suave despu\u00e9s del uso, evitando que se posen en la superficie y deterioran el acabado, no utilizar esponjas que puedan rayar la grifer\u00eda, utilizar limpiadores como vinagre limpieza, agua caliente y jab\u00f3n con ph neutro.<\/p>\n<p>&nbsp;<\/p>\n<p><strong>Nuestro departamento\u00a0t\u00e9cnico\u00a0dispone de\u00a0gu\u00edas\u00a0de todos los\u00a0modelos\u00a0empotrados\u00a0que vendemos<\/strong><strong>,\u00a0si tiene alguna duda con la\u00a0instalaci\u00f3n\u00a0contacte con nosotros mediante\u00a0tel\u00e9fono,\u00a0WhatsApp\u00a0o email dentro del horario laboral indicado en la web.<\/strong><\/p>\n<p><strong>Recuerden que una vez instalado el cuerpo\u00a0empotrado\u00a0de la\u00a0grifer\u00eda\u00a0revisar de su correcto funcionamiento de paso de agua, comprobaci\u00f3n de cartuchos y corte de agua, si detecta alguna\u00a0anomal\u00eda\u00a0informe a nuestro\u00a0departamento\u00a0para darle una\u00a0soluci\u00f3n, no\u00a0contin\u00fae\u00a0con la\u00a0instalaci\u00f3n\u00a0de cerramiento de la pared.<\/strong><\/p>\n","protected":false},"featured_media":396,"template":"","meta":[],"product_brand":[],"product_cat":[54],"product_tag":[],"serie":[40],"manual-de-instalacion":[83],"color":[28],"class_list":{"0":"post-394","1":"product","2":"type-product","3":"status-publish","4":"has-post-thumbnail","6":"product_cat-grifos-de-bidet","7":"serie-jabalon","8":"manual-de-instalacion-guia-instalacion-grifo-superficie","9":"color-acero-cepillado","11":"first","12":"instock","13":"taxable","14":"shipping-taxable","15":"product-type-simple"},"_links":{"self":[{"href":"https:\/\/www.valaz.es\/en\/wp-json\/wp\/v2\/product\/394","targetHints":{"allow":["GET"]}}],"collection":[{"href":"https:\/\/www.valaz.es\/en\/wp-json\/wp\/v2\/product"}],"about":[{"href":"https:\/\/www.valaz.es\/en\/wp-json\/wp\/v2\/types\/product"}],"wp:featuredmedia":[{"embeddable":true,"href":"https:\/\/www.valaz.es\/en\/wp-json\/wp\/v2\/media\/396"}],"wp:attachment":[{"href":"https:\/\/www.valaz.es\/en\/wp-json\/wp\/v2\/media?parent=394"}],"wp:term":[{"taxonomy":"product_brand","embeddable":true,"href":"https:\/\/www.valaz.es\/en\/wp-json\/wp\/v2\/product_brand?post=394"},{"taxonomy":"product_cat","embeddable":true,"href":"https:\/\/www.valaz.es\/en\/wp-json\/wp\/v2\/product_cat?post=394"},{"taxonomy":"product_tag","embeddable":true,"href":"https:\/\/www.valaz.es\/en\/wp-json\/wp\/v2\/product_tag?post=394"},{"taxonomy":"serie","embeddable":true,"href":"https:\/\/www.valaz.es\/en\/wp-json\/wp\/v2\/serie?post=394"},{"taxonomy":"manual-de-instalacion","embeddable":true,"href":"https:\/\/www.valaz.es\/en\/wp-json\/wp\/v2\/manual-de-instalacion?post=394"},{"taxonomy":"color","embeddable":true,"href":"https:\/\/www.valaz.es\/en\/wp-json\/wp\/v2\/color?post=394"}],"curies":[{"name":"wp","href":"https:\/\/api.w.org\/{rel}","templated":true}]}}