{"id":391,"date":"2022-11-09T10:39:51","date_gmt":"2022-11-09T09:39:51","guid":{"rendered":"https:\/\/www.valaz.es\/?post_type=product&#038;p=391"},"modified":"2026-03-03T07:05:41","modified_gmt":"2026-03-03T06:05:41","slug":"grifo-de-lavabo-alto-para-pica-monomando-redondo-dorado-cepillado-serie-jabalon","status":"publish","type":"product","link":"https:\/\/www.valaz.es\/en\/product\/grifo-de-lavabo-alto-para-pica-monomando-redondo-dorado-cepillado-serie-jabalon\/","title":{"rendered":"Grifo de lavabo alto para pica monomando redondo dorado cepillado &#8211; Serie Jabalon"},"content":{"rendered":"<p class=\"\" data-start=\"161\" data-end=\"410\">Este elegante grifo monomando de dise\u00f1o redondo y alto es perfecto para lavabos de pica. Su acabado en dorado cepillado le da un toque de lujo y sofisticaci\u00f3n, ideal para dar un giro distintivo a cualquier ba\u00f1o o espacio de lavabo.<\/p>\n<p class=\"\" data-start=\"412\" data-end=\"434\"><strong data-start=\"412\" data-end=\"432\">Especificaciones<\/strong><\/p>\n<ul data-start=\"435\" data-end=\"645\">\n<li class=\"\" data-start=\"435\" data-end=\"479\">\n<p class=\"\" data-start=\"437\" data-end=\"479\"><strong data-start=\"437\" data-end=\"455\">Tipo de grifo:<\/strong> Lavabo alto para pica<\/p>\n<\/li>\n<li class=\"\" data-start=\"480\" data-end=\"512\">\n<p class=\"\" data-start=\"482\" data-end=\"512\"><strong data-start=\"482\" data-end=\"500\">Accionamiento:<\/strong> Monomando<\/p>\n<\/li>\n<li class=\"\" data-start=\"513\" data-end=\"575\">\n<p class=\"\" data-start=\"515\" data-end=\"575\"><strong data-start=\"515\" data-end=\"528\">Material:<\/strong> Cuerpo de grifer\u00eda en lat\u00f3n dorado cepillado<\/p>\n<\/li>\n<li class=\"\" data-start=\"576\" data-end=\"611\">\n<p class=\"\" data-start=\"578\" data-end=\"611\"><strong data-start=\"578\" data-end=\"591\">Cartucho:<\/strong> Cer\u00e1mico de 35 mm<\/p>\n<\/li>\n<li class=\"\" data-start=\"612\" data-end=\"645\">\n<p class=\"\" data-start=\"614\" data-end=\"645\"><strong data-start=\"614\" data-end=\"627\">Conexi\u00f3n:<\/strong> Latiguillos 3\/8<\/p>\n<\/li>\n<\/ul>\n","protected":false},"excerpt":{"rendered":"<p>SERIE<\/p>\n<p><strong>JABALON<\/strong><\/p>\n<p>Serie jabal\u00f3n es perfecta si quiere apostar por un ba\u00f1o minimalista y con elegancia, ya que puede encajar en todo tipo de cuartos de ba\u00f1o. Actualmente tenemos diferentes modelos:\u00a0 grifo de lavabo, grifo alto pica y grifo de bid\u00e9, disponemos de varios acabados cromo, dorado cepillado, Gun metal, negro, dorado envejecido, blanco y acero cepillado. \u00a0Todos nuestros modelos incluyen los flexos de instalaci\u00f3n.<\/p>\n<p>La garant\u00eda de todos nuestros productos es de 3 a\u00f1os, para funcionamiento, duraci\u00f3n del esmaltado y anticorrosi\u00f3n.<\/p>\n<p>Recomendamos para un correcto mantenimiento de la grifer\u00eda y evitar el deterioro por el uso. Secar las gotas de agua con un pa\u00f1o suave despu\u00e9s del uso, evitando que se posen en la superficie y deterioran el acabado, no utilizar esponjas que puedan rayar la grifer\u00eda, utilizar limpiadores como vinagre limpieza, agua caliente y jab\u00f3n con ph neutro.<\/p>\n<p>&nbsp;<\/p>\n<p><strong>Nuestro departamento\u00a0t\u00e9cnico\u00a0dispone de\u00a0gu\u00edas\u00a0de todos los\u00a0modelos\u00a0empotrados\u00a0que vendemos<\/strong><strong>,\u00a0si tiene alguna duda con la\u00a0instalaci\u00f3n\u00a0contacte con nosotros mediante\u00a0tel\u00e9fono,\u00a0WhatsApp\u00a0o email dentro del horario laboral indicado en la web.<\/strong><\/p>\n<p><strong>Recuerden que una vez instalado el cuerpo\u00a0empotrado\u00a0de la\u00a0grifer\u00eda\u00a0revisar de su correcto funcionamiento de paso de agua, comprobaci\u00f3n de cartuchos y corte de agua, si detecta alguna\u00a0anomal\u00eda\u00a0informe a nuestro\u00a0departamento\u00a0para darle una\u00a0soluci\u00f3n, no\u00a0contin\u00fae\u00a0con la\u00a0instalaci\u00f3n\u00a0de cerramiento de la pared.<\/strong><\/p>\n","protected":false},"featured_media":6452,"template":"","meta":[],"product_brand":[],"product_cat":[48],"product_tag":[],"serie":[40],"manual-de-instalacion":[83],"color":[34],"class_list":{"0":"post-391","1":"product","2":"type-product","3":"status-publish","4":"has-post-thumbnail","6":"product_cat-grifos-de-lavabo","7":"serie-jabalon","8":"manual-de-instalacion-guia-instalacion-grifo-superficie","9":"color-dorado-cepillado","11":"first","12":"instock","13":"taxable","14":"shipping-taxable","15":"product-type-simple"},"_links":{"self":[{"href":"https:\/\/www.valaz.es\/en\/wp-json\/wp\/v2\/product\/391","targetHints":{"allow":["GET"]}}],"collection":[{"href":"https:\/\/www.valaz.es\/en\/wp-json\/wp\/v2\/product"}],"about":[{"href":"https:\/\/www.valaz.es\/en\/wp-json\/wp\/v2\/types\/product"}],"wp:featuredmedia":[{"embeddable":true,"href":"https:\/\/www.valaz.es\/en\/wp-json\/wp\/v2\/media\/6452"}],"wp:attachment":[{"href":"https:\/\/www.valaz.es\/en\/wp-json\/wp\/v2\/media?parent=391"}],"wp:term":[{"taxonomy":"product_brand","embeddable":true,"href":"https:\/\/www.valaz.es\/en\/wp-json\/wp\/v2\/product_brand?post=391"},{"taxonomy":"product_cat","embeddable":true,"href":"https:\/\/www.valaz.es\/en\/wp-json\/wp\/v2\/product_cat?post=391"},{"taxonomy":"product_tag","embeddable":true,"href":"https:\/\/www.valaz.es\/en\/wp-json\/wp\/v2\/product_tag?post=391"},{"taxonomy":"serie","embeddable":true,"href":"https:\/\/www.valaz.es\/en\/wp-json\/wp\/v2\/serie?post=391"},{"taxonomy":"manual-de-instalacion","embeddable":true,"href":"https:\/\/www.valaz.es\/en\/wp-json\/wp\/v2\/manual-de-instalacion?post=391"},{"taxonomy":"color","embeddable":true,"href":"https:\/\/www.valaz.es\/en\/wp-json\/wp\/v2\/color?post=391"}],"curies":[{"name":"wp","href":"https:\/\/api.w.org\/{rel}","templated":true}]}}