{"id":382,"date":"2022-11-09T10:34:08","date_gmt":"2022-11-09T09:34:08","guid":{"rendered":"https:\/\/www.valaz.es\/?post_type=product&#038;p=382"},"modified":"2025-09-03T14:02:12","modified_gmt":"2025-09-03T12:02:12","slug":"grifo-de-bidet-monomando-redondo-negro-mate-serie-jabalon","status":"publish","type":"product","link":"https:\/\/www.valaz.es\/en\/product\/grifo-de-bidet-monomando-redondo-negro-mate-serie-jabalon\/","title":{"rendered":"Grifo de bidet monomando redondo negro mate &#8211; Serie Jabalon"},"content":{"rendered":"<p class=\"\" data-start=\"162\" data-end=\"473\">Este grifo de bidet monomando, con un dise\u00f1o redondo y acabado negro mate, es la elecci\u00f3n ideal para quienes buscan un estilo elegante y moderno para su ba\u00f1o. Su dise\u00f1o funcional y duradero, combinado con el acabado sofisticado, lo convierte en una opci\u00f3n perfecta para todo tipo de ambientes.<\/p>\n<p class=\"\" data-start=\"475\" data-end=\"497\"><strong data-start=\"475\" data-end=\"495\">Especificaciones<\/strong><\/p>\n<ul data-start=\"498\" data-end=\"671\">\n<li class=\"\" data-start=\"498\" data-end=\"544\">\n<p class=\"\" data-start=\"500\" data-end=\"544\"><strong data-start=\"500\" data-end=\"518\">Tipo de grifo:<\/strong> Bidet monomando redondo<\/p>\n<\/li>\n<li class=\"\" data-start=\"545\" data-end=\"601\">\n<p class=\"\" data-start=\"547\" data-end=\"601\"><strong data-start=\"547\" data-end=\"560\">Material:<\/strong> Cuerpo de grifer\u00eda en lat\u00f3n negro mate<\/p>\n<\/li>\n<li class=\"\" data-start=\"602\" data-end=\"637\">\n<p class=\"\" data-start=\"604\" data-end=\"637\"><strong data-start=\"604\" data-end=\"617\">Cartucho:<\/strong> Cer\u00e1mico de 35 mm<\/p>\n<\/li>\n<li class=\"\" data-start=\"638\" data-end=\"671\">\n<p class=\"\" data-start=\"640\" data-end=\"671\"><strong data-start=\"640\" data-end=\"653\">Conexi\u00f3n:<\/strong> Latiguillos 3\/8<\/p>\n<\/li>\n<\/ul>\n","protected":false},"excerpt":{"rendered":"<p>SERIE<\/p>\n<p><strong>JABALON<\/strong><\/p>\n<p>Serie jabal\u00f3n es perfecta si quiere apostar por un ba\u00f1o minimalista y con elegancia, ya que puede encajar en todo tipo de cuartos de ba\u00f1o. Actualmente tenemos diferentes modelos:\u00a0 grifo de lavabo, grifo alto pica y grifo de bid\u00e9, disponemos de varios acabados cromo, dorado cepillado, Gun metal, negro, dorado envejecido, blanco y acero cepillado. \u00a0Todos nuestros modelos incluyen los flexos de instalaci\u00f3n.<\/p>\n<p>La garant\u00eda de todos nuestros productos es de 3 a\u00f1os, para funcionamiento, duraci\u00f3n del esmaltado y anticorrosi\u00f3n.<\/p>\n<p>Recomendamos para un correcto mantenimiento de la grifer\u00eda y evitar el deterioro por el uso. Secar las gotas de agua con un pa\u00f1o suave despu\u00e9s del uso, evitando que se posen en la superficie y deterioran el acabado, no utilizar esponjas que puedan rayar la grifer\u00eda, utilizar limpiadores como vinagre limpieza, agua caliente y jab\u00f3n con ph neutro.<\/p>\n<p>&nbsp;<\/p>\n<p><strong>Nuestro departamento\u00a0t\u00e9cnico\u00a0dispone de\u00a0gu\u00edas\u00a0de todos los\u00a0modelos\u00a0empotrados\u00a0que vendemos<\/strong><strong>,\u00a0si tiene alguna duda con la\u00a0instalaci\u00f3n\u00a0contacte con nosotros mediante\u00a0tel\u00e9fono,\u00a0WhatsApp\u00a0o email dentro del horario laboral indicado en la web.<\/strong><\/p>\n<p><strong>Recuerden que una vez instalado el cuerpo\u00a0empotrado\u00a0de la\u00a0grifer\u00eda\u00a0revisar de su correcto funcionamiento de paso de agua, comprobaci\u00f3n de cartuchos y corte de agua, si detecta alguna\u00a0anomal\u00eda\u00a0informe a nuestro\u00a0departamento\u00a0para darle una\u00a0soluci\u00f3n, no\u00a0contin\u00fae\u00a0con la\u00a0instalaci\u00f3n\u00a0de cerramiento de la pared.<\/strong><\/p>\n","protected":false},"featured_media":383,"template":"","meta":[],"product_brand":[],"product_cat":[54],"product_tag":[],"serie":[40],"manual-de-instalacion":[83],"color":[27],"class_list":{"0":"post-382","1":"product","2":"type-product","3":"status-publish","4":"has-post-thumbnail","6":"product_cat-grifos-de-bidet","7":"serie-jabalon","8":"manual-de-instalacion-guia-instalacion-grifo-superficie","9":"color-negro-mate","11":"first","12":"instock","13":"taxable","14":"shipping-taxable","15":"product-type-simple"},"_links":{"self":[{"href":"https:\/\/www.valaz.es\/en\/wp-json\/wp\/v2\/product\/382","targetHints":{"allow":["GET"]}}],"collection":[{"href":"https:\/\/www.valaz.es\/en\/wp-json\/wp\/v2\/product"}],"about":[{"href":"https:\/\/www.valaz.es\/en\/wp-json\/wp\/v2\/types\/product"}],"wp:featuredmedia":[{"embeddable":true,"href":"https:\/\/www.valaz.es\/en\/wp-json\/wp\/v2\/media\/383"}],"wp:attachment":[{"href":"https:\/\/www.valaz.es\/en\/wp-json\/wp\/v2\/media?parent=382"}],"wp:term":[{"taxonomy":"product_brand","embeddable":true,"href":"https:\/\/www.valaz.es\/en\/wp-json\/wp\/v2\/product_brand?post=382"},{"taxonomy":"product_cat","embeddable":true,"href":"https:\/\/www.valaz.es\/en\/wp-json\/wp\/v2\/product_cat?post=382"},{"taxonomy":"product_tag","embeddable":true,"href":"https:\/\/www.valaz.es\/en\/wp-json\/wp\/v2\/product_tag?post=382"},{"taxonomy":"serie","embeddable":true,"href":"https:\/\/www.valaz.es\/en\/wp-json\/wp\/v2\/serie?post=382"},{"taxonomy":"manual-de-instalacion","embeddable":true,"href":"https:\/\/www.valaz.es\/en\/wp-json\/wp\/v2\/manual-de-instalacion?post=382"},{"taxonomy":"color","embeddable":true,"href":"https:\/\/www.valaz.es\/en\/wp-json\/wp\/v2\/color?post=382"}],"curies":[{"name":"wp","href":"https:\/\/api.w.org\/{rel}","templated":true}]}}