{"id":378,"date":"2022-11-09T10:15:40","date_gmt":"2022-11-09T09:15:40","guid":{"rendered":"https:\/\/www.valaz.es\/?post_type=product&#038;p=378"},"modified":"2025-12-09T12:54:40","modified_gmt":"2025-12-09T11:54:40","slug":"grifo-de-lavabo-monomando-redondo-negro-mate-serie-jabalon","status":"publish","type":"product","link":"https:\/\/www.valaz.es\/en\/product\/grifo-de-lavabo-monomando-redondo-negro-mate-serie-jabalon\/","title":{"rendered":"Grifo de lavabo monomando redondo negro mate &#8211; Serie Jabal\u00f3n"},"content":{"rendered":"<p class=\"\" data-start=\"164\" data-end=\"463\">Este grifo de lavabo monomando de dise\u00f1o redondo, con un acabado negro mate, aporta un toque moderno y elegante a tu ba\u00f1o. Su estructura robusta y su acabado en negro mate lo hacen resistente a huellas dactilares y f\u00e1cil de mantener, ofreciendo un estilo minimalista y sofisticado.<\/p>\n<p class=\"\" data-start=\"465\" data-end=\"487\"><strong data-start=\"465\" data-end=\"485\">Especificaciones<\/strong><\/p>\n<ul data-start=\"488\" data-end=\"662\">\n<li class=\"\" data-start=\"488\" data-end=\"535\">\n<p class=\"\" data-start=\"490\" data-end=\"535\"><strong data-start=\"490\" data-end=\"508\">Tipo de grifo:<\/strong> Lavabo monomando redondo<\/p>\n<\/li>\n<li class=\"\" data-start=\"536\" data-end=\"592\">\n<p class=\"\" data-start=\"538\" data-end=\"592\"><strong data-start=\"538\" data-end=\"551\">Material:<\/strong> Cuerpo de grifer\u00eda en lat\u00f3n negro mate<\/p>\n<\/li>\n<li class=\"\" data-start=\"593\" data-end=\"628\">\n<p class=\"\" data-start=\"595\" data-end=\"628\"><strong data-start=\"595\" data-end=\"608\">Cartucho:<\/strong> Cer\u00e1mico de 35 mm<\/p>\n<\/li>\n<li class=\"\" data-start=\"629\" data-end=\"662\">\n<p class=\"\" data-start=\"631\" data-end=\"662\"><strong data-start=\"631\" data-end=\"644\">Conexi\u00f3n:<\/strong> Latiguillos 3\/8<\/p>\n<\/li>\n<\/ul>\n","protected":false},"excerpt":{"rendered":"<p>SERIE<\/p>\n<p><strong>JABALON<\/strong><\/p>\n<p>Serie jabal\u00f3n es perfecta si quiere apostar por un ba\u00f1o minimalista y con elegancia, ya que puede encajar en todo tipo de cuartos de ba\u00f1o. Actualmente tenemos diferentes modelos:\u00a0 grifo de lavabo, grifo alto pica y grifo de bid\u00e9, disponemos de varios acabados cromo, dorado cepillado, Gun metal, negro, dorado envejecido, blanco y acero cepillado. \u00a0Todos nuestros modelos incluyen los flexos de instalaci\u00f3n.<\/p>\n<p>La garant\u00eda de todos nuestros productos es de 3 a\u00f1os, para funcionamiento, duraci\u00f3n del esmaltado y anticorrosi\u00f3n.<\/p>\n<p>Recomendamos para un correcto mantenimiento de la grifer\u00eda y evitar el deterioro por el uso. Secar las gotas de agua con un pa\u00f1o suave despu\u00e9s del uso, evitando que se posen en la superficie y deterioran el acabado, no utilizar esponjas que puedan rayar la grifer\u00eda, utilizar limpiadores como vinagre limpieza, agua caliente y jab\u00f3n con ph neutro.<\/p>\n<p>&nbsp;<\/p>\n<p><strong>Nuestro departamento\u00a0t\u00e9cnico\u00a0dispone de\u00a0gu\u00edas\u00a0de todos los\u00a0modelos\u00a0empotrados\u00a0que vendemos<\/strong><strong>,\u00a0si tiene alguna duda con la\u00a0instalaci\u00f3n\u00a0contacte con nosotros mediante\u00a0tel\u00e9fono,\u00a0WhatsApp\u00a0o email dentro del horario laboral indicado en la web.<\/strong><\/p>\n<p><strong>Recuerden que una vez instalado el cuerpo\u00a0empotrado\u00a0de la\u00a0grifer\u00eda\u00a0revisar de su correcto funcionamiento de paso de agua, comprobaci\u00f3n de cartuchos y corte de agua, si detecta alguna\u00a0anomal\u00eda\u00a0informe a nuestro\u00a0departamento\u00a0para darle una\u00a0soluci\u00f3n, no\u00a0contin\u00fae\u00a0con la\u00a0instalaci\u00f3n\u00a0de cerramiento de la pared.<\/strong><\/p>\n","protected":false},"featured_media":380,"template":"","meta":[],"product_brand":[],"product_cat":[48],"product_tag":[],"serie":[40],"manual-de-instalacion":[83],"color":[27],"class_list":{"0":"post-378","1":"product","2":"type-product","3":"status-publish","4":"has-post-thumbnail","6":"product_cat-grifos-de-lavabo","7":"serie-jabalon","8":"manual-de-instalacion-guia-instalacion-grifo-superficie","9":"color-negro-mate","11":"first","12":"instock","13":"taxable","14":"shipping-taxable","15":"product-type-simple"},"_links":{"self":[{"href":"https:\/\/www.valaz.es\/en\/wp-json\/wp\/v2\/product\/378","targetHints":{"allow":["GET"]}}],"collection":[{"href":"https:\/\/www.valaz.es\/en\/wp-json\/wp\/v2\/product"}],"about":[{"href":"https:\/\/www.valaz.es\/en\/wp-json\/wp\/v2\/types\/product"}],"wp:featuredmedia":[{"embeddable":true,"href":"https:\/\/www.valaz.es\/en\/wp-json\/wp\/v2\/media\/380"}],"wp:attachment":[{"href":"https:\/\/www.valaz.es\/en\/wp-json\/wp\/v2\/media?parent=378"}],"wp:term":[{"taxonomy":"product_brand","embeddable":true,"href":"https:\/\/www.valaz.es\/en\/wp-json\/wp\/v2\/product_brand?post=378"},{"taxonomy":"product_cat","embeddable":true,"href":"https:\/\/www.valaz.es\/en\/wp-json\/wp\/v2\/product_cat?post=378"},{"taxonomy":"product_tag","embeddable":true,"href":"https:\/\/www.valaz.es\/en\/wp-json\/wp\/v2\/product_tag?post=378"},{"taxonomy":"serie","embeddable":true,"href":"https:\/\/www.valaz.es\/en\/wp-json\/wp\/v2\/serie?post=378"},{"taxonomy":"manual-de-instalacion","embeddable":true,"href":"https:\/\/www.valaz.es\/en\/wp-json\/wp\/v2\/manual-de-instalacion?post=378"},{"taxonomy":"color","embeddable":true,"href":"https:\/\/www.valaz.es\/en\/wp-json\/wp\/v2\/color?post=378"}],"curies":[{"name":"wp","href":"https:\/\/api.w.org\/{rel}","templated":true}]}}