{"id":364,"date":"2022-11-09T10:05:45","date_gmt":"2022-11-09T09:05:45","guid":{"rendered":"https:\/\/www.valaz.es\/?post_type=product&#038;p=364"},"modified":"2026-03-25T17:21:30","modified_gmt":"2026-03-25T16:21:30","slug":"barra-de-ducha-banera-termostatica-ajustable-hasta-145cm-cuadrada-cromado-serie-segura","status":"publish","type":"product","link":"https:\/\/www.valaz.es\/en\/product\/barra-de-ducha-banera-termostatica-ajustable-hasta-145cm-cuadrada-cromado-serie-segura\/","title":{"rendered":"Barra de ducha\/ba\u00f1era termost\u00e1tica ajustable hasta 145CM cuadrada cromado &#8211; Serie Segura"},"content":{"rendered":"<p class=\"\" data-start=\"177\" data-end=\"472\">La barra de ducha\/ba\u00f1era termost\u00e1tica cuadrada cromada de la Serie Segura es perfecta para quienes buscan seguridad y confort en su ba\u00f1o. Su dise\u00f1o elegante en acabado cromado, combinado con tecnolog\u00eda avanzada, asegura una experiencia de ducha placentera y sin preocupaciones.<\/p>\n<p class=\"\" data-start=\"474\" data-end=\"496\"><strong data-start=\"474\" data-end=\"494\">Especificaciones<\/strong><\/p>\n<ul data-start=\"497\" data-end=\"939\">\n<li style=\"list-style-type: none;\">\n<ul data-start=\"497\" data-end=\"939\">\n<li class=\"\" data-start=\"497\" data-end=\"566\">\n<p class=\"\" data-start=\"499\" data-end=\"566\"><strong data-start=\"499\" data-end=\"520\">Tipo de grifer\u00eda:<\/strong> Barra de ducha\/ba\u00f1era termost\u00e1tica cuadrada<\/p>\n<\/li>\n<li class=\"\" data-start=\"567\" data-end=\"609\">\n<p class=\"\" data-start=\"569\" data-end=\"609\"><strong data-start=\"569\" data-end=\"593\">Material del cuerpo:<\/strong> Lat\u00f3n cromado<\/p>\n<\/li>\n<li class=\"\" data-start=\"610\" data-end=\"672\">\n<p class=\"\" data-start=\"612\" data-end=\"672\"><strong data-start=\"612\" data-end=\"625\">Rociador:<\/strong> Acero inoxidable cromado con sistema antical<\/p>\n<\/li>\n<li class=\"\" data-start=\"673\" data-end=\"809\">\n<p class=\"\" data-start=\"675\" data-end=\"809\"><strong data-start=\"675\" data-end=\"700\">V\u00e1lvula termost\u00e1tica:<\/strong> Mantiene el control total de la temperatura, con sistema de seguridad anti-quemaduras limitado a 38 grados<\/p>\n<\/li>\n<li class=\"\" data-start=\"810\" data-end=\"868\">\n<p class=\"\" data-start=\"812\" data-end=\"868\"><strong data-start=\"812\" data-end=\"834\">Ducha telesc\u00f3pica:<\/strong> Ajustable de 90 cm hasta 145 cm<\/p>\n<\/li>\n<li class=\"\" data-start=\"869\" data-end=\"939\">\n<p class=\"\" data-start=\"871\" data-end=\"939\"><strong data-start=\"871\" data-end=\"896\">Sistema de seguridad:<\/strong> Anti-quemaduras a un m\u00e1ximo de 38 grados<\/p>\n<\/li>\n<li>\n<p class=\"\" data-start=\"871\" data-end=\"939\"><strong data-start=\"871\" data-end=\"896\">Alcachofa de mano: <\/strong>\u00a0Lat\u00f3n<\/p>\n<\/li>\n<li>\n<p class=\"\" data-start=\"871\" data-end=\"939\"><strong data-start=\"812\" data-end=\"834\">Flexo:<\/strong>\u00a0 PVC<\/p>\n<\/li>\n<\/ul>\n<\/li>\n<\/ul>\n<ul>\n<li style=\"list-style-type: none;\">\n<ul>\n<li><strong>Instalaci\u00f3n:<\/strong> Distancia est\u00e1ndar de 15 cm entre tomas<\/li>\n<\/ul>\n<\/li>\n<\/ul>\n<p>&nbsp;<\/p>\n","protected":false},"excerpt":{"rendered":"<p>Serie segura es adecuada para aquellos que buscan una grifer\u00eda m\u00e1s cl\u00e1sica con sus l\u00edneas rectas y cuadradas.\u00a0 Actualmente disponemos de tres acabados cromado, negro mate y dorado cepillado con su amplia gama de grifo de lavabo, grifo para pica, grifo de bid\u00e9 , barra de ducha y barra de ba\u00f1era. Todos nuestros productos llevan los flexos de instalaci\u00f3n.<\/p>\n<p>La garant\u00eda de todos nuestros productos es de 3 a\u00f1os, para funcionamiento, duraci\u00f3n del esmaltado y anticorrosi\u00f3n.<\/p>\n<p>Recomendamos para un correcto mantenimiento de la grifer\u00eda y evitar el deterioro por el uso. Secar las gotas de agua con un pa\u00f1o suave despu\u00e9s del uso, evitando que se posen en la superficie y deterioran el acabado, no utilizar esponjas que puedan rayar la grifer\u00eda, utilizar limpiadores como vinagre limpieza, agua caliente y jab\u00f3n con ph neutro.<\/p>\n<p><strong>Nuestro departamento\u00a0t\u00e9cnico\u00a0dispone de\u00a0gu\u00edas\u00a0de todos los\u00a0modelos\u00a0empotrados\u00a0que vendemos<\/strong><strong>,\u00a0si tiene alguna duda con la\u00a0instalaci\u00f3n\u00a0contacte con nosotros mediante\u00a0tel\u00e9fono,\u00a0WhatsApp\u00a0o email dentro del horario laboral indicado en la web.<\/strong><\/p>\n<p><strong>Recuerden que una vez instalado el cuerpo\u00a0empotrado\u00a0de la\u00a0grifer\u00eda\u00a0revisar de su correcto funcionamiento de paso de agua, comprobaci\u00f3n de cartuchos y corte de agua, si detecta alguna\u00a0anomal\u00eda\u00a0informe a nuestro\u00a0departamento\u00a0para darle una\u00a0soluci\u00f3n, no\u00a0contin\u00fae\u00a0con la\u00a0instalaci\u00f3n\u00a0de cerramiento de la pared.<\/strong><\/p>\n","protected":false},"featured_media":368,"template":"","meta":[],"product_brand":[],"product_cat":[55,338],"product_tag":[],"serie":[32],"manual-de-instalacion":[],"color":[26],"class_list":{"0":"post-364","1":"product","2":"type-product","3":"status-publish","4":"has-post-thumbnail","6":"product_cat-barras-de-ducha","7":"product_cat-grifos-de-ducha-banera","8":"pa_tamano-rociador-20cm","9":"pa_tamano-rociador-25cm","10":"pa_tamano-rociador-30cm","11":"pa_tamano-rociador-40cm","12":"serie-segura","13":"color-cromo","15":"first","16":"instock","17":"taxable","18":"shipping-taxable","19":"product-type-variable"},"_links":{"self":[{"href":"https:\/\/www.valaz.es\/en\/wp-json\/wp\/v2\/product\/364","targetHints":{"allow":["GET"]}}],"collection":[{"href":"https:\/\/www.valaz.es\/en\/wp-json\/wp\/v2\/product"}],"about":[{"href":"https:\/\/www.valaz.es\/en\/wp-json\/wp\/v2\/types\/product"}],"wp:featuredmedia":[{"embeddable":true,"href":"https:\/\/www.valaz.es\/en\/wp-json\/wp\/v2\/media\/368"}],"wp:attachment":[{"href":"https:\/\/www.valaz.es\/en\/wp-json\/wp\/v2\/media?parent=364"}],"wp:term":[{"taxonomy":"product_brand","embeddable":true,"href":"https:\/\/www.valaz.es\/en\/wp-json\/wp\/v2\/product_brand?post=364"},{"taxonomy":"product_cat","embeddable":true,"href":"https:\/\/www.valaz.es\/en\/wp-json\/wp\/v2\/product_cat?post=364"},{"taxonomy":"product_tag","embeddable":true,"href":"https:\/\/www.valaz.es\/en\/wp-json\/wp\/v2\/product_tag?post=364"},{"taxonomy":"serie","embeddable":true,"href":"https:\/\/www.valaz.es\/en\/wp-json\/wp\/v2\/serie?post=364"},{"taxonomy":"manual-de-instalacion","embeddable":true,"href":"https:\/\/www.valaz.es\/en\/wp-json\/wp\/v2\/manual-de-instalacion?post=364"},{"taxonomy":"color","embeddable":true,"href":"https:\/\/www.valaz.es\/en\/wp-json\/wp\/v2\/color?post=364"}],"curies":[{"name":"wp","href":"https:\/\/api.w.org\/{rel}","templated":true}]}}