{"id":355,"date":"2022-11-09T09:24:07","date_gmt":"2022-11-09T08:24:07","guid":{"rendered":"https:\/\/www.valaz.es\/?post_type=product&#038;p=355"},"modified":"2026-04-14T08:56:47","modified_gmt":"2026-04-14T06:56:47","slug":"barra-de-ducha-termostatica-cuadrada-ajustable-hasta-120cm-negro-mate-serie-segura","status":"publish","type":"product","link":"https:\/\/www.valaz.es\/en\/product\/barra-de-ducha-termostatica-cuadrada-ajustable-hasta-120cm-negro-mate-serie-segura\/","title":{"rendered":"Barra de ducha termost\u00e1tica cuadrada ajustable hasta 120CM negro mate &#8211; Serie Segura"},"content":{"rendered":"<p class=\"\" data-start=\"169\" data-end=\"514\">La barra de ducha termost\u00e1tica cuadrada negro mate de la Serie Segura ofrece un dise\u00f1o elegante y moderno con un control preciso de la temperatura gracias a su cartucho termost\u00e1tico. Su acabado negro mate y la combinaci\u00f3n de materiales de alta calidad hacen de esta barra la opci\u00f3n ideal para un ba\u00f1o contempor\u00e1neo y funcional.<\/p>\n<p class=\"\" data-start=\"516\" data-end=\"538\"><strong data-start=\"516\" data-end=\"536\">Especificaciones<\/strong><\/p>\n<ul data-start=\"539\" data-end=\"954\">\n<li class=\"\" data-start=\"539\" data-end=\"601\">\n<p class=\"\" data-start=\"541\" data-end=\"601\"><strong data-start=\"541\" data-end=\"562\">Tipo de grifer\u00eda:<\/strong> Barra de ducha termost\u00e1tica cuadrada<\/p>\n<\/li>\n<li class=\"\" data-start=\"602\" data-end=\"663\">\n<p class=\"\" data-start=\"604\" data-end=\"663\"><strong data-start=\"604\" data-end=\"617\">Rociador:<\/strong> Disponible en tama\u00f1os de 20, 25, 30 y 40 cm<\/p>\n<\/li>\n<li class=\"\" data-start=\"664\" data-end=\"707\">\n<p class=\"\" data-start=\"666\" data-end=\"707\"><strong data-start=\"666\" data-end=\"687\">Barra extensible:<\/strong> De 80 cm a 120 cm<\/p>\n<\/li>\n<li class=\"\" data-start=\"708\" data-end=\"784\">\n<p class=\"\" data-start=\"710\" data-end=\"784\"><strong data-start=\"710\" data-end=\"736\">Cuerpo de la grifer\u00eda:<\/strong> Lat\u00f3n con cartucho cer\u00e1mico y maneta cuadrada<\/p>\n<\/li>\n<li class=\"\" data-start=\"785\" data-end=\"926\">\n<p class=\"\" data-start=\"787\" data-end=\"804\"><strong data-start=\"787\" data-end=\"802\">Materiales:<\/strong><\/p>\n<ul data-start=\"807\" data-end=\"926\">\n<li class=\"\" data-start=\"807\" data-end=\"835\">\n<p class=\"\" data-start=\"809\" data-end=\"835\">Rociador de acero SUS304<\/p>\n<\/li>\n<li class=\"\" data-start=\"838\" data-end=\"863\">\n<p class=\"\" data-start=\"840\" data-end=\"863\">Barra de acero SUS201<\/p>\n<\/li>\n<li class=\"\" data-start=\"866\" data-end=\"895\">\n<p class=\"\" data-start=\"868\" data-end=\"895\">Flexo de PVC<\/p>\n<\/li>\n<li class=\"\" data-start=\"898\" data-end=\"926\">\n<p class=\"\" data-start=\"900\" data-end=\"926\">Alcachofa de mano de lat\u00f3n<\/p>\n<\/li>\n<\/ul>\n<\/li>\n<li class=\"\" data-start=\"927\" data-end=\"954\">\n<p class=\"\" data-start=\"929\" data-end=\"954\"><strong data-start=\"929\" data-end=\"941\">Acabado:<\/strong> Negro mate<\/p>\n<\/li>\n<li><strong>Instalaci\u00f3n:<\/strong> Distancia est\u00e1ndar de 15 cm entre tomas<\/li>\n<\/ul>\n","protected":false},"excerpt":{"rendered":"<p>Serie segura es adecuada para aquellos que buscan una grifer\u00eda m\u00e1s cl\u00e1sica con sus l\u00edneas rectas y cuadradas.\u00a0 Actualmente disponemos de tres acabados cromado, negro mate y dorado cepillado con su amplia gama de grifo de lavabo, grifo para pica, grifo de bid\u00e9 , barra de ducha y barra de ba\u00f1era. Todos nuestros productos llevan los flexos de instalaci\u00f3n.<\/p>\n<p>La garant\u00eda de todos nuestros productos es de 3 a\u00f1os, para funcionamiento, duraci\u00f3n del esmaltado y anticorrosi\u00f3n.<\/p>\n<p>Recomendamos para un correcto mantenimiento de la grifer\u00eda y evitar el deterioro por el uso. Secar las gotas de agua con un pa\u00f1o suave despu\u00e9s del uso, evitando que se posen en la superficie y deterioran el acabado, no utilizar esponjas que puedan rayar la grifer\u00eda, utilizar limpiadores como vinagre limpieza, agua caliente y jab\u00f3n con ph neutro.<\/p>\n<p><strong>Nuestro departamento\u00a0t\u00e9cnico\u00a0dispone de\u00a0gu\u00edas\u00a0de todos los\u00a0modelos\u00a0empotrados\u00a0que vendemos<\/strong><strong>,\u00a0si tiene alguna duda con la\u00a0instalaci\u00f3n\u00a0contacte con nosotros mediante\u00a0tel\u00e9fono,\u00a0WhatsApp\u00a0o email dentro del horario laboral indicado en la web.<\/strong><\/p>\n<p><strong>Recuerden que una vez instalado el cuerpo\u00a0empotrado\u00a0de la\u00a0grifer\u00eda\u00a0revisar de su correcto funcionamiento de paso de agua, comprobaci\u00f3n de cartuchos y corte de agua, si detecta alguna\u00a0anomal\u00eda\u00a0informe a nuestro\u00a0departamento\u00a0para darle una\u00a0soluci\u00f3n, no\u00a0contin\u00fae\u00a0con la\u00a0instalaci\u00f3n\u00a0de cerramiento de la pared.<\/strong><\/p>\n","protected":false},"featured_media":9540,"template":"","meta":[],"product_brand":[],"product_cat":[55,47],"product_tag":[],"serie":[32],"manual-de-instalacion":[],"color":[27],"class_list":{"0":"post-355","1":"product","2":"type-product","3":"status-publish","4":"has-post-thumbnail","6":"product_cat-barras-de-ducha","7":"product_cat-duchas","8":"pa_tamano-rociador-20cm","9":"pa_tamano-rociador-25cm","10":"pa_tamano-rociador-30cm","11":"pa_tamano-rociador-40cm","12":"serie-segura","13":"color-negro-mate","15":"first","16":"instock","17":"taxable","18":"shipping-taxable","19":"product-type-variable"},"_links":{"self":[{"href":"https:\/\/www.valaz.es\/en\/wp-json\/wp\/v2\/product\/355","targetHints":{"allow":["GET"]}}],"collection":[{"href":"https:\/\/www.valaz.es\/en\/wp-json\/wp\/v2\/product"}],"about":[{"href":"https:\/\/www.valaz.es\/en\/wp-json\/wp\/v2\/types\/product"}],"wp:featuredmedia":[{"embeddable":true,"href":"https:\/\/www.valaz.es\/en\/wp-json\/wp\/v2\/media\/9540"}],"wp:attachment":[{"href":"https:\/\/www.valaz.es\/en\/wp-json\/wp\/v2\/media?parent=355"}],"wp:term":[{"taxonomy":"product_brand","embeddable":true,"href":"https:\/\/www.valaz.es\/en\/wp-json\/wp\/v2\/product_brand?post=355"},{"taxonomy":"product_cat","embeddable":true,"href":"https:\/\/www.valaz.es\/en\/wp-json\/wp\/v2\/product_cat?post=355"},{"taxonomy":"product_tag","embeddable":true,"href":"https:\/\/www.valaz.es\/en\/wp-json\/wp\/v2\/product_tag?post=355"},{"taxonomy":"serie","embeddable":true,"href":"https:\/\/www.valaz.es\/en\/wp-json\/wp\/v2\/serie?post=355"},{"taxonomy":"manual-de-instalacion","embeddable":true,"href":"https:\/\/www.valaz.es\/en\/wp-json\/wp\/v2\/manual-de-instalacion?post=355"},{"taxonomy":"color","embeddable":true,"href":"https:\/\/www.valaz.es\/en\/wp-json\/wp\/v2\/color?post=355"}],"curies":[{"name":"wp","href":"https:\/\/api.w.org\/{rel}","templated":true}]}}