{"id":3496,"date":"2022-12-23T12:09:53","date_gmt":"2022-12-23T11:09:53","guid":{"rendered":"https:\/\/www.valaz.es\/?post_type=product&#038;p=3496"},"modified":"2025-06-27T12:02:19","modified_gmt":"2025-06-27T10:02:19","slug":"ducha-empotrada-monomando-a-pared-ovalada-cuadrada-a-techo-cromada-serie-esla","status":"publish","type":"product","link":"https:\/\/www.valaz.es\/en\/product\/ducha-empotrada-monomando-a-pared-ovalada-cuadrada-a-techo-cromada-serie-esla\/","title":{"rendered":"Ducha empotrada monomando ovalada\/cuadrada a techo cromada &#8211; Serie Esla"},"content":{"rendered":"<p class=\"\" data-start=\"206\" data-end=\"674\">La ducha empotrada monomando ovalada\/cuadrada de la Serie Esla, con un acabado cromado brillante, es ideal para quienes buscan un dise\u00f1o moderno y elegante en su ba\u00f1o. Este modelo cuenta con un rociador de efecto lluvia y una alcachofa de mano, todo controlado por un monomando de 2 v\u00edas. Su instalaci\u00f3n empotrada a techo proporciona un acabado limpio y sofisticado, y su dise\u00f1o resistente est\u00e1 pensado para ofrecer una experiencia de ducha superior.<\/p>\n<p class=\"\" data-start=\"676\" data-end=\"698\"><strong data-start=\"676\" data-end=\"696\">Especificaciones<\/strong><\/p>\n<ul data-start=\"699\" data-end=\"1131\">\n<li class=\"\" data-start=\"699\" data-end=\"741\">\n<p class=\"\" data-start=\"701\" data-end=\"741\">Tipo de instalaci\u00f3n: empotrada a techo<\/p>\n<\/li>\n<li class=\"\" data-start=\"742\" data-end=\"772\">\n<p class=\"\" data-start=\"744\" data-end=\"772\">Acabado: cromado brillante<\/p>\n<\/li>\n<li class=\"\" data-start=\"773\" data-end=\"805\">\n<p class=\"\" data-start=\"775\" data-end=\"805\">Cuerpo de la grifer\u00eda: lat\u00f3n<\/p>\n<\/li>\n<li class=\"\" data-start=\"806\" data-end=\"872\">\n<p class=\"\" data-start=\"808\" data-end=\"872\">Rociador: acero inoxidable (disponible en 20\u00d720, 25\u00d725, 30\u00d730)<\/p>\n<\/li>\n<li class=\"\" data-start=\"873\" data-end=\"899\">\n<p class=\"\" data-start=\"875\" data-end=\"899\">Alcachofa de mano: Lat\u00f3n<\/p>\n<\/li>\n<li class=\"\" data-start=\"900\" data-end=\"923\">\n<p class=\"\" data-start=\"902\" data-end=\"923\">Flexo: Acero inoxidable (150 cm)<\/p>\n<\/li>\n<li class=\"\" data-start=\"924\" data-end=\"992\">\n<p class=\"\" data-start=\"926\" data-end=\"992\">Monomando de 2 v\u00edas (rociador efecto lluvia y alcachofa de mano)<\/p>\n<\/li>\n<li class=\"\" data-start=\"993\" data-end=\"1051\">\n<p class=\"\" data-start=\"995\" data-end=\"1051\">Funci\u00f3n: rociador de efecto lluvia y alcachofa de mano<\/p>\n<\/li>\n<li class=\"\" data-start=\"1052\" data-end=\"1097\">\n<p class=\"\" data-start=\"1054\" data-end=\"1097\">Soporte a techo incluido para el rociador<\/p>\n<\/li>\n<li class=\"\" data-start=\"1098\" data-end=\"1131\">\n<p class=\"\" data-start=\"1100\" data-end=\"1131\">Alcachofa de mano con soporte<\/p>\n<\/li>\n<li data-start=\"1098\" data-end=\"1131\">Incluye caja box empotrable<\/li>\n<\/ul>\n","protected":false},"excerpt":{"rendered":"<p>La serie Esla destaca por su acabado cuadrado con l\u00edneas ovaladas es cl\u00e1sica, sus acabados son dorado cepillado, cromado y negro mate. Disponemos de ducha empotrada monomando a techo o pared y a juego con su grifo de lavabo monomando empotrado<\/p>\n<p>&nbsp;<\/p>\n<p>La garant\u00eda de todos nuestros productos es de 3 a\u00f1os, para funcionamiento, duraci\u00f3n del esmaltado y anticorrosi\u00f3n.<\/p>\n<p>Recomendamos para un correcto mantenimiento de la grifer\u00eda y evitar el deterioro por el uso. Secar las gotas de agua con un pa\u00f1o suave despu\u00e9s del uso, evitando que se posen en la superficie y deterioran el acabado, no utilizar esponjas que puedan rayar la grifer\u00eda, utilizar limpiadores como vinagre limpieza, agua caliente y jab\u00f3n con ph neutro.<\/p>\n<p>&nbsp;<\/p>\n<p><strong>Nuestro departamento\u00a0t\u00e9cnico\u00a0dispone de\u00a0gu\u00edas\u00a0de todos los\u00a0modelos\u00a0empotrados\u00a0que vendemos<\/strong><strong>,\u00a0si tiene alguna duda con la\u00a0instalaci\u00f3n\u00a0contacte con nosotros mediante\u00a0tel\u00e9fono,\u00a0WhatsApp\u00a0o email dentro del horario laboral indicado en la web.<\/strong><\/p>\n<p><strong>Recuerden que una vez instalado el cuerpo\u00a0empotrado\u00a0de la\u00a0grifer\u00eda\u00a0revisar de su correcto funcionamiento de paso de agua, comprobaci\u00f3n de cartuchos y corte de agua, si detecta alguna\u00a0anomal\u00eda\u00a0informe a nuestro\u00a0departamento\u00a0para darle una\u00a0soluci\u00f3n, no\u00a0contin\u00fae\u00a0con la\u00a0instalaci\u00f3n\u00a0de cerramiento de la pared.<\/strong><\/p>\n<p>&nbsp;<\/p>\n","protected":false},"featured_media":3709,"template":"","meta":[],"product_brand":[],"product_cat":[57,47],"product_tag":[],"serie":[317],"manual-de-instalacion":[78],"color":[26],"class_list":{"0":"post-3496","1":"product","2":"type-product","3":"status-publish","4":"has-post-thumbnail","6":"product_cat-duchas-empotradas","7":"product_cat-duchas","8":"pa_tamano-rociador-20cm","9":"pa_tamano-rociador-25cm","10":"pa_tamano-rociador-30cm","11":"pa_tamano-rociador-40cm","12":"serie-esla","13":"manual-de-instalacion-guia-instalacion-duchas-empotradas-monomando","14":"color-cromo","16":"first","17":"instock","18":"taxable","19":"shipping-taxable","20":"product-type-variable"},"_links":{"self":[{"href":"https:\/\/www.valaz.es\/en\/wp-json\/wp\/v2\/product\/3496","targetHints":{"allow":["GET"]}}],"collection":[{"href":"https:\/\/www.valaz.es\/en\/wp-json\/wp\/v2\/product"}],"about":[{"href":"https:\/\/www.valaz.es\/en\/wp-json\/wp\/v2\/types\/product"}],"wp:featuredmedia":[{"embeddable":true,"href":"https:\/\/www.valaz.es\/en\/wp-json\/wp\/v2\/media\/3709"}],"wp:attachment":[{"href":"https:\/\/www.valaz.es\/en\/wp-json\/wp\/v2\/media?parent=3496"}],"wp:term":[{"taxonomy":"product_brand","embeddable":true,"href":"https:\/\/www.valaz.es\/en\/wp-json\/wp\/v2\/product_brand?post=3496"},{"taxonomy":"product_cat","embeddable":true,"href":"https:\/\/www.valaz.es\/en\/wp-json\/wp\/v2\/product_cat?post=3496"},{"taxonomy":"product_tag","embeddable":true,"href":"https:\/\/www.valaz.es\/en\/wp-json\/wp\/v2\/product_tag?post=3496"},{"taxonomy":"serie","embeddable":true,"href":"https:\/\/www.valaz.es\/en\/wp-json\/wp\/v2\/serie?post=3496"},{"taxonomy":"manual-de-instalacion","embeddable":true,"href":"https:\/\/www.valaz.es\/en\/wp-json\/wp\/v2\/manual-de-instalacion?post=3496"},{"taxonomy":"color","embeddable":true,"href":"https:\/\/www.valaz.es\/en\/wp-json\/wp\/v2\/color?post=3496"}],"curies":[{"name":"wp","href":"https:\/\/api.w.org\/{rel}","templated":true}]}}