{"id":3495,"date":"2022-12-23T12:07:55","date_gmt":"2022-12-23T11:07:55","guid":{"rendered":"https:\/\/www.valaz.es\/?post_type=product&#038;p=3495"},"modified":"2026-03-21T20:23:09","modified_gmt":"2026-03-21T19:23:09","slug":"ducha-empotrada-monomando-redonda-con-embellecedor-rectangular-a-techo-dorado-cepillado-serie-sil","status":"publish","type":"product","link":"https:\/\/www.valaz.es\/en\/product\/ducha-empotrada-monomando-redonda-con-embellecedor-rectangular-a-techo-dorado-cepillado-serie-sil\/","title":{"rendered":"Ducha empotrada monomando redonda con embellecedor rectangular a techo dorado cepillado &#8211; Serie Sil"},"content":{"rendered":"<p class=\"\" data-start=\"262\" data-end=\"783\">La ducha empotrada monomando redonda con embellecedor rectangular de la Serie Sil, en acabado dorado cepillado, ofrece una est\u00e9tica elegante y moderna para cualquier ba\u00f1o. Su dise\u00f1o \u00fanico con embellecedor rectangular y la instalaci\u00f3n empotrada a techo aseguran un acabado limpio y sofisticado. Esta ducha cuenta con un monomando de 2 v\u00edas que controla el rociador de efecto lluvia y la alcachofa de mano, brindando versatilidad y comodidad. Perfecta para quienes buscan funcionalidad y un toque de lujo.<\/p>\n<p class=\"\" data-start=\"785\" data-end=\"807\"><strong data-start=\"785\" data-end=\"805\">Especificaciones<\/strong><\/p>\n<ul data-start=\"808\" data-end=\"1201\">\n<li class=\"\" data-start=\"808\" data-end=\"850\">\n<p class=\"\" data-start=\"810\" data-end=\"850\">Tipo de instalaci\u00f3n: empotrada a techo<\/p>\n<\/li>\n<li class=\"\" data-start=\"851\" data-end=\"880\">\n<p class=\"\" data-start=\"853\" data-end=\"880\">Acabado: dorado cepillado<\/p>\n<\/li>\n<li class=\"\" data-start=\"881\" data-end=\"913\">\n<p class=\"\" data-start=\"883\" data-end=\"913\">Cuerpo de la grifer\u00eda: lat\u00f3n<\/p>\n<\/li>\n<li class=\"\" data-start=\"914\" data-end=\"944\">\n<p class=\"\" data-start=\"916\" data-end=\"944\">Rociador: acero inoxidable<\/p>\n<\/li>\n<li class=\"\" data-start=\"945\" data-end=\"971\">\n<p class=\"\" data-start=\"947\" data-end=\"971\">Alcachofa de mano: PVC<\/p>\n<\/li>\n<li class=\"\" data-start=\"972\" data-end=\"995\">\n<p class=\"\" data-start=\"974\" data-end=\"995\">Flexo: PVC (150 cm)<\/p>\n<\/li>\n<li class=\"\" data-start=\"996\" data-end=\"1064\">\n<p class=\"\" data-start=\"998\" data-end=\"1064\">Monomando de 2 v\u00edas (rociador efecto lluvia y alcachofa de mano)<\/p>\n<\/li>\n<li class=\"\" data-start=\"1065\" data-end=\"1121\">\n<p class=\"\" data-start=\"1067\" data-end=\"1121\">Embellecedor rectangular para un acabado sofisticado<\/p>\n<\/li>\n<li class=\"\" data-start=\"1122\" data-end=\"1167\">\n<p class=\"\" data-start=\"1124\" data-end=\"1167\">Soporte a techo incluido para el rociador<\/p>\n<\/li>\n<li class=\"\" data-start=\"1168\" data-end=\"1201\">\n<p class=\"\" data-start=\"1170\" data-end=\"1201\">Alcachofa de mano con soporte<\/p>\n<\/li>\n<\/ul>\n","protected":false},"excerpt":{"rendered":"<p>Serie Sil con acabados rectangulares y redondos, actualmente disponemos del conjunto de ducha empotrada con rociador redondo tanto a pared como a techo y a juego su grifo de lavabo empotrados. Con acabados en cromado, dorado cepillado y negro mate.<\/p>\n<p>&nbsp;<\/p>\n<p>La garant\u00eda de todos nuestros productos es de 3 a\u00f1os, para funcionamiento, duraci\u00f3n del esmaltado y anticorrosi\u00f3n.<\/p>\n<p>Recomendamos para un correcto mantenimiento de la grifer\u00eda y evitar el deterioro por el uso. Secar las gotas de agua con un pa\u00f1o suave despu\u00e9s del uso, evitando que se posen en la superficie y deterioran el acabado, no utilizar esponjas que puedan rayar la grifer\u00eda, utilizar limpiadores como vinagre limpieza, agua caliente y jab\u00f3n con ph neutro.<\/p>\n<p>&nbsp;<\/p>\n<p><strong>Nuestro departamento\u00a0t\u00e9cnico\u00a0dispone de\u00a0gu\u00edas\u00a0de todos los\u00a0modelos\u00a0empotrados\u00a0que vendemos<\/strong><strong>,\u00a0si tiene alguna duda con la\u00a0instalaci\u00f3n\u00a0contacte con nosotros mediante\u00a0tel\u00e9fono,\u00a0WhatsApp\u00a0o email dentro del horario laboral indicado en la web.<\/strong><\/p>\n<p><strong>Recuerden que una vez instalado el cuerpo\u00a0empotrado\u00a0de la\u00a0grifer\u00eda\u00a0revisar de su correcto funcionamiento de paso de agua, comprobaci\u00f3n de cartuchos y corte de agua, si detecta alguna\u00a0anomal\u00eda\u00a0informe a nuestro\u00a0departamento\u00a0para darle una\u00a0soluci\u00f3n, no\u00a0contin\u00fae\u00a0con la\u00a0instalaci\u00f3n\u00a0de cerramiento de la pared.<\/strong><\/p>\n","protected":false},"featured_media":3725,"template":"","meta":[],"product_brand":[],"product_cat":[57,47],"product_tag":[],"serie":[318],"manual-de-instalacion":[85],"color":[34],"class_list":{"0":"post-3495","1":"product","2":"type-product","3":"status-publish","4":"has-post-thumbnail","6":"product_cat-duchas-empotradas","7":"product_cat-duchas","8":"pa_tamano-rociador-20cm","9":"pa_tamano-rociador-25cm","10":"pa_tamano-rociador-30cm","11":"serie-sil","12":"manual-de-instalacion-guia-instalacion-mino","13":"color-dorado-cepillado","15":"first","16":"outofstock","17":"taxable","18":"shipping-taxable","19":"product-type-variable"},"_links":{"self":[{"href":"https:\/\/www.valaz.es\/en\/wp-json\/wp\/v2\/product\/3495","targetHints":{"allow":["GET"]}}],"collection":[{"href":"https:\/\/www.valaz.es\/en\/wp-json\/wp\/v2\/product"}],"about":[{"href":"https:\/\/www.valaz.es\/en\/wp-json\/wp\/v2\/types\/product"}],"wp:featuredmedia":[{"embeddable":true,"href":"https:\/\/www.valaz.es\/en\/wp-json\/wp\/v2\/media\/3725"}],"wp:attachment":[{"href":"https:\/\/www.valaz.es\/en\/wp-json\/wp\/v2\/media?parent=3495"}],"wp:term":[{"taxonomy":"product_brand","embeddable":true,"href":"https:\/\/www.valaz.es\/en\/wp-json\/wp\/v2\/product_brand?post=3495"},{"taxonomy":"product_cat","embeddable":true,"href":"https:\/\/www.valaz.es\/en\/wp-json\/wp\/v2\/product_cat?post=3495"},{"taxonomy":"product_tag","embeddable":true,"href":"https:\/\/www.valaz.es\/en\/wp-json\/wp\/v2\/product_tag?post=3495"},{"taxonomy":"serie","embeddable":true,"href":"https:\/\/www.valaz.es\/en\/wp-json\/wp\/v2\/serie?post=3495"},{"taxonomy":"manual-de-instalacion","embeddable":true,"href":"https:\/\/www.valaz.es\/en\/wp-json\/wp\/v2\/manual-de-instalacion?post=3495"},{"taxonomy":"color","embeddable":true,"href":"https:\/\/www.valaz.es\/en\/wp-json\/wp\/v2\/color?post=3495"}],"curies":[{"name":"wp","href":"https:\/\/api.w.org\/{rel}","templated":true}]}}