{"id":3494,"date":"2022-12-23T12:06:21","date_gmt":"2022-12-23T11:06:21","guid":{"rendered":"https:\/\/www.valaz.es\/?post_type=product&#038;p=3494"},"modified":"2025-06-27T12:04:17","modified_gmt":"2025-06-27T10:04:17","slug":"ducha-empotrada-monomando-redonda-con-embellecedor-rectangular-a-techo-cromado-serie-sil","status":"publish","type":"product","link":"https:\/\/www.valaz.es\/en\/product\/ducha-empotrada-monomando-redonda-con-embellecedor-rectangular-a-techo-cromado-serie-sil\/","title":{"rendered":"Ducha empotrada monomando redonda con embellecedor rectangular a techo cromado &#8211; Serie Sil"},"content":{"rendered":"<p class=\"\" data-start=\"244\" data-end=\"709\">La ducha empotrada monomando redonda con embellecedor rectangular de la Serie Sil en acabado cromado combina funcionalidad y estilo contempor\u00e1neo. Su dise\u00f1o empotrado a techo con embellecedor rectangular proporciona una est\u00e9tica limpia y moderna, ideal para cualquier ba\u00f1o de lujo. El monomando de 2 v\u00edas permite controlar f\u00e1cilmente el rociador de efecto lluvia y la alcachofa de mano, ofreci\u00e9ndote una experiencia de ducha vers\u00e1til y placentera.<\/p>\n<p class=\"\" data-start=\"711\" data-end=\"733\"><strong data-start=\"711\" data-end=\"731\">Especificaciones<\/strong><\/p>\n<ul data-start=\"734\" data-end=\"1115\">\n<li class=\"\" data-start=\"734\" data-end=\"776\">\n<p class=\"\" data-start=\"736\" data-end=\"776\">Tipo de instalaci\u00f3n: empotrada a techo<\/p>\n<\/li>\n<li class=\"\" data-start=\"777\" data-end=\"797\">\n<p class=\"\" data-start=\"779\" data-end=\"797\">Acabado: cromado<\/p>\n<\/li>\n<li class=\"\" data-start=\"798\" data-end=\"830\">\n<p class=\"\" data-start=\"800\" data-end=\"830\">Cuerpo de la grifer\u00eda: lat\u00f3n<\/p>\n<\/li>\n<li class=\"\" data-start=\"831\" data-end=\"861\">\n<p class=\"\" data-start=\"833\" data-end=\"861\">Rociador: acero inoxidable<\/p>\n<\/li>\n<li class=\"\" data-start=\"862\" data-end=\"888\">\n<p class=\"\" data-start=\"864\" data-end=\"888\">Alcachofa de mano: PVC<\/p>\n<\/li>\n<li class=\"\" data-start=\"862\" data-end=\"888\">\n<p class=\"\" data-start=\"864\" data-end=\"888\">Flexo: acero inoxidable<\/p>\n<\/li>\n<li class=\"\" data-start=\"913\" data-end=\"981\">\n<p class=\"\" data-start=\"915\" data-end=\"981\">Monomando de 2 v\u00edas (rociador efecto lluvia y alcachofa de mano)<\/p>\n<\/li>\n<li class=\"\" data-start=\"982\" data-end=\"1035\">\n<p class=\"\" data-start=\"984\" data-end=\"1035\">Embellecedor rectangular para un acabado elegante<\/p>\n<\/li>\n<li class=\"\" data-start=\"1036\" data-end=\"1081\">\n<p class=\"\" data-start=\"1038\" data-end=\"1081\">Soporte a techo incluido para el rociador<\/p>\n<\/li>\n<li class=\"\" data-start=\"1082\" data-end=\"1115\">\n<p class=\"\" data-start=\"1084\" data-end=\"1115\">Alcachofa de mano con soporte<\/p>\n<\/li>\n<li data-start=\"1082\" data-end=\"1115\">Incluye caja box empotrable<\/li>\n<\/ul>\n","protected":false},"excerpt":{"rendered":"<p>Serie Sil con acabados rectangulares y redondos, actualmente disponemos del conjunto de ducha empotrada con rociador redondo tanto a pared como a techo y a juego su grifo de lavabo empotrados. Con acabados en cromado, dorado cepillado y negro mate.<\/p>\n<p>&nbsp;<\/p>\n<p>La garant\u00eda de todos nuestros productos es de 3 a\u00f1os, para funcionamiento, duraci\u00f3n del esmaltado y anticorrosi\u00f3n.<\/p>\n<p>Recomendamos para un correcto mantenimiento de la grifer\u00eda y evitar el deterioro por el uso. Secar las gotas de agua con un pa\u00f1o suave despu\u00e9s del uso, evitando que se posen en la superficie y deterioran el acabado, no utilizar esponjas que puedan rayar la grifer\u00eda, utilizar limpiadores como vinagre limpieza, agua caliente y jab\u00f3n con ph neutro.<\/p>\n<p>&nbsp;<\/p>\n<p><strong>Nuestro departamento\u00a0t\u00e9cnico\u00a0dispone de\u00a0gu\u00edas\u00a0de todos los\u00a0modelos\u00a0empotrados\u00a0que vendemos<\/strong><strong>,\u00a0si tiene alguna duda con la\u00a0instalaci\u00f3n\u00a0contacte con nosotros mediante\u00a0tel\u00e9fono,\u00a0WhatsApp\u00a0o email dentro del horario laboral indicado en la web.<\/strong><\/p>\n<p><strong>Recuerden que una vez instalado el cuerpo\u00a0empotrado\u00a0de la\u00a0grifer\u00eda\u00a0revisar de su correcto funcionamiento de paso de agua, comprobaci\u00f3n de cartuchos y corte de agua, si detecta alguna\u00a0anomal\u00eda\u00a0informe a nuestro\u00a0departamento\u00a0para darle una\u00a0soluci\u00f3n, no\u00a0contin\u00fae\u00a0con la\u00a0instalaci\u00f3n\u00a0de cerramiento de la pared.<\/strong><\/p>\n","protected":false},"featured_media":3721,"template":"","meta":[],"product_brand":[],"product_cat":[57,47],"product_tag":[],"serie":[318],"manual-de-instalacion":[85],"color":[26],"class_list":{"0":"post-3494","1":"product","2":"type-product","3":"status-publish","4":"has-post-thumbnail","6":"product_cat-duchas-empotradas","7":"product_cat-duchas","8":"pa_tamano-rociador-20cm","9":"pa_tamano-rociador-25cm","10":"pa_tamano-rociador-30cm","11":"serie-sil","12":"manual-de-instalacion-guia-instalacion-mino","13":"color-cromo","15":"first","16":"instock","17":"taxable","18":"shipping-taxable","19":"product-type-variable"},"_links":{"self":[{"href":"https:\/\/www.valaz.es\/en\/wp-json\/wp\/v2\/product\/3494","targetHints":{"allow":["GET"]}}],"collection":[{"href":"https:\/\/www.valaz.es\/en\/wp-json\/wp\/v2\/product"}],"about":[{"href":"https:\/\/www.valaz.es\/en\/wp-json\/wp\/v2\/types\/product"}],"wp:featuredmedia":[{"embeddable":true,"href":"https:\/\/www.valaz.es\/en\/wp-json\/wp\/v2\/media\/3721"}],"wp:attachment":[{"href":"https:\/\/www.valaz.es\/en\/wp-json\/wp\/v2\/media?parent=3494"}],"wp:term":[{"taxonomy":"product_brand","embeddable":true,"href":"https:\/\/www.valaz.es\/en\/wp-json\/wp\/v2\/product_brand?post=3494"},{"taxonomy":"product_cat","embeddable":true,"href":"https:\/\/www.valaz.es\/en\/wp-json\/wp\/v2\/product_cat?post=3494"},{"taxonomy":"product_tag","embeddable":true,"href":"https:\/\/www.valaz.es\/en\/wp-json\/wp\/v2\/product_tag?post=3494"},{"taxonomy":"serie","embeddable":true,"href":"https:\/\/www.valaz.es\/en\/wp-json\/wp\/v2\/serie?post=3494"},{"taxonomy":"manual-de-instalacion","embeddable":true,"href":"https:\/\/www.valaz.es\/en\/wp-json\/wp\/v2\/manual-de-instalacion?post=3494"},{"taxonomy":"color","embeddable":true,"href":"https:\/\/www.valaz.es\/en\/wp-json\/wp\/v2\/color?post=3494"}],"curies":[{"name":"wp","href":"https:\/\/api.w.org\/{rel}","templated":true}]}}