{"id":345,"date":"2022-11-08T17:27:27","date_gmt":"2022-11-08T16:27:27","guid":{"rendered":"https:\/\/www.valaz.es\/?post_type=product&#038;p=345"},"modified":"2026-04-27T17:36:06","modified_gmt":"2026-04-27T15:36:06","slug":"barra-de-ducha-monomando-cuadrada-ajustable-hasta-120cm-negro-mate-serie-segura","status":"publish","type":"product","link":"https:\/\/www.valaz.es\/en\/product\/barra-de-ducha-monomando-cuadrada-ajustable-hasta-120cm-negro-mate-serie-segura\/","title":{"rendered":"Barra de ducha monomando cuadrada ajustable hasta 120CM negro mate serie Segura"},"content":{"rendered":"<p class=\"\" data-start=\"163\" data-end=\"455\">La barra de ducha monomando cuadrada negro mate de la Serie Segura ofrece una combinaci\u00f3n perfecta de dise\u00f1o contempor\u00e1neo y funcionalidad. Su acabado negro mate y el dise\u00f1o cuadrado proporcionan un estilo elegante y minimalista que se adapta perfectamente a ba\u00f1os modernos.<\/p>\n<p class=\"\" data-start=\"457\" data-end=\"479\"><strong data-start=\"457\" data-end=\"477\">Especificaciones<\/strong><\/p>\n<ul data-start=\"480\" data-end=\"892\">\n<li class=\"\" data-start=\"480\" data-end=\"539\">\n<p class=\"\" data-start=\"482\" data-end=\"539\"><strong data-start=\"482\" data-end=\"503\">Tipo de grifer\u00eda:<\/strong> Barra de ducha monomando cuadrada<\/p>\n<\/li>\n<li class=\"\" data-start=\"540\" data-end=\"601\">\n<p class=\"\" data-start=\"542\" data-end=\"601\"><strong data-start=\"542\" data-end=\"555\">Rociador:<\/strong> Disponible en tama\u00f1os de 20, 25, 30 y 40 cm<\/p>\n<\/li>\n<li class=\"\" data-start=\"602\" data-end=\"645\">\n<p class=\"\" data-start=\"604\" data-end=\"645\"><strong data-start=\"604\" data-end=\"625\">Barra extensible:<\/strong> De 80 cm a 120 cm<\/p>\n<\/li>\n<li class=\"\" data-start=\"646\" data-end=\"722\">\n<p class=\"\" data-start=\"648\" data-end=\"722\"><strong data-start=\"648\" data-end=\"674\">Cuerpo de la grifer\u00eda:<\/strong> Lat\u00f3n con cartucho cer\u00e1mico y maneta cuadrada<\/p>\n<\/li>\n<li class=\"\" data-start=\"723\" data-end=\"864\">\n<p class=\"\" data-start=\"725\" data-end=\"742\"><strong data-start=\"725\" data-end=\"740\">Materiales:<\/strong><\/p>\n<ul data-start=\"745\" data-end=\"864\">\n<li class=\"\" data-start=\"745\" data-end=\"773\">\n<p class=\"\" data-start=\"747\" data-end=\"773\">Rociador de acero SUS304<\/p>\n<\/li>\n<li class=\"\" data-start=\"776\" data-end=\"801\">\n<p class=\"\" data-start=\"778\" data-end=\"801\">Barra de acero SUS201<\/p>\n<\/li>\n<li class=\"\" data-start=\"804\" data-end=\"833\">\n<p class=\"\" data-start=\"806\" data-end=\"833\">Flexo de PVC<\/p>\n<\/li>\n<li class=\"\" data-start=\"836\" data-end=\"864\">\n<p class=\"\" data-start=\"838\" data-end=\"864\">Alcachofa de mano de PVC<\/p>\n<\/li>\n<\/ul>\n<\/li>\n<li class=\"\" data-start=\"865\" data-end=\"892\">\n<p class=\"\" data-start=\"867\" data-end=\"892\"><strong data-start=\"867\" data-end=\"879\">Acabado:<\/strong> Negro mate<\/p>\n<\/li>\n<\/ul>\n<ul>\n<li><strong>Instalaci\u00f3n:<\/strong> Distancia est\u00e1ndar de 15 cm entre tomas<\/li>\n<\/ul>\n","protected":false},"excerpt":{"rendered":"<p>Serie segura es adecuada para aquellos que buscan una grifer\u00eda m\u00e1s cl\u00e1sica con sus l\u00edneas rectas y cuadradas.\u00a0 Actualmente disponemos de tres acabados cromado, negro mate y dorado cepillado con su amplia gama de grifo de lavabo, grifo para pica, grifo de bid\u00e9 , barra de ducha y barra de ba\u00f1era. Todos nuestros productos llevan los flexos de instalaci\u00f3n.<\/p>\n<p>La garant\u00eda de todos nuestros productos es de 3 a\u00f1os, para funcionamiento, duraci\u00f3n del esmaltado y anticorrosi\u00f3n.<\/p>\n<p>Recomendamos para un correcto mantenimiento de la grifer\u00eda y evitar el deterioro por el uso. Secar las gotas de agua con un pa\u00f1o suave despu\u00e9s del uso, evitando que se posen en la superficie y deterioran el acabado, no utilizar esponjas que puedan rayar la grifer\u00eda, utilizar limpiadores como vinagre limpieza, agua caliente y jab\u00f3n con ph neutro.<\/p>\n<p><strong>Nuestro departamento\u00a0t\u00e9cnico\u00a0dispone de\u00a0gu\u00edas\u00a0de todos los\u00a0modelos\u00a0empotrados\u00a0que vendemos<\/strong><strong>,\u00a0si tiene alguna duda con la\u00a0instalaci\u00f3n\u00a0contacte con nosotros mediante\u00a0tel\u00e9fono,\u00a0WhatsApp\u00a0o email dentro del horario laboral indicado en la web.<\/strong><\/p>\n<p><strong>Recuerden que una vez instalado el cuerpo\u00a0empotrado\u00a0de la\u00a0grifer\u00eda\u00a0revisar de su correcto funcionamiento de paso de agua, comprobaci\u00f3n de cartuchos y corte de agua, si detecta alguna\u00a0anomal\u00eda\u00a0informe a nuestro\u00a0departamento\u00a0para darle una\u00a0soluci\u00f3n, no\u00a0contin\u00fae\u00a0con la\u00a0instalaci\u00f3n\u00a0de cerramiento de la pared.<\/strong><\/p>\n","protected":false},"featured_media":15972,"template":"","meta":[],"product_brand":[],"product_cat":[55,47],"product_tag":[],"serie":[32],"manual-de-instalacion":[],"color":[27],"class_list":{"0":"post-345","1":"product","2":"type-product","3":"status-publish","4":"has-post-thumbnail","6":"product_cat-barras-de-ducha","7":"product_cat-duchas","8":"pa_tamano-rociador-20cm","9":"pa_tamano-rociador-25cm","10":"pa_tamano-rociador-30cm","11":"pa_tamano-rociador-40cm","12":"serie-segura","13":"color-negro-mate","15":"first","16":"instock","17":"taxable","18":"shipping-taxable","19":"product-type-variable"},"_links":{"self":[{"href":"https:\/\/www.valaz.es\/en\/wp-json\/wp\/v2\/product\/345","targetHints":{"allow":["GET"]}}],"collection":[{"href":"https:\/\/www.valaz.es\/en\/wp-json\/wp\/v2\/product"}],"about":[{"href":"https:\/\/www.valaz.es\/en\/wp-json\/wp\/v2\/types\/product"}],"wp:featuredmedia":[{"embeddable":true,"href":"https:\/\/www.valaz.es\/en\/wp-json\/wp\/v2\/media\/15972"}],"wp:attachment":[{"href":"https:\/\/www.valaz.es\/en\/wp-json\/wp\/v2\/media?parent=345"}],"wp:term":[{"taxonomy":"product_brand","embeddable":true,"href":"https:\/\/www.valaz.es\/en\/wp-json\/wp\/v2\/product_brand?post=345"},{"taxonomy":"product_cat","embeddable":true,"href":"https:\/\/www.valaz.es\/en\/wp-json\/wp\/v2\/product_cat?post=345"},{"taxonomy":"product_tag","embeddable":true,"href":"https:\/\/www.valaz.es\/en\/wp-json\/wp\/v2\/product_tag?post=345"},{"taxonomy":"serie","embeddable":true,"href":"https:\/\/www.valaz.es\/en\/wp-json\/wp\/v2\/serie?post=345"},{"taxonomy":"manual-de-instalacion","embeddable":true,"href":"https:\/\/www.valaz.es\/en\/wp-json\/wp\/v2\/manual-de-instalacion?post=345"},{"taxonomy":"color","embeddable":true,"href":"https:\/\/www.valaz.es\/en\/wp-json\/wp\/v2\/color?post=345"}],"curies":[{"name":"wp","href":"https:\/\/api.w.org\/{rel}","templated":true}]}}