{"id":3414,"date":"2022-12-22T15:44:57","date_gmt":"2022-12-22T14:44:57","guid":{"rendered":"https:\/\/www.valaz.es\/?post_type=product&#038;p=3414"},"modified":"2025-07-14T16:55:02","modified_gmt":"2025-07-14T14:55:02","slug":"ducha-empotrada-monomando-redonda-con-pulsadores-a-techo-dorado-cepillado-serie-navia","status":"publish","type":"product","link":"https:\/\/www.valaz.es\/en\/product\/ducha-empotrada-monomando-redonda-con-pulsadores-a-techo-dorado-cepillado-serie-navia\/","title":{"rendered":"Ducha empotrada monomando redonda con pulsadores a techo dorado cepillado &#8211; Serie Navia"},"content":{"rendered":"<p class=\"\" data-start=\"154\" data-end=\"443\">Ducha empotrada con acabado dorado cepillado y dise\u00f1o minimalista redondo. Este modelo incorpora pulsadores para un uso m\u00e1s c\u00f3modo e intuitivo, permitiendo seleccionar entre el rociador de techo y la alcachofa de mano. Una opci\u00f3n elegante y funcional para ba\u00f1os modernos.<\/p>\n<p class=\"\" data-start=\"445\" data-end=\"467\"><strong data-start=\"445\" data-end=\"465\">Especificaciones<\/strong><\/p>\n<ul data-start=\"468\" data-end=\"784\">\n<li class=\"\" data-start=\"468\" data-end=\"513\">\n<p class=\"\" data-start=\"470\" data-end=\"513\">Cuerpo monomando de 2 v\u00edas con pulsadores<\/p>\n<\/li>\n<li class=\"\" data-start=\"514\" data-end=\"546\">\n<p class=\"\" data-start=\"516\" data-end=\"546\">Rociador con soporte a techo<\/p>\n<\/li>\n<li class=\"\" data-start=\"547\" data-end=\"595\">\n<p class=\"\" data-start=\"549\" data-end=\"595\">Alcachofa de mano con soporte y flexo de PVC<\/p>\n<\/li>\n<li class=\"\" data-start=\"596\" data-end=\"642\">\n<p class=\"\" data-start=\"598\" data-end=\"642\">Salida de agua integrada para la alcachofa<\/p>\n<\/li>\n<li class=\"\" data-start=\"643\" data-end=\"677\">\n<p class=\"\" data-start=\"645\" data-end=\"677\">Cuerpo de la grifer\u00eda de lat\u00f3n<\/p>\n<\/li>\n<li class=\"\" data-start=\"678\" data-end=\"710\">\n<p class=\"\" data-start=\"680\" data-end=\"710\">Rociador de acero inoxidable<\/p>\n<\/li>\n<li class=\"\" data-start=\"711\" data-end=\"739\">\n<p class=\"\" data-start=\"713\" data-end=\"739\">Alcachofa de mano de PVC<\/p>\n<\/li>\n<li class=\"\" data-start=\"740\" data-end=\"756\">\n<p class=\"\" data-start=\"742\" data-end=\"756\">Flexo de PVC<\/p>\n<\/li>\n<li class=\"\" data-start=\"757\" data-end=\"784\">\n<p class=\"\" data-start=\"759\" data-end=\"784\">Acabado: dorado cepillado<\/p>\n<\/li>\n<li data-start=\"757\" data-end=\"784\">Incluye caja box empotrable<\/li>\n<\/ul>\n","protected":false},"excerpt":{"rendered":"<p>Serie Navia es con l\u00edneas redondas y destaca por tus pulsadores para seleccionar la salida del agua al ser una ducha de dos v\u00edas el agua puede salir por el rociador de arriba o\u00a0 la alcachofa de mano en acabados negro mate, cromado y dorado cepillado.<\/p>\n<p>&nbsp;<\/p>\n<p>La garant\u00eda de todos nuestros productos es de 3 a\u00f1os, para funcionamiento, duraci\u00f3n del esmaltado y anticorrosi\u00f3n.<\/p>\n<p>Recomendamos para un correcto mantenimiento de la grifer\u00eda y evitar el deterioro por el uso. Secar las gotas de agua con un pa\u00f1o suave despu\u00e9s del uso, evitando que se posen en la superficie y deterioran el acabado, no utilizar esponjas que puedan rayar la grifer\u00eda, utilizar limpiadores como vinagre limpieza, agua caliente y jab\u00f3n con ph neutro.<\/p>\n<p>&nbsp;<\/p>\n<p><strong>Nuestro departamento\u00a0t\u00e9cnico\u00a0dispone de\u00a0gu\u00edas\u00a0de todos los\u00a0modelos\u00a0empotrados\u00a0que vendemos<\/strong><strong>,\u00a0si tiene alguna duda con la\u00a0instalaci\u00f3n\u00a0contacte con nosotros mediante\u00a0tel\u00e9fono,\u00a0WhatsApp\u00a0o email dentro del horario laboral indicado en la web.<\/strong><\/p>\n<p><strong>Recuerden que una vez instalado el cuerpo\u00a0empotrado\u00a0de la\u00a0grifer\u00eda\u00a0revisar de su correcto funcionamiento de paso de agua, comprobaci\u00f3n de cartuchos y corte de agua, si detecta alguna\u00a0anomal\u00eda\u00a0informe a nuestro\u00a0departamento\u00a0para darle una\u00a0soluci\u00f3n, no\u00a0contin\u00fae\u00a0con la\u00a0instalaci\u00f3n\u00a0de cerramiento de la pared.<\/strong><\/p>\n<p>&nbsp;<\/p>\n","protected":false},"featured_media":3444,"template":"","meta":[],"product_brand":[],"product_cat":[57,47],"product_tag":[],"serie":[319],"manual-de-instalacion":[78],"color":[34],"class_list":{"0":"post-3414","1":"product","2":"type-product","3":"status-publish","4":"has-post-thumbnail","6":"product_cat-duchas-empotradas","7":"product_cat-duchas","8":"pa_tamano-rociador-20cm","9":"pa_tamano-rociador-25cm","10":"pa_tamano-rociador-30cm","11":"serie-navia","12":"manual-de-instalacion-guia-instalacion-duchas-empotradas-monomando","13":"color-dorado-cepillado","15":"first","16":"outofstock","17":"taxable","18":"shipping-taxable","19":"product-type-variable"},"_links":{"self":[{"href":"https:\/\/www.valaz.es\/en\/wp-json\/wp\/v2\/product\/3414","targetHints":{"allow":["GET"]}}],"collection":[{"href":"https:\/\/www.valaz.es\/en\/wp-json\/wp\/v2\/product"}],"about":[{"href":"https:\/\/www.valaz.es\/en\/wp-json\/wp\/v2\/types\/product"}],"wp:featuredmedia":[{"embeddable":true,"href":"https:\/\/www.valaz.es\/en\/wp-json\/wp\/v2\/media\/3444"}],"wp:attachment":[{"href":"https:\/\/www.valaz.es\/en\/wp-json\/wp\/v2\/media?parent=3414"}],"wp:term":[{"taxonomy":"product_brand","embeddable":true,"href":"https:\/\/www.valaz.es\/en\/wp-json\/wp\/v2\/product_brand?post=3414"},{"taxonomy":"product_cat","embeddable":true,"href":"https:\/\/www.valaz.es\/en\/wp-json\/wp\/v2\/product_cat?post=3414"},{"taxonomy":"product_tag","embeddable":true,"href":"https:\/\/www.valaz.es\/en\/wp-json\/wp\/v2\/product_tag?post=3414"},{"taxonomy":"serie","embeddable":true,"href":"https:\/\/www.valaz.es\/en\/wp-json\/wp\/v2\/serie?post=3414"},{"taxonomy":"manual-de-instalacion","embeddable":true,"href":"https:\/\/www.valaz.es\/en\/wp-json\/wp\/v2\/manual-de-instalacion?post=3414"},{"taxonomy":"color","embeddable":true,"href":"https:\/\/www.valaz.es\/en\/wp-json\/wp\/v2\/color?post=3414"}],"curies":[{"name":"wp","href":"https:\/\/api.w.org\/{rel}","templated":true}]}}