{"id":3409,"date":"2022-12-22T15:30:39","date_gmt":"2022-12-22T14:30:39","guid":{"rendered":"https:\/\/www.valaz.es\/?post_type=product&#038;p=3409"},"modified":"2026-03-21T20:23:23","modified_gmt":"2026-03-21T19:23:23","slug":"grifo-de-lavabo-empotrado-ovalado-con-embellecedor-cuadrado-dorado-cepillado-con-cano-de-21cm-serie-sil","status":"publish","type":"product","link":"https:\/\/www.valaz.es\/en\/product\/grifo-de-lavabo-empotrado-ovalado-con-embellecedor-cuadrado-dorado-cepillado-con-cano-de-21cm-serie-sil\/","title":{"rendered":"Grifo de lavabo empotrado ovalado con embellecedor cuadrado dorado cepillado con ca\u00f1o de 21CM &#8211; Serie sil"},"content":{"rendered":"<p class=\"\" data-start=\"265\" data-end=\"637\">Dise\u00f1o sofisticado y funcional para ba\u00f1os modernos. Este grifo empotrado de la Serie Sil combina una est\u00e9tica ovalada con un embellecedor cuadrado, aportando equilibrio y elegancia. Su acabado en dorado cepillado le da un toque exclusivo, mientras que el ca\u00f1o de 21 cm proporciona una salida de agua c\u00f3moda y bien proporcionada para lavabos de todo tipo.<\/p>\n<p class=\"\" data-start=\"639\" data-end=\"661\"><strong data-start=\"639\" data-end=\"659\">Especificaciones<\/strong><\/p>\n<ul data-start=\"662\" data-end=\"887\">\n<li class=\"\" data-start=\"662\" data-end=\"700\">\n<p class=\"\" data-start=\"664\" data-end=\"700\">Tipo de grifo: empotrado monomando<\/p>\n<\/li>\n<li class=\"\" data-start=\"701\" data-end=\"746\">\n<p class=\"\" data-start=\"703\" data-end=\"746\">Dise\u00f1o: ovalado con embellecedor cuadrado<\/p>\n<\/li>\n<li class=\"\" data-start=\"747\" data-end=\"776\">\n<p class=\"\" data-start=\"749\" data-end=\"776\">Acabado: dorado cepillado<\/p>\n<\/li>\n<li class=\"\" data-start=\"777\" data-end=\"804\">\n<p class=\"\" data-start=\"779\" data-end=\"804\">Ca\u00f1o: 21 cm de longitud<\/p>\n<\/li>\n<li class=\"\" data-start=\"805\" data-end=\"835\">\n<p class=\"\" data-start=\"807\" data-end=\"835\">Material del cuerpo: lat\u00f3n<\/p>\n<\/li>\n<li class=\"\" data-start=\"836\" data-end=\"858\">\n<p class=\"\" data-start=\"838\" data-end=\"858\">Cartucho: cer\u00e1mico<\/p>\n<\/li>\n<li class=\"\" data-start=\"859\" data-end=\"887\">\n<p class=\"\" data-start=\"861\" data-end=\"887\">Conexi\u00f3n: est\u00e1ndar de 1\/2&#8243;<\/p>\n<\/li>\n<\/ul>\n","protected":false},"excerpt":{"rendered":"<p>Serie Sil con acabados rectangulares y redondos, actualmente disponemos del conjunto de ducha empotrada con rociador redondo tanto a pared como a techo y a juego su grifo de lavabo empotrados. Con acabados en cromado, dorado cepillado y negro mate.<\/p>\n<p>&nbsp;<\/p>\n<p>La garant\u00eda de todos nuestros productos es de 3 a\u00f1os, para funcionamiento, duraci\u00f3n del esmaltado y anticorrosi\u00f3n.<\/p>\n<p>Recomendamos para un correcto mantenimiento de la grifer\u00eda y evitar el deterioro por el uso. Secar las gotas de agua con un pa\u00f1o suave despu\u00e9s del uso, evitando que se posen en la superficie y deterioran el acabado, no utilizar esponjas que puedan rayar la grifer\u00eda, utilizar limpiadores como vinagre limpieza, agua caliente y jab\u00f3n con ph neutro.<\/p>\n<p>&nbsp;<\/p>\n<p><strong>Nuestro departamento\u00a0t\u00e9cnico\u00a0dispone de\u00a0gu\u00edas\u00a0de todos los\u00a0modelos\u00a0empotrados\u00a0que vendemos<\/strong><strong>,\u00a0si tiene alguna duda con la\u00a0instalaci\u00f3n\u00a0contacte con nosotros mediante\u00a0tel\u00e9fono,\u00a0WhatsApp\u00a0o email dentro del horario laboral indicado en la web.<\/strong><\/p>\n<p><strong>Recuerden que una vez instalado el cuerpo\u00a0empotrado\u00a0de la\u00a0grifer\u00eda\u00a0revisar de su correcto funcionamiento de paso de agua, comprobaci\u00f3n de cartuchos y corte de agua, si detecta alguna\u00a0anomal\u00eda\u00a0informe a nuestro\u00a0departamento\u00a0para darle una\u00a0soluci\u00f3n, no\u00a0contin\u00fae\u00a0con la\u00a0instalaci\u00f3n\u00a0de cerramiento de la pared.<\/strong><\/p>\n","protected":false},"featured_media":3432,"template":"","meta":[],"product_brand":[],"product_cat":[48,58],"product_tag":[],"serie":[318],"manual-de-instalacion":[80],"color":[34],"class_list":{"0":"post-3409","1":"product","2":"type-product","3":"status-publish","4":"has-post-thumbnail","6":"product_cat-grifos-de-lavabo","7":"product_cat-grifos-de-lavabo-empotrados","8":"serie-sil","9":"manual-de-instalacion-guia-instalacion-grifo-lavabo-empotrado-con-caja","10":"color-dorado-cepillado","12":"first","13":"instock","14":"taxable","15":"shipping-taxable","16":"product-type-simple"},"_links":{"self":[{"href":"https:\/\/www.valaz.es\/en\/wp-json\/wp\/v2\/product\/3409","targetHints":{"allow":["GET"]}}],"collection":[{"href":"https:\/\/www.valaz.es\/en\/wp-json\/wp\/v2\/product"}],"about":[{"href":"https:\/\/www.valaz.es\/en\/wp-json\/wp\/v2\/types\/product"}],"wp:featuredmedia":[{"embeddable":true,"href":"https:\/\/www.valaz.es\/en\/wp-json\/wp\/v2\/media\/3432"}],"wp:attachment":[{"href":"https:\/\/www.valaz.es\/en\/wp-json\/wp\/v2\/media?parent=3409"}],"wp:term":[{"taxonomy":"product_brand","embeddable":true,"href":"https:\/\/www.valaz.es\/en\/wp-json\/wp\/v2\/product_brand?post=3409"},{"taxonomy":"product_cat","embeddable":true,"href":"https:\/\/www.valaz.es\/en\/wp-json\/wp\/v2\/product_cat?post=3409"},{"taxonomy":"product_tag","embeddable":true,"href":"https:\/\/www.valaz.es\/en\/wp-json\/wp\/v2\/product_tag?post=3409"},{"taxonomy":"serie","embeddable":true,"href":"https:\/\/www.valaz.es\/en\/wp-json\/wp\/v2\/serie?post=3409"},{"taxonomy":"manual-de-instalacion","embeddable":true,"href":"https:\/\/www.valaz.es\/en\/wp-json\/wp\/v2\/manual-de-instalacion?post=3409"},{"taxonomy":"color","embeddable":true,"href":"https:\/\/www.valaz.es\/en\/wp-json\/wp\/v2\/color?post=3409"}],"curies":[{"name":"wp","href":"https:\/\/api.w.org\/{rel}","templated":true}]}}