{"id":3399,"date":"2022-12-22T13:52:39","date_gmt":"2022-12-22T12:52:39","guid":{"rendered":"https:\/\/www.valaz.es\/?post_type=product&#038;p=3399"},"modified":"2025-11-21T14:54:29","modified_gmt":"2025-11-21T13:54:29","slug":"grifo-empotrado-de-lavabo-monomando-cuadrado-negro-mate-con-cano-de-21cm-serie-esla","status":"publish","type":"product","link":"https:\/\/www.valaz.es\/en\/product\/grifo-empotrado-de-lavabo-monomando-cuadrado-negro-mate-con-cano-de-21cm-serie-esla\/","title":{"rendered":"Grifo empotrado de lavabo monomando cuadrado negro mate con ca\u00f1o de 21CM &#8211; Serie Esla"},"content":{"rendered":"<p class=\"\" data-start=\"234\" data-end=\"675\">El grifo empotrado de lavabo de la Serie Esla ofrece un dise\u00f1o moderno y elegante con un acabado negro mate que se adapta perfectamente a los ba\u00f1os contempor\u00e1neos. Su ca\u00f1o cuadrado de 21 cm proporciona una salida de agua precisa y eficiente, mientras que el mando monomando permite un f\u00e1cil control de la temperatura y el flujo con un solo movimiento. Su instalaci\u00f3n empotrada garantiza una apariencia limpia y minimalista.<\/p>\n<p class=\"\" data-start=\"677\" data-end=\"699\"><strong data-start=\"677\" data-end=\"697\">Especificaciones<\/strong><\/p>\n<ul data-start=\"700\" data-end=\"895\">\n<li class=\"\" data-start=\"700\" data-end=\"741\">\n<p class=\"\" data-start=\"702\" data-end=\"741\">Tipo de grifer\u00eda: empotrado monomando<\/p>\n<\/li>\n<li class=\"\" data-start=\"742\" data-end=\"762\">\n<p class=\"\" data-start=\"744\" data-end=\"762\">Dise\u00f1o: cuadrado<\/p>\n<\/li>\n<li class=\"\" data-start=\"763\" data-end=\"786\">\n<p class=\"\" data-start=\"765\" data-end=\"786\">Acabado: negro mate<\/p>\n<\/li>\n<li class=\"\" data-start=\"787\" data-end=\"802\">\n<p class=\"\" data-start=\"789\" data-end=\"802\">Ca\u00f1o: 21 cm<\/p>\n<\/li>\n<li class=\"\" data-start=\"803\" data-end=\"833\">\n<p class=\"\" data-start=\"805\" data-end=\"833\">Material del cuerpo: lat\u00f3n<\/p>\n<\/li>\n<li class=\"\" data-start=\"834\" data-end=\"895\">\n<p class=\"\" data-start=\"836\" data-end=\"895\">Funci\u00f3n: control de temperatura y flujo con un solo mando<\/p>\n<\/li>\n<\/ul>\n","protected":false},"excerpt":{"rendered":"<p>La serie Esla destaca por su acabado cuadrado con l\u00edneas ovaladas es cl\u00e1sica, sus acabados son dorado cepillado, cromado y negro mate. Disponemos de ducha empotrada monomando a techo o pared y a juego con su grifo de lavabo monomando empotrado<\/p>\n<p>&nbsp;<\/p>\n<p>La garant\u00eda de todos nuestros productos es de 3 a\u00f1os, para funcionamiento, duraci\u00f3n del esmaltado y anticorrosi\u00f3n.<\/p>\n<p>Recomendamos para un correcto mantenimiento de la grifer\u00eda y evitar el deterioro por el uso. Secar las gotas de agua con un pa\u00f1o suave despu\u00e9s del uso, evitando que se posen en la superficie y deterioran el acabado, no utilizar esponjas que puedan rayar la grifer\u00eda, utilizar limpiadores como vinagre limpieza, agua caliente y jab\u00f3n con ph neutro.<\/p>\n<p>&nbsp;<\/p>\n<p><strong>Nuestro departamento\u00a0t\u00e9cnico\u00a0dispone de\u00a0gu\u00edas\u00a0de todos los\u00a0modelos\u00a0empotrados\u00a0que vendemos<\/strong><strong>,\u00a0si tiene alguna duda con la\u00a0instalaci\u00f3n\u00a0contacte con nosotros mediante\u00a0tel\u00e9fono,\u00a0WhatsApp\u00a0o email dentro del horario laboral indicado en la web.<\/strong><\/p>\n<p><strong>Recuerden que una vez instalado el cuerpo\u00a0empotrado\u00a0de la\u00a0grifer\u00eda\u00a0revisar de su correcto funcionamiento de paso de agua, comprobaci\u00f3n de cartuchos y corte de agua, si detecta alguna\u00a0anomal\u00eda\u00a0informe a nuestro\u00a0departamento\u00a0para darle una\u00a0soluci\u00f3n, no\u00a0contin\u00fae\u00a0con la\u00a0instalaci\u00f3n\u00a0de cerramiento de la pared.<\/strong><\/p>\n<p>&nbsp;<\/p>\n","protected":false},"featured_media":3383,"template":"","meta":[],"product_brand":[],"product_cat":[48,58],"product_tag":[],"serie":[317],"manual-de-instalacion":[81],"color":[27],"class_list":{"0":"post-3399","1":"product","2":"type-product","3":"status-publish","4":"has-post-thumbnail","6":"product_cat-grifos-de-lavabo","7":"product_cat-grifos-de-lavabo-empotrados","8":"serie-esla","9":"manual-de-instalacion-guia-instalacion-grifo-lavabo-empotrado-sin-caja","10":"color-negro-mate","12":"first","13":"instock","14":"taxable","15":"shipping-taxable","16":"product-type-simple"},"_links":{"self":[{"href":"https:\/\/www.valaz.es\/en\/wp-json\/wp\/v2\/product\/3399","targetHints":{"allow":["GET"]}}],"collection":[{"href":"https:\/\/www.valaz.es\/en\/wp-json\/wp\/v2\/product"}],"about":[{"href":"https:\/\/www.valaz.es\/en\/wp-json\/wp\/v2\/types\/product"}],"wp:featuredmedia":[{"embeddable":true,"href":"https:\/\/www.valaz.es\/en\/wp-json\/wp\/v2\/media\/3383"}],"wp:attachment":[{"href":"https:\/\/www.valaz.es\/en\/wp-json\/wp\/v2\/media?parent=3399"}],"wp:term":[{"taxonomy":"product_brand","embeddable":true,"href":"https:\/\/www.valaz.es\/en\/wp-json\/wp\/v2\/product_brand?post=3399"},{"taxonomy":"product_cat","embeddable":true,"href":"https:\/\/www.valaz.es\/en\/wp-json\/wp\/v2\/product_cat?post=3399"},{"taxonomy":"product_tag","embeddable":true,"href":"https:\/\/www.valaz.es\/en\/wp-json\/wp\/v2\/product_tag?post=3399"},{"taxonomy":"serie","embeddable":true,"href":"https:\/\/www.valaz.es\/en\/wp-json\/wp\/v2\/serie?post=3399"},{"taxonomy":"manual-de-instalacion","embeddable":true,"href":"https:\/\/www.valaz.es\/en\/wp-json\/wp\/v2\/manual-de-instalacion?post=3399"},{"taxonomy":"color","embeddable":true,"href":"https:\/\/www.valaz.es\/en\/wp-json\/wp\/v2\/color?post=3399"}],"curies":[{"name":"wp","href":"https:\/\/api.w.org\/{rel}","templated":true}]}}