{"id":338,"date":"2022-11-08T16:06:14","date_gmt":"2022-11-08T15:06:14","guid":{"rendered":"https:\/\/www.valaz.es\/?post_type=product&#038;p=338"},"modified":"2026-02-19T21:40:47","modified_gmt":"2026-02-19T20:40:47","slug":"grifo-de-lavabo-alto-para-pica-monomando-cuadrada-negro-mate-serie-segura","status":"publish","type":"product","link":"https:\/\/www.valaz.es\/en\/product\/grifo-de-lavabo-alto-para-pica-monomando-cuadrada-negro-mate-serie-segura\/","title":{"rendered":"Grifo de lavabo alto para pica monomando cuadrada negro mate &#8211; Serie Segura"},"content":{"rendered":"<p class=\"\" data-start=\"222\" data-end=\"579\">El grifo de lavabo alto para pica monomando cuadrada negro mate de la Serie Segura es la opci\u00f3n perfecta para quienes buscan una pieza de dise\u00f1o contempor\u00e1neo que se combine con la funcionalidad. Su acabado en negro mate, junto a sus l\u00edneas rectas y cuadradas, crea un estilo minimalista que encaja perfectamente en cualquier ba\u00f1o moderno.<\/p>\n<p class=\"\" data-start=\"581\" data-end=\"603\"><strong data-start=\"581\" data-end=\"601\">Especificaciones<\/strong><\/p>\n<ul data-start=\"604\" data-end=\"1015\">\n<li class=\"\" data-start=\"604\" data-end=\"662\">\n<p class=\"\" data-start=\"606\" data-end=\"662\"><strong data-start=\"606\" data-end=\"627\">Tipo de grifer\u00eda:<\/strong> Grifo alto monomando para lavabo<\/p>\n<\/li>\n<li class=\"\" data-start=\"663\" data-end=\"713\">\n<p class=\"\" data-start=\"665\" data-end=\"713\"><strong data-start=\"665\" data-end=\"689\">Material del cuerpo:<\/strong> Lat\u00f3n de alta calidad<\/p>\n<\/li>\n<li class=\"\" data-start=\"714\" data-end=\"802\">\n<p class=\"\" data-start=\"716\" data-end=\"802\"><strong data-start=\"716\" data-end=\"729\">Cartucho:<\/strong> Cer\u00e1mico de 35 mm, proporcionando un control preciso del flujo de agua<\/p>\n<\/li>\n<li class=\"\" data-start=\"803\" data-end=\"870\">\n<p class=\"\" data-start=\"805\" data-end=\"870\"><strong data-start=\"805\" data-end=\"825\">Altura del ca\u00f1o:<\/strong> 21 cm, ideal para picas de tama\u00f1o est\u00e1ndar<\/p>\n<\/li>\n<li class=\"\" data-start=\"871\" data-end=\"943\">\n<p class=\"\" data-start=\"873\" data-end=\"943\"><strong data-start=\"873\" data-end=\"886\">Conexi\u00f3n:<\/strong> Latiguillos 3\/8 para una instalaci\u00f3n sencilla y segura<\/p>\n<\/li>\n<li class=\"\" data-start=\"944\" data-end=\"1015\">\n<p class=\"\" data-start=\"946\" data-end=\"1015\"><strong data-start=\"946\" data-end=\"958\">Acabado:<\/strong> Negro mate, ofreciendo una est\u00e9tica moderna y elegante<\/p>\n<\/li>\n<\/ul>\n","protected":false},"excerpt":{"rendered":"<p>Serie segura es adecuada para aquellos que buscan una grifer\u00eda m\u00e1s cl\u00e1sica con sus l\u00edneas rectas y cuadradas.\u00a0 Actualmente disponemos de tres acabados cromado, negro mate y dorado cepillado con su amplia gama de grifo de lavabo, grifo para pica, grifo de bid\u00e9 , barra de ducha y barra de ba\u00f1era. Todos nuestros productos llevan los flexos de instalaci\u00f3n.<\/p>\n<p>La garant\u00eda de todos nuestros productos es de 3 a\u00f1os, para funcionamiento, duraci\u00f3n del esmaltado y anticorrosi\u00f3n.<\/p>\n<p>Recomendamos para un correcto mantenimiento de la grifer\u00eda y evitar el deterioro por el uso. Secar las gotas de agua con un pa\u00f1o suave despu\u00e9s del uso, evitando que se posen en la superficie y deterioran el acabado, no utilizar esponjas que puedan rayar la grifer\u00eda, utilizar limpiadores como vinagre limpieza, agua caliente y jab\u00f3n con ph neutro.<\/p>\n<p><strong>Nuestro departamento\u00a0t\u00e9cnico\u00a0dispone de\u00a0gu\u00edas\u00a0de todos los\u00a0modelos\u00a0empotrados\u00a0que vendemos<\/strong><strong>,\u00a0si tiene alguna duda con la\u00a0instalaci\u00f3n\u00a0contacte con nosotros mediante\u00a0tel\u00e9fono,\u00a0WhatsApp\u00a0o email dentro del horario laboral indicado en la web.<\/strong><\/p>\n<p><strong>Recuerden que una vez instalado el cuerpo\u00a0empotrado\u00a0de la\u00a0grifer\u00eda\u00a0revisar de su correcto funcionamiento de paso de agua, comprobaci\u00f3n de cartuchos y corte de agua, si detecta alguna\u00a0anomal\u00eda\u00a0informe a nuestro\u00a0departamento\u00a0para darle una\u00a0soluci\u00f3n, no\u00a0contin\u00fae\u00a0con la\u00a0instalaci\u00f3n\u00a0de cerramiento de la pared.<\/strong><\/p>\n","protected":false},"featured_media":340,"template":"","meta":[],"product_brand":[],"product_cat":[48],"product_tag":[],"serie":[32],"manual-de-instalacion":[83],"color":[27],"class_list":{"0":"post-338","1":"product","2":"type-product","3":"status-publish","4":"has-post-thumbnail","6":"product_cat-grifos-de-lavabo","7":"serie-segura","8":"manual-de-instalacion-guia-instalacion-grifo-superficie","9":"color-negro-mate","11":"first","12":"instock","13":"taxable","14":"shipping-taxable","15":"product-type-simple"},"_links":{"self":[{"href":"https:\/\/www.valaz.es\/en\/wp-json\/wp\/v2\/product\/338","targetHints":{"allow":["GET"]}}],"collection":[{"href":"https:\/\/www.valaz.es\/en\/wp-json\/wp\/v2\/product"}],"about":[{"href":"https:\/\/www.valaz.es\/en\/wp-json\/wp\/v2\/types\/product"}],"wp:featuredmedia":[{"embeddable":true,"href":"https:\/\/www.valaz.es\/en\/wp-json\/wp\/v2\/media\/340"}],"wp:attachment":[{"href":"https:\/\/www.valaz.es\/en\/wp-json\/wp\/v2\/media?parent=338"}],"wp:term":[{"taxonomy":"product_brand","embeddable":true,"href":"https:\/\/www.valaz.es\/en\/wp-json\/wp\/v2\/product_brand?post=338"},{"taxonomy":"product_cat","embeddable":true,"href":"https:\/\/www.valaz.es\/en\/wp-json\/wp\/v2\/product_cat?post=338"},{"taxonomy":"product_tag","embeddable":true,"href":"https:\/\/www.valaz.es\/en\/wp-json\/wp\/v2\/product_tag?post=338"},{"taxonomy":"serie","embeddable":true,"href":"https:\/\/www.valaz.es\/en\/wp-json\/wp\/v2\/serie?post=338"},{"taxonomy":"manual-de-instalacion","embeddable":true,"href":"https:\/\/www.valaz.es\/en\/wp-json\/wp\/v2\/manual-de-instalacion?post=338"},{"taxonomy":"color","embeddable":true,"href":"https:\/\/www.valaz.es\/en\/wp-json\/wp\/v2\/color?post=338"}],"curies":[{"name":"wp","href":"https:\/\/api.w.org\/{rel}","templated":true}]}}