{"id":336,"date":"2022-11-08T16:02:04","date_gmt":"2022-11-08T15:02:04","guid":{"rendered":"https:\/\/www.valaz.es\/?post_type=product&#038;p=336"},"modified":"2026-03-18T13:38:24","modified_gmt":"2026-03-18T12:38:24","slug":"grifo-lavabo-monomando-cuadrado-negro-mate-serie-segura","status":"publish","type":"product","link":"https:\/\/www.valaz.es\/en\/product\/grifo-lavabo-monomando-cuadrado-negro-mate-serie-segura\/","title":{"rendered":"Grifo lavabo monomando cuadrado negro mate &#8211; Serie Segura"},"content":{"rendered":"<p class=\"\" data-start=\"184\" data-end=\"461\">Grifo de lavabo monomando con dise\u00f1o cuadrado y acabado negro mate, ideal para ba\u00f1os de estilo moderno y minimalista. Su estructura compacta lo convierte en una opci\u00f3n perfecta para lavabos est\u00e1ndar, combinando est\u00e9tica actual y funcionalidad en el d\u00eda a d\u00eda.<\/p>\n<p class=\"\" data-start=\"463\" data-end=\"485\"><strong data-start=\"463\" data-end=\"483\">Especificaciones<\/strong><\/p>\n<ul data-start=\"486\" data-end=\"668\">\n<li class=\"\" data-start=\"486\" data-end=\"533\">\n<p class=\"\" data-start=\"488\" data-end=\"533\"><strong data-start=\"488\" data-end=\"509\">Tipo de grifer\u00eda:<\/strong> Monomando para lavabo<\/p>\n<\/li>\n<li class=\"\" data-start=\"534\" data-end=\"567\">\n<p class=\"\" data-start=\"536\" data-end=\"567\"><strong data-start=\"536\" data-end=\"549\">Material:<\/strong> Cuerpo en lat\u00f3n<\/p>\n<\/li>\n<li class=\"\" data-start=\"568\" data-end=\"603\">\n<p class=\"\" data-start=\"570\" data-end=\"603\"><strong data-start=\"570\" data-end=\"583\">Cartucho:<\/strong> Cer\u00e1mico de 35 mm<\/p>\n<\/li>\n<li class=\"\" data-start=\"604\" data-end=\"640\">\n<p class=\"\" data-start=\"606\" data-end=\"640\"><strong data-start=\"606\" data-end=\"619\">Conexi\u00f3n:<\/strong> Latiguillos de 3\/8<\/p>\n<\/li>\n<li class=\"\" data-start=\"641\" data-end=\"668\">\n<p class=\"\" data-start=\"643\" data-end=\"668\"><strong data-start=\"643\" data-end=\"655\">Acabado:<\/strong> Negro mate<\/p>\n<\/li>\n<\/ul>\n","protected":false},"excerpt":{"rendered":"<p>Serie segura es adecuada para aquellos que buscan una grifer\u00eda m\u00e1s cl\u00e1sica con sus l\u00edneas rectas y cuadradas.\u00a0 Actualmente disponemos de tres acabados cromado, negro mate y dorado cepillado con su amplia gama de grifo de lavabo, grifo para pica, grifo de bid\u00e9 , barra de ducha y barra de ba\u00f1era. Todos nuestros productos llevan los flexos de instalaci\u00f3n.<\/p>\n<p>La garant\u00eda de todos nuestros productos es de 3 a\u00f1os, para funcionamiento, duraci\u00f3n del esmaltado y anticorrosi\u00f3n.<\/p>\n<p>Recomendamos para un correcto mantenimiento de la grifer\u00eda y evitar el deterioro por el uso. Secar las gotas de agua con un pa\u00f1o suave despu\u00e9s del uso, evitando que se posen en la superficie y deterioran el acabado, no utilizar esponjas que puedan rayar la grifer\u00eda, utilizar limpiadores como vinagre limpieza, agua caliente y jab\u00f3n con ph neutro.<\/p>\n<p><strong>Nuestro departamento\u00a0t\u00e9cnico\u00a0dispone de\u00a0gu\u00edas\u00a0de todos los\u00a0modelos\u00a0empotrados\u00a0que vendemos<\/strong><strong>,\u00a0si tiene alguna duda con la\u00a0instalaci\u00f3n\u00a0contacte con nosotros mediante\u00a0tel\u00e9fono,\u00a0WhatsApp\u00a0o email dentro del horario laboral indicado en la web.<\/strong><\/p>\n<p><strong>Recuerden que una vez instalado el cuerpo\u00a0empotrado\u00a0de la\u00a0grifer\u00eda\u00a0revisar de su correcto funcionamiento de paso de agua, comprobaci\u00f3n de cartuchos y corte de agua, si detecta alguna\u00a0anomal\u00eda\u00a0informe a nuestro\u00a0departamento\u00a0para darle una\u00a0soluci\u00f3n, no\u00a0contin\u00fae\u00a0con la\u00a0instalaci\u00f3n\u00a0de cerramiento de la pared.<\/strong><\/p>\n","protected":false},"featured_media":337,"template":"","meta":[],"product_brand":[],"product_cat":[48],"product_tag":[],"serie":[32],"manual-de-instalacion":[83],"color":[27],"class_list":{"0":"post-336","1":"product","2":"type-product","3":"status-publish","4":"has-post-thumbnail","6":"product_cat-grifos-de-lavabo","7":"serie-segura","8":"manual-de-instalacion-guia-instalacion-grifo-superficie","9":"color-negro-mate","11":"first","12":"instock","13":"taxable","14":"shipping-taxable","15":"product-type-simple"},"_links":{"self":[{"href":"https:\/\/www.valaz.es\/en\/wp-json\/wp\/v2\/product\/336","targetHints":{"allow":["GET"]}}],"collection":[{"href":"https:\/\/www.valaz.es\/en\/wp-json\/wp\/v2\/product"}],"about":[{"href":"https:\/\/www.valaz.es\/en\/wp-json\/wp\/v2\/types\/product"}],"wp:featuredmedia":[{"embeddable":true,"href":"https:\/\/www.valaz.es\/en\/wp-json\/wp\/v2\/media\/337"}],"wp:attachment":[{"href":"https:\/\/www.valaz.es\/en\/wp-json\/wp\/v2\/media?parent=336"}],"wp:term":[{"taxonomy":"product_brand","embeddable":true,"href":"https:\/\/www.valaz.es\/en\/wp-json\/wp\/v2\/product_brand?post=336"},{"taxonomy":"product_cat","embeddable":true,"href":"https:\/\/www.valaz.es\/en\/wp-json\/wp\/v2\/product_cat?post=336"},{"taxonomy":"product_tag","embeddable":true,"href":"https:\/\/www.valaz.es\/en\/wp-json\/wp\/v2\/product_tag?post=336"},{"taxonomy":"serie","embeddable":true,"href":"https:\/\/www.valaz.es\/en\/wp-json\/wp\/v2\/serie?post=336"},{"taxonomy":"manual-de-instalacion","embeddable":true,"href":"https:\/\/www.valaz.es\/en\/wp-json\/wp\/v2\/manual-de-instalacion?post=336"},{"taxonomy":"color","embeddable":true,"href":"https:\/\/www.valaz.es\/en\/wp-json\/wp\/v2\/color?post=336"}],"curies":[{"name":"wp","href":"https:\/\/api.w.org\/{rel}","templated":true}]}}