{"id":3354,"date":"2022-12-22T13:30:58","date_gmt":"2022-12-22T12:30:58","guid":{"rendered":"https:\/\/www.valaz.es\/?post_type=product&#038;p=3354"},"modified":"2026-04-16T16:58:25","modified_gmt":"2026-04-16T14:58:25","slug":"ducha-empotrada-monomando-ovalada-cuadrada-a-pared-oro-mate-con-proteccion-pvd-serie-esla","status":"publish","type":"product","link":"https:\/\/www.valaz.es\/en\/product\/ducha-empotrada-monomando-ovalada-cuadrada-a-pared-oro-mate-con-proteccion-pvd-serie-esla\/","title":{"rendered":"Ducha empotrada monomando ovalada\/cuadrada a pared oro mate con protecci\u00f3n PVD &#8211; serie Esla"},"content":{"rendered":"<p class=\"\" data-start=\"246\" data-end=\"766\">La ducha empotrada de la Serie Esla combina un dise\u00f1o elegante y moderno con un acabado oro mate cepillado y protecci\u00f3n PVD para mayor durabilidad. Disponible en tama\u00f1os de rociador 20\u00d720, 25\u00d725 y 30\u00d730, esta ducha ofrece dos funciones: el efecto lluvia del rociador y una alcachofa de mano para mayor flexibilidad. El monomando de 2 v\u00edas permite un control intuitivo de ambas funciones, garantizando una experiencia de ducha personalizada. Ideal para quienes buscan una opci\u00f3n sofisticada y funcional.<\/p>\n<p class=\"\" data-start=\"768\" data-end=\"790\"><strong data-start=\"768\" data-end=\"788\">Especificaciones<\/strong><\/p>\n<ul data-start=\"791\" data-end=\"1146\">\n<li class=\"\" data-start=\"791\" data-end=\"832\">\n<p class=\"\" data-start=\"793\" data-end=\"832\">Tipo de grifer\u00eda: empotrada monomando<\/p>\n<\/li>\n<li class=\"\" data-start=\"833\" data-end=\"861\">\n<p class=\"\" data-start=\"835\" data-end=\"861\">Dise\u00f1o: ovalada\/cuadrada<\/p>\n<\/li>\n<li class=\"\" data-start=\"862\" data-end=\"902\">\n<p class=\"\" data-start=\"864\" data-end=\"902\">Acabado: oro mate con protecci\u00f3n PVD<\/p>\n<\/li>\n<li class=\"\" data-start=\"903\" data-end=\"962\">\n<p class=\"\" data-start=\"905\" data-end=\"962\">Tama\u00f1o del rociador: disponible en 20\u00d720, 25\u00d725 y 30\u00d730<\/p>\n<\/li>\n<li>Incluye caja box empotrable<\/li>\n<li class=\"\" data-start=\"963\" data-end=\"1088\">\n<p class=\"\" data-start=\"965\" data-end=\"978\">Materiales:<\/p>\n<ul data-start=\"981\" data-end=\"1088\">\n<li class=\"\" data-start=\"981\" data-end=\"1013\">\n<p class=\"\" data-start=\"983\" data-end=\"1013\">Rociador de acero inoxidable<\/p>\n<\/li>\n<li class=\"\" data-start=\"1016\" data-end=\"1038\">\n<p class=\"\" data-start=\"1018\" data-end=\"1038\">Monomando de lat\u00f3n<\/p>\n<\/li>\n<li class=\"\" data-start=\"1041\" data-end=\"1069\">\n<p class=\"\" data-start=\"1043\" data-end=\"1069\">Alcachofa de mano de lat\u00f3n<\/p>\n<\/li>\n<li class=\"\" data-start=\"1072\" data-end=\"1088\">\n<p class=\"\" data-start=\"1074\" data-end=\"1088\">Flexo de PVC<\/p>\n<\/li>\n<\/ul>\n<\/li>\n<li class=\"\" data-start=\"1089\" data-end=\"1146\">\n<p class=\"\" data-start=\"1091\" data-end=\"1146\">Funciones: rociador efecto lluvia y alcachofa de mano<\/p>\n<\/li>\n<\/ul>\n","protected":false},"excerpt":{"rendered":"<p>La serie Esla destaca por su acabado cuadrado con l\u00edneas ovaladas es cl\u00e1sica, sus acabados son dorado cepillado, cromado y negro mate. Disponemos de ducha empotrada monomando a techo o pared y a juego con su grifo de lavabo monomando empotrado<\/p>\n<p>&nbsp;<\/p>\n<p>La garant\u00eda de todos nuestros productos es de 3 a\u00f1os, para funcionamiento, duraci\u00f3n del esmaltado y anticorrosi\u00f3n.<\/p>\n<p>Recomendamos para un correcto mantenimiento de la grifer\u00eda y evitar el deterioro por el uso. Secar las gotas de agua con un pa\u00f1o suave despu\u00e9s del uso, evitando que se posen en la superficie y deterioran el acabado, no utilizar esponjas que puedan rayar la grifer\u00eda, utilizar limpiadores como vinagre limpieza, agua caliente y jab\u00f3n con ph neutro.<\/p>\n<p>&nbsp;<\/p>\n<p><strong>Nuestro departamento\u00a0t\u00e9cnico\u00a0dispone de\u00a0gu\u00edas\u00a0de todos los\u00a0modelos\u00a0empotrados\u00a0que vendemos<\/strong><strong>,\u00a0si tiene alguna duda con la\u00a0instalaci\u00f3n\u00a0contacte con nosotros mediante\u00a0tel\u00e9fono,\u00a0WhatsApp\u00a0o email dentro del horario laboral indicado en la web.<\/strong><\/p>\n<p><strong>Recuerden que una vez instalado el cuerpo\u00a0empotrado\u00a0de la\u00a0grifer\u00eda\u00a0revisar de su correcto funcionamiento de paso de agua, comprobaci\u00f3n de cartuchos y corte de agua, si detecta alguna\u00a0anomal\u00eda\u00a0informe a nuestro\u00a0departamento\u00a0para darle una\u00a0soluci\u00f3n, no\u00a0contin\u00fae\u00a0con la\u00a0instalaci\u00f3n\u00a0de cerramiento de la pared.<\/strong><\/p>\n<p>&nbsp;<\/p>\n","protected":false},"featured_media":14313,"template":"","meta":[],"product_brand":[],"product_cat":[57,47],"product_tag":[],"serie":[317],"manual-de-instalacion":[78],"color":[350],"class_list":{"0":"post-3354","1":"product","2":"type-product","3":"status-publish","4":"has-post-thumbnail","6":"product_cat-duchas-empotradas","7":"product_cat-duchas","8":"pa_tamano-rociador-20cm","9":"pa_tamano-rociador-25cm","10":"pa_tamano-rociador-30cm","11":"serie-esla","12":"manual-de-instalacion-guia-instalacion-duchas-empotradas-monomando","13":"color-oro-mate-cepillado","15":"first","16":"instock","17":"taxable","18":"shipping-taxable","19":"product-type-variable"},"_links":{"self":[{"href":"https:\/\/www.valaz.es\/en\/wp-json\/wp\/v2\/product\/3354","targetHints":{"allow":["GET"]}}],"collection":[{"href":"https:\/\/www.valaz.es\/en\/wp-json\/wp\/v2\/product"}],"about":[{"href":"https:\/\/www.valaz.es\/en\/wp-json\/wp\/v2\/types\/product"}],"wp:featuredmedia":[{"embeddable":true,"href":"https:\/\/www.valaz.es\/en\/wp-json\/wp\/v2\/media\/14313"}],"wp:attachment":[{"href":"https:\/\/www.valaz.es\/en\/wp-json\/wp\/v2\/media?parent=3354"}],"wp:term":[{"taxonomy":"product_brand","embeddable":true,"href":"https:\/\/www.valaz.es\/en\/wp-json\/wp\/v2\/product_brand?post=3354"},{"taxonomy":"product_cat","embeddable":true,"href":"https:\/\/www.valaz.es\/en\/wp-json\/wp\/v2\/product_cat?post=3354"},{"taxonomy":"product_tag","embeddable":true,"href":"https:\/\/www.valaz.es\/en\/wp-json\/wp\/v2\/product_tag?post=3354"},{"taxonomy":"serie","embeddable":true,"href":"https:\/\/www.valaz.es\/en\/wp-json\/wp\/v2\/serie?post=3354"},{"taxonomy":"manual-de-instalacion","embeddable":true,"href":"https:\/\/www.valaz.es\/en\/wp-json\/wp\/v2\/manual-de-instalacion?post=3354"},{"taxonomy":"color","embeddable":true,"href":"https:\/\/www.valaz.es\/en\/wp-json\/wp\/v2\/color?post=3354"}],"curies":[{"name":"wp","href":"https:\/\/api.w.org\/{rel}","templated":true}]}}