{"id":3351,"date":"2022-12-22T13:27:43","date_gmt":"2022-12-22T12:27:43","guid":{"rendered":"https:\/\/www.valaz.es\/?post_type=product&#038;p=3351"},"modified":"2025-06-27T12:20:48","modified_gmt":"2025-06-27T10:20:48","slug":"ducha-empotrada-monomando-a-pared-ovalada-cuadrada-a-pared-cromada-serie-esla","status":"publish","type":"product","link":"https:\/\/www.valaz.es\/en\/product\/ducha-empotrada-monomando-a-pared-ovalada-cuadrada-a-pared-cromada-serie-esla\/","title":{"rendered":"Ducha empotrada monomando ovalada\/cuadrada a pared cromada &#8211; Serie Esla"},"content":{"rendered":"<p class=\"\" data-start=\"206\" data-end=\"689\">La ducha empotrada de la Serie Esla en acabado cromado ofrece una opci\u00f3n elegante y funcional para tu ba\u00f1o. Su dise\u00f1o moderno y vers\u00e1til, con rociador disponible en tres tama\u00f1os (20\u00d720, 25\u00d725 y 30\u00d730), garantiza una experiencia de ducha relajante. El monomando de 2 v\u00edas controla el rociador efecto lluvia y la alcachofa de mano, proporcionando una gran comodidad. El acabado cromado aporta un toque brillante y resistente, ideal para ba\u00f1os de estilo contempor\u00e1neo.<\/p>\n<p class=\"\" data-start=\"691\" data-end=\"713\"><strong data-start=\"691\" data-end=\"711\">Especificaciones<\/strong><\/p>\n<ul data-start=\"714\" data-end=\"1049\">\n<li class=\"\" data-start=\"714\" data-end=\"755\">\n<p class=\"\" data-start=\"716\" data-end=\"755\">Tipo de grifer\u00eda: empotrada monomando<\/p>\n<\/li>\n<li class=\"\" data-start=\"756\" data-end=\"784\">\n<p class=\"\" data-start=\"758\" data-end=\"784\">Dise\u00f1o: ovalada\/cuadrada<\/p>\n<\/li>\n<li class=\"\" data-start=\"785\" data-end=\"805\">\n<p class=\"\" data-start=\"787\" data-end=\"805\">Acabado: cromado<\/p>\n<\/li>\n<li>Incluye caja box empotrable<\/li>\n<li class=\"\" data-start=\"806\" data-end=\"865\">\n<p class=\"\" data-start=\"808\" data-end=\"865\">Tama\u00f1o del rociador: disponible en 20\u00d720, 25\u00d725 y 30\u00d730<\/p>\n<\/li>\n<li class=\"\" data-start=\"866\" data-end=\"991\">\n<p class=\"\" data-start=\"868\" data-end=\"881\">Materiales:<\/p>\n<ul data-start=\"884\" data-end=\"991\">\n<li class=\"\" data-start=\"884\" data-end=\"916\">\n<p class=\"\" data-start=\"886\" data-end=\"916\">Rociador de acero inoxidable<\/p>\n<\/li>\n<li class=\"\" data-start=\"919\" data-end=\"941\">\n<p class=\"\" data-start=\"921\" data-end=\"941\">Monomando de lat\u00f3n<\/p>\n<\/li>\n<li class=\"\" data-start=\"944\" data-end=\"972\">\n<p class=\"\" data-start=\"946\" data-end=\"972\">Alcachofa de mano de lat\u00f3n<\/p>\n<\/li>\n<li class=\"\" data-start=\"975\" data-end=\"991\">\n<p class=\"\" data-start=\"977\" data-end=\"991\">Flexo de acero inoxidable<\/p>\n<\/li>\n<\/ul>\n<\/li>\n<li class=\"\" data-start=\"992\" data-end=\"1049\">\n<p class=\"\" data-start=\"994\" data-end=\"1049\">Funciones: rociador efecto lluvia y alcachofa de mano<\/p>\n<\/li>\n<\/ul>\n","protected":false},"excerpt":{"rendered":"<p>La ducha empotrada de la Serie Esla en acabado cromado  [&#8230;]<\/p>\n","protected":false},"featured_media":3387,"template":"","meta":[],"product_brand":[],"product_cat":[57,47],"product_tag":[],"serie":[317],"manual-de-instalacion":[78],"color":[26],"class_list":{"0":"post-3351","1":"product","2":"type-product","3":"status-publish","4":"has-post-thumbnail","6":"product_cat-duchas-empotradas","7":"product_cat-duchas","8":"pa_tamano-rociador-20cm","9":"pa_tamano-rociador-25cm","10":"pa_tamano-rociador-30cm","11":"pa_tamano-rociador-40cm","12":"serie-esla","13":"manual-de-instalacion-guia-instalacion-duchas-empotradas-monomando","14":"color-cromo","16":"first","17":"instock","18":"taxable","19":"shipping-taxable","20":"product-type-variable","21":"has-default-attributes"},"_links":{"self":[{"href":"https:\/\/www.valaz.es\/en\/wp-json\/wp\/v2\/product\/3351","targetHints":{"allow":["GET"]}}],"collection":[{"href":"https:\/\/www.valaz.es\/en\/wp-json\/wp\/v2\/product"}],"about":[{"href":"https:\/\/www.valaz.es\/en\/wp-json\/wp\/v2\/types\/product"}],"wp:featuredmedia":[{"embeddable":true,"href":"https:\/\/www.valaz.es\/en\/wp-json\/wp\/v2\/media\/3387"}],"wp:attachment":[{"href":"https:\/\/www.valaz.es\/en\/wp-json\/wp\/v2\/media?parent=3351"}],"wp:term":[{"taxonomy":"product_brand","embeddable":true,"href":"https:\/\/www.valaz.es\/en\/wp-json\/wp\/v2\/product_brand?post=3351"},{"taxonomy":"product_cat","embeddable":true,"href":"https:\/\/www.valaz.es\/en\/wp-json\/wp\/v2\/product_cat?post=3351"},{"taxonomy":"product_tag","embeddable":true,"href":"https:\/\/www.valaz.es\/en\/wp-json\/wp\/v2\/product_tag?post=3351"},{"taxonomy":"serie","embeddable":true,"href":"https:\/\/www.valaz.es\/en\/wp-json\/wp\/v2\/serie?post=3351"},{"taxonomy":"manual-de-instalacion","embeddable":true,"href":"https:\/\/www.valaz.es\/en\/wp-json\/wp\/v2\/manual-de-instalacion?post=3351"},{"taxonomy":"color","embeddable":true,"href":"https:\/\/www.valaz.es\/en\/wp-json\/wp\/v2\/color?post=3351"}],"curies":[{"name":"wp","href":"https:\/\/api.w.org\/{rel}","templated":true}]}}