{"id":3347,"date":"2022-12-22T13:04:06","date_gmt":"2022-12-22T12:04:06","guid":{"rendered":"https:\/\/www.valaz.es\/?post_type=product&#038;p=3347"},"modified":"2025-09-04T13:10:49","modified_gmt":"2025-09-04T11:10:49","slug":"grifo-empotrado-de-lavabo-monomando-de-boton-redondo-cromado-con-cano-de-21cm-serie-andarax","status":"publish","type":"product","link":"https:\/\/www.valaz.es\/en\/product\/grifo-empotrado-de-lavabo-monomando-de-boton-redondo-cromado-con-cano-de-21cm-serie-andarax\/","title":{"rendered":"Grifo empotrado de lavabo monomando de bot\u00f3n redondo cromado con ca\u00f1o de 21CM &#8211; Serie Andarax"},"content":{"rendered":"<p class=\"\" data-start=\"250\" data-end=\"618\">Este sofisticado grifo empotrado de lavabo de la Serie Andarax combina elegancia y funcionalidad con su acabado cromado brillante. El sistema monomando de bot\u00f3n clic clac permite un control sencillo y preciso del agua fr\u00eda y caliente. El ca\u00f1o de 21 cm es ideal para ofrecer comodidad y estilo en tu ba\u00f1o, aportando un toque moderno y de alta calidad.<\/p>\n<p class=\"\" data-start=\"620\" data-end=\"642\"><strong data-start=\"620\" data-end=\"640\">Especificaciones<\/strong><\/p>\n<ul data-start=\"643\" data-end=\"945\">\n<li class=\"\" data-start=\"643\" data-end=\"694\">\n<p class=\"\" data-start=\"645\" data-end=\"694\">Tipo de grifer\u00eda: empotrado monomando con bot\u00f3n<\/p>\n<\/li>\n<li class=\"\" data-start=\"695\" data-end=\"714\">\n<p class=\"\" data-start=\"697\" data-end=\"714\">Dise\u00f1o: redondo<\/p>\n<\/li>\n<li class=\"\" data-start=\"715\" data-end=\"735\">\n<p class=\"\" data-start=\"717\" data-end=\"735\">Acabado: cromado<\/p>\n<\/li>\n<li class=\"\" data-start=\"736\" data-end=\"751\">\n<p class=\"\" data-start=\"738\" data-end=\"751\">Ca\u00f1o: 21 cm<\/p>\n<\/li>\n<li class=\"\" data-start=\"752\" data-end=\"870\">\n<p class=\"\" data-start=\"754\" data-end=\"767\">Materiales:<\/p>\n<ul data-start=\"770\" data-end=\"870\">\n<li class=\"\" data-start=\"770\" data-end=\"804\">\n<p class=\"\" data-start=\"772\" data-end=\"804\">Cuerpo de la grifer\u00eda en lat\u00f3n<\/p>\n<\/li>\n<li class=\"\" data-start=\"807\" data-end=\"828\">\n<p class=\"\" data-start=\"809\" data-end=\"828\">Cartucho cer\u00e1mico<\/p>\n<\/li>\n<li class=\"\" data-start=\"831\" data-end=\"870\">\n<p class=\"\" data-start=\"833\" data-end=\"870\">Grifo mezclador con bot\u00f3n clic clac<\/p>\n<\/li>\n<\/ul>\n<\/li>\n<li class=\"\" data-start=\"871\" data-end=\"945\">\n<p class=\"\" data-start=\"873\" data-end=\"945\">Funciones: control monomando con bot\u00f3n clic clac de agua fr\u00eda y caliente<\/p>\n<\/li>\n<\/ul>\n","protected":false},"excerpt":{"rendered":"<p>Serie Andarax es redonda y con l\u00edneas cl\u00e1sicas nos aporta ese toque de elegancia, ya que es monomando con bot\u00f3n su funci\u00f3n clic clac es diferente.\u00a0 Sus acabados son dorado cepillado, cromado y negro mate. Disponemos de ducha empotrada con soporte a techo o pared y con su grifo de lavabo empotrado la hace muy completa y moderna. Todos nuestros modelos de grifer\u00eda empotrada incluyen la caja box con cartucho monomando y selector, soporte de ducha, flexo y alcachofa de mano junto con el rociador.<\/p>\n<p>&nbsp;<\/p>\n<p>La garant\u00eda de todos nuestros productos es de 3 a\u00f1os, para funcionamiento, duraci\u00f3n del esmaltado y anticorrosi\u00f3n.<\/p>\n<p>Recomendamos para un correcto mantenimiento de la grifer\u00eda y evitar el deterioro por el uso. Secar las gotas de agua con un pa\u00f1o suave despu\u00e9s del uso, evitando que se posen en la superficie y deterioran el acabado, no utilizar esponjas que puedan rayar la grifer\u00eda, utilizar limpiadores como vinagre limpieza, agua caliente y jab\u00f3n con ph neutro.<\/p>\n<p>&nbsp;<\/p>\n<p><strong>Nuestro departamento\u00a0t\u00e9cnico\u00a0dispone de\u00a0gu\u00edas\u00a0de todos los\u00a0modelos\u00a0empotrados\u00a0que vendemos<\/strong><strong>,\u00a0si tiene alguna duda con la\u00a0instalaci\u00f3n\u00a0contacte con nosotros mediante\u00a0tel\u00e9fono,\u00a0WhatsApp\u00a0o email dentro del horario laboral indicado en la web.<\/strong><\/p>\n<p><strong>Recuerden que una vez instalado el cuerpo\u00a0empotrado\u00a0de la\u00a0grifer\u00eda\u00a0revisar de su correcto funcionamiento de paso de agua, comprobaci\u00f3n de cartuchos y corte de agua, si detecta alguna\u00a0anomal\u00eda\u00a0informe a nuestro\u00a0departamento\u00a0para darle una\u00a0soluci\u00f3n, no\u00a0contin\u00fae\u00a0con la\u00a0instalaci\u00f3n\u00a0de cerramiento de la pared.<\/strong><\/p>\n<p>&nbsp;<\/p>\n","protected":false},"featured_media":3367,"template":"","meta":[],"product_brand":[],"product_cat":[48,58],"product_tag":[],"serie":[316],"manual-de-instalacion":[81],"color":[26],"class_list":{"0":"post-3347","1":"product","2":"type-product","3":"status-publish","4":"has-post-thumbnail","6":"product_cat-grifos-de-lavabo","7":"product_cat-grifos-de-lavabo-empotrados","8":"serie-andarax","9":"manual-de-instalacion-guia-instalacion-grifo-lavabo-empotrado-sin-caja","10":"color-cromo","12":"first","13":"instock","14":"taxable","15":"shipping-taxable","16":"product-type-simple"},"_links":{"self":[{"href":"https:\/\/www.valaz.es\/en\/wp-json\/wp\/v2\/product\/3347","targetHints":{"allow":["GET"]}}],"collection":[{"href":"https:\/\/www.valaz.es\/en\/wp-json\/wp\/v2\/product"}],"about":[{"href":"https:\/\/www.valaz.es\/en\/wp-json\/wp\/v2\/types\/product"}],"wp:featuredmedia":[{"embeddable":true,"href":"https:\/\/www.valaz.es\/en\/wp-json\/wp\/v2\/media\/3367"}],"wp:attachment":[{"href":"https:\/\/www.valaz.es\/en\/wp-json\/wp\/v2\/media?parent=3347"}],"wp:term":[{"taxonomy":"product_brand","embeddable":true,"href":"https:\/\/www.valaz.es\/en\/wp-json\/wp\/v2\/product_brand?post=3347"},{"taxonomy":"product_cat","embeddable":true,"href":"https:\/\/www.valaz.es\/en\/wp-json\/wp\/v2\/product_cat?post=3347"},{"taxonomy":"product_tag","embeddable":true,"href":"https:\/\/www.valaz.es\/en\/wp-json\/wp\/v2\/product_tag?post=3347"},{"taxonomy":"serie","embeddable":true,"href":"https:\/\/www.valaz.es\/en\/wp-json\/wp\/v2\/serie?post=3347"},{"taxonomy":"manual-de-instalacion","embeddable":true,"href":"https:\/\/www.valaz.es\/en\/wp-json\/wp\/v2\/manual-de-instalacion?post=3347"},{"taxonomy":"color","embeddable":true,"href":"https:\/\/www.valaz.es\/en\/wp-json\/wp\/v2\/color?post=3347"}],"curies":[{"name":"wp","href":"https:\/\/api.w.org\/{rel}","templated":true}]}}