{"id":3345,"date":"2022-12-22T12:53:10","date_gmt":"2022-12-22T11:53:10","guid":{"rendered":"https:\/\/www.valaz.es\/?post_type=product&#038;p=3345"},"modified":"2026-02-09T20:23:07","modified_gmt":"2026-02-09T19:23:07","slug":"ducha-empotrada-monomando-con-boton-redonda-a-pared-negro-mate-serie-andarax","status":"publish","type":"product","link":"https:\/\/www.valaz.es\/en\/product\/ducha-empotrada-monomando-con-boton-redonda-a-pared-negro-mate-serie-andarax\/","title":{"rendered":"Ducha empotrada monomando con bot\u00f3n redonda a pared negro mate &#8211; Serie Andarax"},"content":{"rendered":"<p class=\"\" data-start=\"220\" data-end=\"572\">La ducha empotrada monomando con bot\u00f3n redonda a pared de la Serie Andarax, con su acabado negro mate, ofrece una opci\u00f3n moderna y elegante para tu ba\u00f1o. Este sistema de 2 v\u00edas con funci\u00f3n clic clac permite un control preciso entre el rociador y la alcachofa de mano, brindando una experiencia de ducha vers\u00e1til y de alto rendimiento.<\/p>\n<p class=\"\" data-start=\"574\" data-end=\"596\"><strong data-start=\"574\" data-end=\"594\">Especificaciones<\/strong><\/p>\n<ul data-start=\"597\" data-end=\"891\">\n<li class=\"\" data-start=\"597\" data-end=\"638\">\n<p class=\"\" data-start=\"599\" data-end=\"638\">Tipo de grifer\u00eda: monomando con bot\u00f3n<\/p>\n<\/li>\n<li class=\"\" data-start=\"639\" data-end=\"658\">\n<p class=\"\" data-start=\"641\" data-end=\"658\">Dise\u00f1o: redondo<\/p>\n<\/li>\n<li class=\"\" data-start=\"659\" data-end=\"682\">\n<p class=\"\" data-start=\"661\" data-end=\"682\">Acabado: negro mate<\/p>\n<\/li>\n<li class=\"\" data-start=\"683\" data-end=\"755\">\n<p class=\"\" data-start=\"685\" data-end=\"755\">Funci\u00f3n: 2 v\u00edas (rociador y alcachofa de mano) con funci\u00f3n clic clac<\/p>\n<\/li>\n<li>Incluye caja box empotrable<\/li>\n<li class=\"\" data-start=\"756\" data-end=\"891\">\n<p class=\"\" data-start=\"758\" data-end=\"771\">Materiales:<\/p>\n<ul data-start=\"774\" data-end=\"891\">\n<li class=\"\" data-start=\"774\" data-end=\"808\">\n<p class=\"\" data-start=\"776\" data-end=\"808\">Cuerpo de la grifer\u00eda en lat\u00f3n<\/p>\n<\/li>\n<li class=\"\" data-start=\"811\" data-end=\"843\">\n<p class=\"\" data-start=\"813\" data-end=\"843\">Rociador de acero inoxidable<\/p>\n<\/li>\n<li class=\"\" data-start=\"846\" data-end=\"874\">\n<p class=\"\" data-start=\"848\" data-end=\"874\">Alcachofa de mano de PVC<\/p>\n<\/li>\n<li class=\"\" data-start=\"877\" data-end=\"891\">\n<p class=\"\" data-start=\"879\" data-end=\"891\">Flexo de PVC<\/p>\n<\/li>\n<\/ul>\n<\/li>\n<\/ul>\n","protected":false},"excerpt":{"rendered":"<p>Serie Andarax es redonda y con l\u00edneas cl\u00e1sicas nos aporta ese toque de elegancia, ya que es monomando con bot\u00f3n su funci\u00f3n clic clac es diferente.\u00a0 Sus acabados son dorado cepillado, cromado y negro mate. Disponemos de ducha empotrada con soporte a techo o pared y con su grifo de lavabo empotrado la hace muy completa y moderna. Todos nuestros modelos de grifer\u00eda empotrada incluyen la caja box con cartucho monomando y selector, soporte de ducha, flexo y alcachofa de mano junto con el rociador.<\/p>\n<p>&nbsp;<\/p>\n<p>La garant\u00eda de todos nuestros productos es de 3 a\u00f1os, para funcionamiento, duraci\u00f3n del esmaltado y anticorrosi\u00f3n.<\/p>\n<p>Recomendamos para un correcto mantenimiento de la grifer\u00eda y evitar el deterioro por el uso. Secar las gotas de agua con un pa\u00f1o suave despu\u00e9s del uso, evitando que se posen en la superficie y deterioran el acabado, no utilizar esponjas que puedan rayar la grifer\u00eda, utilizar limpiadores como vinagre limpieza, agua caliente y jab\u00f3n con ph neutro.<\/p>\n<p>&nbsp;<\/p>\n<p><strong>Nuestro departamento\u00a0t\u00e9cnico\u00a0dispone de\u00a0gu\u00edas\u00a0de todos los\u00a0modelos\u00a0empotrados\u00a0que vendemos<\/strong><strong>,\u00a0si tiene alguna duda con la\u00a0instalaci\u00f3n\u00a0contacte con nosotros mediante\u00a0tel\u00e9fono,\u00a0WhatsApp\u00a0o email dentro del horario laboral indicado en la web.<\/strong><\/p>\n<p><strong>Recuerden que una vez instalado el cuerpo\u00a0empotrado\u00a0de la\u00a0grifer\u00eda\u00a0revisar de su correcto funcionamiento de paso de agua, comprobaci\u00f3n de cartuchos y corte de agua, si detecta alguna\u00a0anomal\u00eda\u00a0informe a nuestro\u00a0departamento\u00a0para darle una\u00a0soluci\u00f3n, no\u00a0contin\u00fae\u00a0con la\u00a0instalaci\u00f3n\u00a0de cerramiento de la pared.<\/strong><\/p>\n<p>&nbsp;<\/p>\n","protected":false},"featured_media":13167,"template":"","meta":[],"product_brand":[],"product_cat":[57,47],"product_tag":[],"serie":[316],"manual-de-instalacion":[78],"color":[27],"class_list":{"0":"post-3345","1":"product","2":"type-product","3":"status-publish","4":"has-post-thumbnail","6":"product_cat-duchas-empotradas","7":"product_cat-duchas","8":"pa_tamano-rociador-20cm","9":"pa_tamano-rociador-25cm","10":"pa_tamano-rociador-30cm","11":"serie-andarax","12":"manual-de-instalacion-guia-instalacion-duchas-empotradas-monomando","13":"color-negro-mate","15":"first","16":"instock","17":"taxable","18":"shipping-taxable","19":"product-type-variable"},"_links":{"self":[{"href":"https:\/\/www.valaz.es\/en\/wp-json\/wp\/v2\/product\/3345","targetHints":{"allow":["GET"]}}],"collection":[{"href":"https:\/\/www.valaz.es\/en\/wp-json\/wp\/v2\/product"}],"about":[{"href":"https:\/\/www.valaz.es\/en\/wp-json\/wp\/v2\/types\/product"}],"wp:featuredmedia":[{"embeddable":true,"href":"https:\/\/www.valaz.es\/en\/wp-json\/wp\/v2\/media\/13167"}],"wp:attachment":[{"href":"https:\/\/www.valaz.es\/en\/wp-json\/wp\/v2\/media?parent=3345"}],"wp:term":[{"taxonomy":"product_brand","embeddable":true,"href":"https:\/\/www.valaz.es\/en\/wp-json\/wp\/v2\/product_brand?post=3345"},{"taxonomy":"product_cat","embeddable":true,"href":"https:\/\/www.valaz.es\/en\/wp-json\/wp\/v2\/product_cat?post=3345"},{"taxonomy":"product_tag","embeddable":true,"href":"https:\/\/www.valaz.es\/en\/wp-json\/wp\/v2\/product_tag?post=3345"},{"taxonomy":"serie","embeddable":true,"href":"https:\/\/www.valaz.es\/en\/wp-json\/wp\/v2\/serie?post=3345"},{"taxonomy":"manual-de-instalacion","embeddable":true,"href":"https:\/\/www.valaz.es\/en\/wp-json\/wp\/v2\/manual-de-instalacion?post=3345"},{"taxonomy":"color","embeddable":true,"href":"https:\/\/www.valaz.es\/en\/wp-json\/wp\/v2\/color?post=3345"}],"curies":[{"name":"wp","href":"https:\/\/api.w.org\/{rel}","templated":true}]}}