{"id":330,"date":"2022-11-08T13:38:49","date_gmt":"2022-11-08T12:38:49","guid":{"rendered":"https:\/\/www.valaz.es\/?post_type=product&#038;p=330"},"modified":"2026-02-19T12:23:15","modified_gmt":"2026-02-19T11:23:15","slug":"grifo-de-lavabo-alto-para-pica-monomando-cuadrada-cromado-serie-segura","status":"publish","type":"product","link":"https:\/\/www.valaz.es\/en\/product\/grifo-de-lavabo-alto-para-pica-monomando-cuadrada-cromado-serie-segura\/","title":{"rendered":"Grifo de lavabo alto para pica monomando cuadrada cromado &#8211; Serie Segura"},"content":{"rendered":"<p class=\"\" data-start=\"197\" data-end=\"424\">Grifo monomando alto con dise\u00f1o cuadrado, perfecto para lavabos tipo bol o pica. Su acabado cromado y l\u00edneas rectas aportan un toque moderno y elegante, ideal para ba\u00f1os con estilo minimalista o contempor\u00e1neo.<\/p>\n<p class=\"\" data-start=\"426\" data-end=\"448\"><strong data-start=\"426\" data-end=\"446\">Especificaciones<\/strong><\/p>\n<ul data-start=\"449\" data-end=\"677\">\n<li class=\"\" data-start=\"449\" data-end=\"501\">\n<p class=\"\" data-start=\"451\" data-end=\"501\"><strong data-start=\"451\" data-end=\"472\">Tipo de grifer\u00eda:<\/strong> Monomando alto para lavabo<\/p>\n<\/li>\n<li class=\"\" data-start=\"502\" data-end=\"535\">\n<p class=\"\" data-start=\"504\" data-end=\"535\"><strong data-start=\"504\" data-end=\"517\">Material:<\/strong> Cuerpo de lat\u00f3n<\/p>\n<\/li>\n<li class=\"\" data-start=\"536\" data-end=\"571\">\n<p class=\"\" data-start=\"538\" data-end=\"571\"><strong data-start=\"538\" data-end=\"551\">Cartucho:<\/strong> Cer\u00e1mico de 35 mm<\/p>\n<\/li>\n<li class=\"\" data-start=\"572\" data-end=\"608\">\n<p class=\"\" data-start=\"574\" data-end=\"608\"><strong data-start=\"574\" data-end=\"587\">Conexi\u00f3n:<\/strong> Latiguillos de 3\/8<\/p>\n<\/li>\n<li class=\"\" data-start=\"609\" data-end=\"652\">\n<p class=\"\" data-start=\"611\" data-end=\"652\"><strong data-start=\"611\" data-end=\"622\">Altura:<\/strong> Apta para lavabos tipo pica<\/p>\n<\/li>\n<li class=\"\" data-start=\"653\" data-end=\"677\">\n<p class=\"\" data-start=\"655\" data-end=\"677\"><strong data-start=\"655\" data-end=\"667\">Acabado:<\/strong> Cromado<\/p>\n<\/li>\n<\/ul>\n","protected":false},"excerpt":{"rendered":"<p>Serie segura es adecuada para aquellos que buscan una grifer\u00eda m\u00e1s cl\u00e1sica con sus l\u00edneas rectas y cuadradas.\u00a0 Actualmente disponemos de tres acabados cromado, negro mate y dorado cepillado con su amplia gama de grifo de lavabo, grifo para pica, grifo de bid\u00e9 , barra de ducha y barra de ba\u00f1era. Todos nuestros productos llevan los flexos de instalaci\u00f3n.<\/p>\n<p>La garant\u00eda de todos nuestros productos es de 3 a\u00f1os, para funcionamiento, duraci\u00f3n del esmaltado y anticorrosi\u00f3n.<\/p>\n<p>Recomendamos para un correcto mantenimiento de la grifer\u00eda y evitar el deterioro por el uso. Secar las gotas de agua con un pa\u00f1o suave despu\u00e9s del uso, evitando que se posen en la superficie y deterioran el acabado, no utilizar esponjas que puedan rayar la grifer\u00eda, utilizar limpiadores como vinagre limpieza, agua caliente y jab\u00f3n con ph neutro.<\/p>\n<p><strong>Nuestro departamento\u00a0t\u00e9cnico\u00a0dispone de\u00a0gu\u00edas\u00a0de todos los\u00a0modelos\u00a0empotrados\u00a0que vendemos<\/strong><strong>,\u00a0si tiene alguna duda con la\u00a0instalaci\u00f3n\u00a0contacte con nosotros mediante\u00a0tel\u00e9fono,\u00a0WhatsApp\u00a0o email dentro del horario laboral indicado en la web.<\/strong><\/p>\n","protected":false},"featured_media":331,"template":"","meta":[],"product_brand":[],"product_cat":[48],"product_tag":[],"serie":[32],"manual-de-instalacion":[83],"color":[26],"class_list":{"0":"post-330","1":"product","2":"type-product","3":"status-publish","4":"has-post-thumbnail","6":"product_cat-grifos-de-lavabo","7":"serie-segura","8":"manual-de-instalacion-guia-instalacion-grifo-superficie","9":"color-cromo","11":"first","12":"instock","13":"taxable","14":"shipping-taxable","15":"product-type-simple"},"_links":{"self":[{"href":"https:\/\/www.valaz.es\/en\/wp-json\/wp\/v2\/product\/330","targetHints":{"allow":["GET"]}}],"collection":[{"href":"https:\/\/www.valaz.es\/en\/wp-json\/wp\/v2\/product"}],"about":[{"href":"https:\/\/www.valaz.es\/en\/wp-json\/wp\/v2\/types\/product"}],"wp:featuredmedia":[{"embeddable":true,"href":"https:\/\/www.valaz.es\/en\/wp-json\/wp\/v2\/media\/331"}],"wp:attachment":[{"href":"https:\/\/www.valaz.es\/en\/wp-json\/wp\/v2\/media?parent=330"}],"wp:term":[{"taxonomy":"product_brand","embeddable":true,"href":"https:\/\/www.valaz.es\/en\/wp-json\/wp\/v2\/product_brand?post=330"},{"taxonomy":"product_cat","embeddable":true,"href":"https:\/\/www.valaz.es\/en\/wp-json\/wp\/v2\/product_cat?post=330"},{"taxonomy":"product_tag","embeddable":true,"href":"https:\/\/www.valaz.es\/en\/wp-json\/wp\/v2\/product_tag?post=330"},{"taxonomy":"serie","embeddable":true,"href":"https:\/\/www.valaz.es\/en\/wp-json\/wp\/v2\/serie?post=330"},{"taxonomy":"manual-de-instalacion","embeddable":true,"href":"https:\/\/www.valaz.es\/en\/wp-json\/wp\/v2\/manual-de-instalacion?post=330"},{"taxonomy":"color","embeddable":true,"href":"https:\/\/www.valaz.es\/en\/wp-json\/wp\/v2\/color?post=330"}],"curies":[{"name":"wp","href":"https:\/\/api.w.org\/{rel}","templated":true}]}}