{"id":324,"date":"2022-11-08T13:11:18","date_gmt":"2022-11-08T12:11:18","guid":{"rendered":"https:\/\/www.valaz.es\/?post_type=product&#038;p=324"},"modified":"2026-01-05T10:54:34","modified_gmt":"2026-01-05T09:54:34","slug":"grifo-de-lavabo-monomando-cuadrado-cromado-serie-segura","status":"publish","type":"product","link":"https:\/\/www.valaz.es\/en\/product\/grifo-de-lavabo-monomando-cuadrado-cromado-serie-segura\/","title":{"rendered":"Grifo de lavabo monomando cuadrado cromado &#8211; Serie Segura"},"content":{"rendered":"<p class=\"\" data-start=\"167\" data-end=\"407\">Grifo monomando de l\u00edneas rectas y dise\u00f1o cuadrado, ideal para lavabos encastrados o sobre encimera. Su acabado cromado aporta luminosidad y un estilo moderno al ba\u00f1o, combinando funcionalidad y est\u00e9tica en una sola pieza.<\/p>\n<p class=\"\" data-start=\"409\" data-end=\"431\"><strong data-start=\"409\" data-end=\"429\">Especificaciones<\/strong><\/p>\n<ul data-start=\"432\" data-end=\"611\">\n<li class=\"\" data-start=\"432\" data-end=\"479\">\n<p class=\"\" data-start=\"434\" data-end=\"479\"><strong data-start=\"434\" data-end=\"455\">Tipo de grifer\u00eda:<\/strong> Monomando para lavabo<\/p>\n<\/li>\n<li class=\"\" data-start=\"480\" data-end=\"513\">\n<p class=\"\" data-start=\"482\" data-end=\"513\"><strong data-start=\"482\" data-end=\"495\">Material:<\/strong> Cuerpo de lat\u00f3n<\/p>\n<\/li>\n<li class=\"\" data-start=\"514\" data-end=\"549\">\n<p class=\"\" data-start=\"516\" data-end=\"549\"><strong data-start=\"516\" data-end=\"529\">Cartucho:<\/strong> Cer\u00e1mico de 35 mm<\/p>\n<\/li>\n<li class=\"\" data-start=\"550\" data-end=\"586\">\n<p class=\"\" data-start=\"552\" data-end=\"586\"><strong data-start=\"552\" data-end=\"565\">Conexi\u00f3n:<\/strong> Latiguillos de 3\/8<\/p>\n<\/li>\n<li class=\"\" data-start=\"587\" data-end=\"611\">\n<p class=\"\" data-start=\"589\" data-end=\"611\"><strong data-start=\"589\" data-end=\"601\">Acabado:<\/strong> Cromado<\/p>\n<\/li>\n<\/ul>\n","protected":false},"excerpt":{"rendered":"<p>Serie segura es adecuada para aquellos que buscan una grifer\u00eda m\u00e1s cl\u00e1sica con sus l\u00edneas rectas y cuadradas.\u00a0 Actualmente disponemos de tres acabados cromado, negro mate y dorado cepillado con su amplia gama de grifo de lavabo, grifo para pica, grifo de bid\u00e9 , barra de ducha y barra de ba\u00f1era. Todos nuestros productos llevan los flexos de instalaci\u00f3n.<\/p>\n<p>La garant\u00eda de todos nuestros productos es de 3 a\u00f1os, para funcionamiento, duraci\u00f3n del esmaltado y anticorrosi\u00f3n.<\/p>\n<p>Recomendamos para un correcto mantenimiento de la grifer\u00eda y evitar el deterioro por el uso. Secar las gotas de agua con un pa\u00f1o suave despu\u00e9s del uso, evitando que se posen en la superficie y deterioran el acabado, no utilizar esponjas que puedan rayar la grifer\u00eda, utilizar limpiadores como vinagre limpieza, agua caliente y jab\u00f3n con ph neutro.<\/p>\n<p><strong>Nuestro departamento\u00a0t\u00e9cnico\u00a0dispone de\u00a0gu\u00edas\u00a0de todos los\u00a0modelos\u00a0empotrados\u00a0que vendemos<\/strong><strong>,\u00a0si tiene alguna duda con la\u00a0instalaci\u00f3n\u00a0contacte con nosotros mediante\u00a0tel\u00e9fono,\u00a0WhatsApp\u00a0o email dentro del horario laboral indicado en la web.<\/strong><\/p>\n","protected":false},"featured_media":326,"template":"","meta":[],"product_brand":[],"product_cat":[48],"product_tag":[],"serie":[32],"manual-de-instalacion":[83],"color":[26],"class_list":{"0":"post-324","1":"product","2":"type-product","3":"status-publish","4":"has-post-thumbnail","6":"product_cat-grifos-de-lavabo","7":"serie-segura","8":"manual-de-instalacion-guia-instalacion-grifo-superficie","9":"color-cromo","11":"first","12":"outofstock","13":"taxable","14":"shipping-taxable","15":"product-type-simple"},"_links":{"self":[{"href":"https:\/\/www.valaz.es\/en\/wp-json\/wp\/v2\/product\/324","targetHints":{"allow":["GET"]}}],"collection":[{"href":"https:\/\/www.valaz.es\/en\/wp-json\/wp\/v2\/product"}],"about":[{"href":"https:\/\/www.valaz.es\/en\/wp-json\/wp\/v2\/types\/product"}],"wp:featuredmedia":[{"embeddable":true,"href":"https:\/\/www.valaz.es\/en\/wp-json\/wp\/v2\/media\/326"}],"wp:attachment":[{"href":"https:\/\/www.valaz.es\/en\/wp-json\/wp\/v2\/media?parent=324"}],"wp:term":[{"taxonomy":"product_brand","embeddable":true,"href":"https:\/\/www.valaz.es\/en\/wp-json\/wp\/v2\/product_brand?post=324"},{"taxonomy":"product_cat","embeddable":true,"href":"https:\/\/www.valaz.es\/en\/wp-json\/wp\/v2\/product_cat?post=324"},{"taxonomy":"product_tag","embeddable":true,"href":"https:\/\/www.valaz.es\/en\/wp-json\/wp\/v2\/product_tag?post=324"},{"taxonomy":"serie","embeddable":true,"href":"https:\/\/www.valaz.es\/en\/wp-json\/wp\/v2\/serie?post=324"},{"taxonomy":"manual-de-instalacion","embeddable":true,"href":"https:\/\/www.valaz.es\/en\/wp-json\/wp\/v2\/manual-de-instalacion?post=324"},{"taxonomy":"color","embeddable":true,"href":"https:\/\/www.valaz.es\/en\/wp-json\/wp\/v2\/color?post=324"}],"curies":[{"name":"wp","href":"https:\/\/api.w.org\/{rel}","templated":true}]}}