{"id":3121,"date":"2022-12-15T13:06:56","date_gmt":"2022-12-15T12:06:56","guid":{"rendered":"https:\/\/www.valaz.es\/?post_type=product&#038;p=3121"},"modified":"2025-11-13T11:07:19","modified_gmt":"2025-11-13T10:07:19","slug":"grifo-cocina-alto-extraible-monomando-negro-mate-y-dorado-rosa-serie-eufrate","status":"publish","type":"product","link":"https:\/\/www.valaz.es\/en\/product\/grifo-cocina-alto-extraible-monomando-negro-mate-y-dorado-rosa-serie-eufrate\/","title":{"rendered":"Grifo cocina alto extra\u00edble monomando negro mate y dorado rosa serie Eufrates"},"content":{"rendered":"<p class=\"\" data-start=\"520\" data-end=\"785\">Este grifo de cocina alto extra\u00edble combina la funcionalidad moderna con una est\u00e9tica impactante en negro mate y detalles en dorado rosa. Es la elecci\u00f3n ideal para quienes buscan un toque distintivo sin renunciar a la comodidad y la eficiencia en su zona de lavado.<\/p>\n<p class=\"\" data-start=\"787\" data-end=\"1103\">Fabricado con cuerpo de lat\u00f3n, este grifo monomando incorpora un cartucho cer\u00e1mico de 35 mm con certificaciones KTW y DVGW, lo que garantiza durabilidad y seguridad en el uso diario. Su ca\u00f1o giratorio 360\u00b0 permite libertad de movimiento, ideal para fregaderos dobles o para facilitar tareas de limpieza en la cocina.<\/p>\n<p class=\"\" data-start=\"1105\" data-end=\"1401\">Adem\u00e1s, cuenta con una manguera extra\u00edble que mejora la experiencia en la preparaci\u00f3n y lavado de alimentos, ofreciendo un alcance c\u00f3modo y vers\u00e1til. Las mangueras de conexi\u00f3n est\u00e1n fabricadas en acero inoxidable y tambi\u00e9n cuentan con certificaci\u00f3n DVGW, lo que refuerza su resistencia y calidad.<\/p>\n<p class=\"\" data-start=\"1403\" data-end=\"1424\"><strong data-start=\"1403\" data-end=\"1423\">Especificaciones<\/strong>:<\/p>\n<ul data-start=\"1425\" data-end=\"1723\">\n<li class=\"\" data-start=\"1425\" data-end=\"1465\">\n<p class=\"\" data-start=\"1427\" data-end=\"1465\">Tipo: Grifo de cocina alto monomando<\/p>\n<\/li>\n<li class=\"\" data-start=\"1466\" data-end=\"1488\">\n<p class=\"\" data-start=\"1468\" data-end=\"1488\">Funci\u00f3n: Extra\u00edble<\/p>\n<\/li>\n<li class=\"\" data-start=\"1489\" data-end=\"1513\">\n<p class=\"\" data-start=\"1491\" data-end=\"1513\">Ca\u00f1o: Giratorio 360\u00b0<\/p>\n<\/li>\n<li class=\"\" data-start=\"1514\" data-end=\"1544\">\n<p class=\"\" data-start=\"1516\" data-end=\"1544\">Material del cuerpo: Lat\u00f3n<\/p>\n<\/li>\n<li class=\"\" data-start=\"1545\" data-end=\"1596\">\n<p class=\"\" data-start=\"1547\" data-end=\"1596\">Acabado: Negro mate con detalles en dorado rosa<\/p>\n<\/li>\n<li class=\"\" data-start=\"1597\" data-end=\"1642\">\n<p class=\"\" data-start=\"1599\" data-end=\"1642\">Cartucho: \u00d8 35 mm cer\u00e1mico con KTW \/ DVGW<\/p>\n<\/li>\n<li class=\"\" data-start=\"1643\" data-end=\"1707\">\n<p class=\"\" data-start=\"1645\" data-end=\"1707\">Mangueras de conexi\u00f3n: Acero inoxidable 3\/8\u201d + 1\/2\u201d con DVGW<\/p>\n<\/li>\n<li class=\"\" data-start=\"1708\" data-end=\"1723\">\n<p class=\"\" data-start=\"1710\" data-end=\"1723\">Uso: Cocina<\/p>\n<\/li>\n<\/ul>\n","protected":false},"excerpt":{"rendered":"<p>Serie \u00c9ufrates fabricado en materiales de alta calidad, cuerpo y maneta de lat\u00f3n con acabados en negro mate y rosa, cromado, dorado cepillado, incluye v\u00e1lvula monomando de cer\u00e1mica y latiguillos para su instalaci\u00f3n. Grifo giratorio en 360 grados por su dise\u00f1o minimalista ofrece una comodidad a la hora de limpiar el fregadero, llenar cubos o fregar platos.<\/p>\n<p>La garant\u00eda de todos nuestros productos es de 3 a\u00f1os, para funcionamiento, duraci\u00f3n del esmaltado y anticorrosi\u00f3n.<\/p>\n<p>Recomendamos para un correcto mantenimiento de la grifer\u00eda y evitar el deterioro por el uso. Secar las gotas de agua con un pa\u00f1o suave despu\u00e9s del uso, evitando que se posen en la superficie y deterioran el acabado, no utilizar esponjas que puedan rayar la grifer\u00eda, utilizar limpiadores como vinagre limpieza, agua caliente y jab\u00f3n con ph neutro.<\/p>\n<p>&nbsp;<\/p>\n<p><strong>Nuestro departamento\u00a0t\u00e9cnico\u00a0dispone de\u00a0gu\u00edas\u00a0de todos los\u00a0modelos\u00a0empotrados\u00a0que vendemos<\/strong><strong>,\u00a0si tiene alguna duda con la\u00a0instalaci\u00f3n\u00a0contacte con nosotros mediante\u00a0tel\u00e9fono,\u00a0WhatsApp\u00a0o email dentro del horario laboral indicado en la web.<\/strong><\/p>\n<p><strong>Recuerden que una vez instalado el cuerpo\u00a0empotrado\u00a0de la\u00a0grifer\u00eda\u00a0revisar de su correcto funcionamiento de paso de agua, comprobaci\u00f3n de cartuchos y corte de agua, si detecta alguna\u00a0anomal\u00eda\u00a0informe a nuestro\u00a0departamento\u00a0para darle una\u00a0soluci\u00f3n, no\u00a0contin\u00fae\u00a0con la\u00a0instalaci\u00f3n\u00a0de cerramiento de la pared.<\/strong><\/p>\n","protected":false},"featured_media":3999,"template":"","meta":[],"product_brand":[],"product_cat":[50],"product_tag":[],"serie":[107],"manual-de-instalacion":[82],"color":[27,62],"class_list":{"0":"post-3121","1":"product","2":"type-product","3":"status-publish","4":"has-post-thumbnail","6":"product_cat-grifos-de-cocina","7":"serie-eufrate","8":"manual-de-instalacion-guia-instalacion-cocina-extraible","9":"color-negro-mate","10":"color-oro-rosa","12":"first","13":"instock","14":"taxable","15":"shipping-taxable","16":"product-type-simple"},"_links":{"self":[{"href":"https:\/\/www.valaz.es\/en\/wp-json\/wp\/v2\/product\/3121","targetHints":{"allow":["GET"]}}],"collection":[{"href":"https:\/\/www.valaz.es\/en\/wp-json\/wp\/v2\/product"}],"about":[{"href":"https:\/\/www.valaz.es\/en\/wp-json\/wp\/v2\/types\/product"}],"wp:featuredmedia":[{"embeddable":true,"href":"https:\/\/www.valaz.es\/en\/wp-json\/wp\/v2\/media\/3999"}],"wp:attachment":[{"href":"https:\/\/www.valaz.es\/en\/wp-json\/wp\/v2\/media?parent=3121"}],"wp:term":[{"taxonomy":"product_brand","embeddable":true,"href":"https:\/\/www.valaz.es\/en\/wp-json\/wp\/v2\/product_brand?post=3121"},{"taxonomy":"product_cat","embeddable":true,"href":"https:\/\/www.valaz.es\/en\/wp-json\/wp\/v2\/product_cat?post=3121"},{"taxonomy":"product_tag","embeddable":true,"href":"https:\/\/www.valaz.es\/en\/wp-json\/wp\/v2\/product_tag?post=3121"},{"taxonomy":"serie","embeddable":true,"href":"https:\/\/www.valaz.es\/en\/wp-json\/wp\/v2\/serie?post=3121"},{"taxonomy":"manual-de-instalacion","embeddable":true,"href":"https:\/\/www.valaz.es\/en\/wp-json\/wp\/v2\/manual-de-instalacion?post=3121"},{"taxonomy":"color","embeddable":true,"href":"https:\/\/www.valaz.es\/en\/wp-json\/wp\/v2\/color?post=3121"}],"curies":[{"name":"wp","href":"https:\/\/api.w.org\/{rel}","templated":true}]}}