{"id":3079,"date":"2022-12-15T12:54:36","date_gmt":"2022-12-15T11:54:36","guid":{"rendered":"https:\/\/www.valaz.es\/?post_type=product&#038;p=3079"},"modified":"2025-12-10T18:54:27","modified_gmt":"2025-12-10T17:54:27","slug":"grifo-de-lavabo-alto-para-pica-monomando-cuadrado-negro-mate-maneta-hueca-serie-guadalete","status":"publish","type":"product","link":"https:\/\/www.valaz.es\/en\/product\/grifo-de-lavabo-alto-para-pica-monomando-cuadrado-negro-mate-maneta-hueca-serie-guadalete\/","title":{"rendered":"Grifo de lavabo alto para pica monomando cuadrado negro mate maneta hueca &#8211; Serie Guadalete"},"content":{"rendered":"<p class=\"\" data-start=\"246\" data-end=\"704\">El grifo de lavabo alto para pica de la Serie Guadalete destaca por su dise\u00f1o moderno y minimalista en acabado negro mate. Su estructura cuadrada, combinada con la maneta hueca, ofrece un toque de elegancia y funcionalidad en tu ba\u00f1o. Con un cartucho cer\u00e1mico de 35 mm para un funcionamiento suave y preciso, este monomando proporciona un control excepcional del caudal de agua. El grifo incluye latiguillos 3\/8\u201d para una f\u00e1cil instalaci\u00f3n.<\/p>\n<p class=\"\" data-start=\"706\" data-end=\"728\"><strong data-start=\"706\" data-end=\"726\">Especificaciones<\/strong><\/p>\n<ul data-start=\"729\" data-end=\"971\">\n<li class=\"\" data-start=\"729\" data-end=\"783\">\n<p class=\"\" data-start=\"731\" data-end=\"783\"><strong data-start=\"731\" data-end=\"740\">Tipo:<\/strong> Grifo de lavabo alto para pica monomando<\/p>\n<\/li>\n<li class=\"\" data-start=\"784\" data-end=\"825\">\n<p class=\"\" data-start=\"786\" data-end=\"825\"><strong data-start=\"786\" data-end=\"797\">Dise\u00f1o:<\/strong> Cuadrado con maneta hueca<\/p>\n<\/li>\n<li class=\"\" data-start=\"826\" data-end=\"851\">\n<p class=\"\" data-start=\"828\" data-end=\"851\"><strong data-start=\"828\" data-end=\"838\">Color:<\/strong> Negro mate<\/p>\n<\/li>\n<li class=\"\" data-start=\"852\" data-end=\"888\">\n<p class=\"\" data-start=\"854\" data-end=\"888\"><strong data-start=\"854\" data-end=\"880\">Cuerpo de la grifer\u00eda:<\/strong> Lat\u00f3n<\/p>\n<\/li>\n<li class=\"\" data-start=\"889\" data-end=\"923\">\n<p class=\"\" data-start=\"891\" data-end=\"923\"><strong data-start=\"891\" data-end=\"913\">Cartucho cer\u00e1mico:<\/strong> \u00d8 35 mm<\/p>\n<\/li>\n<li class=\"\" data-start=\"924\" data-end=\"971\">\n<p class=\"\" data-start=\"926\" data-end=\"971\"><strong data-start=\"926\" data-end=\"954\">Latiguillos de conexi\u00f3n:<\/strong> 3\/8\u201d incluidos<\/p>\n<\/li>\n<\/ul>\n","protected":false},"excerpt":{"rendered":"<p>Serie Guadalete destaca por su sencillez con acabado cuadrados y se diferencia por la maneta hueca, acabados en negro mate y cromado. Disponemos de Grifo de lavabo alto, bajo y bid\u00e9.<\/p>\n<p>La garant\u00eda de todos nuestros productos es de 3 a\u00f1os, para funcionamiento, duraci\u00f3n del esmaltado y anticorrosi\u00f3n.<\/p>\n<p>Recomendamos para un correcto mantenimiento de la grifer\u00eda y evitar el deterioro por el uso. Secar las gotas de agua con un pa\u00f1o suave despu\u00e9s del uso, evitando que se posen en la superficie y deterioran el acabado, no utilizar esponjas que puedan rayar la grifer\u00eda, utilizar limpiadores como vinagre limpieza, agua caliente y jab\u00f3n con ph neutro.<\/p>\n<p>&nbsp;<\/p>\n<p><strong>Nuestro departamento\u00a0t\u00e9cnico\u00a0dispone de\u00a0gu\u00edas\u00a0de todos los\u00a0modelos\u00a0empotrados\u00a0que vendemos<\/strong><strong>,\u00a0si tiene alguna duda con la\u00a0instalaci\u00f3n\u00a0contacte con nosotros mediante\u00a0tel\u00e9fono,\u00a0WhatsApp\u00a0o email dentro del horario laboral indicado en la web.<\/strong><\/p>\n<p><strong>Recuerden que una vez instalado el cuerpo\u00a0empotrado\u00a0de la\u00a0grifer\u00eda\u00a0revisar de su correcto funcionamiento de paso de agua, comprobaci\u00f3n de cartuchos y corte de agua, si detecta alguna\u00a0anomal\u00eda\u00a0informe a nuestro\u00a0departamento\u00a0para darle una\u00a0soluci\u00f3n, no\u00a0contin\u00fae\u00a0con la\u00a0instalaci\u00f3n\u00a0de cerramiento de la pared.<\/strong><\/p>\n","protected":false},"featured_media":3064,"template":"","meta":[],"product_brand":[],"product_cat":[48],"product_tag":[],"serie":[106],"manual-de-instalacion":[],"color":[27],"class_list":{"0":"post-3079","1":"product","2":"type-product","3":"status-publish","4":"has-post-thumbnail","6":"product_cat-grifos-de-lavabo","7":"serie-guadalete","8":"color-negro-mate","10":"first","11":"instock","12":"taxable","13":"shipping-taxable","14":"product-type-simple"},"_links":{"self":[{"href":"https:\/\/www.valaz.es\/en\/wp-json\/wp\/v2\/product\/3079","targetHints":{"allow":["GET"]}}],"collection":[{"href":"https:\/\/www.valaz.es\/en\/wp-json\/wp\/v2\/product"}],"about":[{"href":"https:\/\/www.valaz.es\/en\/wp-json\/wp\/v2\/types\/product"}],"wp:featuredmedia":[{"embeddable":true,"href":"https:\/\/www.valaz.es\/en\/wp-json\/wp\/v2\/media\/3064"}],"wp:attachment":[{"href":"https:\/\/www.valaz.es\/en\/wp-json\/wp\/v2\/media?parent=3079"}],"wp:term":[{"taxonomy":"product_brand","embeddable":true,"href":"https:\/\/www.valaz.es\/en\/wp-json\/wp\/v2\/product_brand?post=3079"},{"taxonomy":"product_cat","embeddable":true,"href":"https:\/\/www.valaz.es\/en\/wp-json\/wp\/v2\/product_cat?post=3079"},{"taxonomy":"product_tag","embeddable":true,"href":"https:\/\/www.valaz.es\/en\/wp-json\/wp\/v2\/product_tag?post=3079"},{"taxonomy":"serie","embeddable":true,"href":"https:\/\/www.valaz.es\/en\/wp-json\/wp\/v2\/serie?post=3079"},{"taxonomy":"manual-de-instalacion","embeddable":true,"href":"https:\/\/www.valaz.es\/en\/wp-json\/wp\/v2\/manual-de-instalacion?post=3079"},{"taxonomy":"color","embeddable":true,"href":"https:\/\/www.valaz.es\/en\/wp-json\/wp\/v2\/color?post=3079"}],"curies":[{"name":"wp","href":"https:\/\/api.w.org\/{rel}","templated":true}]}}