{"id":3040,"date":"2022-12-15T12:37:35","date_gmt":"2022-12-15T11:37:35","guid":{"rendered":"https:\/\/www.valaz.es\/?post_type=product&#038;p=3040"},"modified":"2025-04-10T09:07:24","modified_gmt":"2025-04-10T07:07:24","slug":"grifo-de-lavabo-alto-pica-monomando-cuadrado-cromado-maneta-hueca-serie-guadalete","status":"publish","type":"product","link":"https:\/\/www.valaz.es\/en\/product\/grifo-de-lavabo-alto-pica-monomando-cuadrado-cromado-maneta-hueca-serie-guadalete\/","title":{"rendered":"Grifo de lavabo alto pica monomando cuadrado cromado maneta hueca &#8211; Serie Guadalete"},"content":{"rendered":"<p class=\"\" data-start=\"230\" data-end=\"680\">Este grifo de lavabo alto para pica de la Serie Guadalete combina un dise\u00f1o cuadrado y moderno con un acabado cromado brillante, proporcionando un toque elegante y contempor\u00e1neo en tu ba\u00f1o. La maneta hueca facilita el control del flujo de agua con un dise\u00f1o ergon\u00f3mico y funcional. Equipado con un cartucho cer\u00e1mico de 35 mm para un manejo suave y preciso, este grifo incluye latiguillos 3\/8\u201d para una instalaci\u00f3n sencilla y r\u00e1pida.<\/p>\n<p class=\"\" data-start=\"682\" data-end=\"704\"><strong data-start=\"682\" data-end=\"702\">Especificaciones<\/strong><\/p>\n<ul data-start=\"705\" data-end=\"944\">\n<li class=\"\" data-start=\"705\" data-end=\"759\">\n<p class=\"\" data-start=\"707\" data-end=\"759\"><strong data-start=\"707\" data-end=\"716\">Tipo:<\/strong> Grifo de lavabo alto para pica monomando<\/p>\n<\/li>\n<li class=\"\" data-start=\"760\" data-end=\"801\">\n<p class=\"\" data-start=\"762\" data-end=\"801\"><strong data-start=\"762\" data-end=\"773\">Dise\u00f1o:<\/strong> Cuadrado con maneta hueca<\/p>\n<\/li>\n<li class=\"\" data-start=\"802\" data-end=\"824\">\n<p class=\"\" data-start=\"804\" data-end=\"824\"><strong data-start=\"804\" data-end=\"814\">Color:<\/strong> Cromado<\/p>\n<\/li>\n<li class=\"\" data-start=\"825\" data-end=\"861\">\n<p class=\"\" data-start=\"827\" data-end=\"861\"><strong data-start=\"827\" data-end=\"853\">Cuerpo de la grifer\u00eda:<\/strong> Lat\u00f3n<\/p>\n<\/li>\n<li class=\"\" data-start=\"862\" data-end=\"896\">\n<p class=\"\" data-start=\"864\" data-end=\"896\"><strong data-start=\"864\" data-end=\"886\">Cartucho cer\u00e1mico:<\/strong> \u00d8 35 mm<\/p>\n<\/li>\n<li class=\"\" data-start=\"897\" data-end=\"944\">\n<p class=\"\" data-start=\"899\" data-end=\"944\"><strong data-start=\"899\" data-end=\"927\">Latiguillos de conexi\u00f3n:<\/strong> 3\/8\u201d incluidos<\/p>\n<\/li>\n<\/ul>\n","protected":false},"excerpt":{"rendered":"<p>Serie Guadalete destaca por su sencillez con acabado cuadrados y se diferencia por la maneta hueca, acabados en negro mate y cromado. Disponemos de Grifo de lavabo alto, bajo y bid\u00e9.<\/p>\n<p>La garant\u00eda de todos nuestros productos es de 3 a\u00f1os, para funcionamiento, duraci\u00f3n del esmaltado y anticorrosi\u00f3n.<\/p>\n<p>Recomendamos para un correcto mantenimiento de la grifer\u00eda y evitar el deterioro por el uso. Secar las gotas de agua con un pa\u00f1o suave despu\u00e9s del uso, evitando que se posen en la superficie y deterioran el acabado, no utilizar esponjas que puedan rayar la grifer\u00eda, utilizar limpiadores como vinagre limpieza, agua caliente y jab\u00f3n con ph neutro.<\/p>\n<p>&nbsp;<\/p>\n<p><strong>Nuestro departamento\u00a0t\u00e9cnico\u00a0dispone de\u00a0gu\u00edas\u00a0de todos los\u00a0modelos\u00a0empotrados\u00a0que vendemos<\/strong><strong>,\u00a0si tiene alguna duda con la\u00a0instalaci\u00f3n\u00a0contacte con nosotros mediante\u00a0tel\u00e9fono,\u00a0WhatsApp\u00a0o email dentro del horario laboral indicado en la web.<\/strong><\/p>\n<p><strong>Recuerden que una vez instalado el cuerpo\u00a0empotrado\u00a0de la\u00a0grifer\u00eda\u00a0revisar de su correcto funcionamiento de paso de agua, comprobaci\u00f3n de cartuchos y corte de agua, si detecta alguna\u00a0anomal\u00eda\u00a0informe a nuestro\u00a0departamento\u00a0para darle una\u00a0soluci\u00f3n, no\u00a0contin\u00fae\u00a0con la\u00a0instalaci\u00f3n\u00a0de cerramiento de la pared.<\/strong><\/p>\n","protected":false},"featured_media":3041,"template":"","meta":[],"product_brand":[],"product_cat":[48],"product_tag":[],"serie":[106],"manual-de-instalacion":[],"color":[26],"class_list":{"0":"post-3040","1":"product","2":"type-product","3":"status-publish","4":"has-post-thumbnail","6":"product_cat-grifos-de-lavabo","7":"serie-guadalete","8":"color-cromo","10":"first","11":"instock","12":"taxable","13":"shipping-taxable","14":"product-type-simple"},"_links":{"self":[{"href":"https:\/\/www.valaz.es\/en\/wp-json\/wp\/v2\/product\/3040","targetHints":{"allow":["GET"]}}],"collection":[{"href":"https:\/\/www.valaz.es\/en\/wp-json\/wp\/v2\/product"}],"about":[{"href":"https:\/\/www.valaz.es\/en\/wp-json\/wp\/v2\/types\/product"}],"wp:featuredmedia":[{"embeddable":true,"href":"https:\/\/www.valaz.es\/en\/wp-json\/wp\/v2\/media\/3041"}],"wp:attachment":[{"href":"https:\/\/www.valaz.es\/en\/wp-json\/wp\/v2\/media?parent=3040"}],"wp:term":[{"taxonomy":"product_brand","embeddable":true,"href":"https:\/\/www.valaz.es\/en\/wp-json\/wp\/v2\/product_brand?post=3040"},{"taxonomy":"product_cat","embeddable":true,"href":"https:\/\/www.valaz.es\/en\/wp-json\/wp\/v2\/product_cat?post=3040"},{"taxonomy":"product_tag","embeddable":true,"href":"https:\/\/www.valaz.es\/en\/wp-json\/wp\/v2\/product_tag?post=3040"},{"taxonomy":"serie","embeddable":true,"href":"https:\/\/www.valaz.es\/en\/wp-json\/wp\/v2\/serie?post=3040"},{"taxonomy":"manual-de-instalacion","embeddable":true,"href":"https:\/\/www.valaz.es\/en\/wp-json\/wp\/v2\/manual-de-instalacion?post=3040"},{"taxonomy":"color","embeddable":true,"href":"https:\/\/www.valaz.es\/en\/wp-json\/wp\/v2\/color?post=3040"}],"curies":[{"name":"wp","href":"https:\/\/api.w.org\/{rel}","templated":true}]}}