{"id":3016,"date":"2022-12-15T11:58:26","date_gmt":"2022-12-15T10:58:26","guid":{"rendered":"https:\/\/www.valaz.es\/?post_type=product&#038;p=3016"},"modified":"2026-04-23T07:04:15","modified_gmt":"2026-04-23T05:04:15","slug":"grifo-de-cocina-extraible-redondo-cromado-serie-amur","status":"publish","type":"product","link":"https:\/\/www.valaz.es\/en\/product\/grifo-de-cocina-extraible-redondo-cromado-serie-amur\/","title":{"rendered":"Grifo de cocina extra\u00edble redondo cromado &#8211; Serie Amur"},"content":{"rendered":"<p class=\"\" data-start=\"172\" data-end=\"691\">El grifo de cocina extra\u00edble redondo de la Serie Amur ofrece un dise\u00f1o funcional y moderno con un acabado cromado brillante, ideal para cualquier cocina. Su sistema de extracci\u00f3n permite un manejo f\u00e1cil y flexible para el lavado de utensilios y alimentos, mientras que el cartucho cer\u00e1mico de \u00d8 35 mm garantiza un control preciso del flujo de agua. Este modelo es compatible con agua fr\u00eda y caliente y est\u00e1 equipado con mangueras de conexi\u00f3n de acero inoxidable para una instalaci\u00f3n duradera y segura.<\/p>\n<p class=\"\" data-start=\"693\" data-end=\"715\"><strong data-start=\"693\" data-end=\"713\">Especificaciones<\/strong><\/p>\n<ul data-start=\"716\" data-end=\"961\">\n<li class=\"\" data-start=\"716\" data-end=\"755\">\n<p class=\"\" data-start=\"718\" data-end=\"755\"><strong data-start=\"718\" data-end=\"727\">Tipo:<\/strong> Grifo de cocina extra\u00edble<\/p>\n<\/li>\n<li class=\"\" data-start=\"756\" data-end=\"779\">\n<p class=\"\" data-start=\"758\" data-end=\"779\"><strong data-start=\"758\" data-end=\"769\">Dise\u00f1o:<\/strong> Redondo<\/p>\n<\/li>\n<li class=\"\" data-start=\"780\" data-end=\"802\">\n<p class=\"\" data-start=\"782\" data-end=\"802\"><strong data-start=\"782\" data-end=\"792\">Color:<\/strong> Cromado<\/p>\n<\/li>\n<li class=\"\" data-start=\"803\" data-end=\"839\">\n<p class=\"\" data-start=\"805\" data-end=\"839\"><strong data-start=\"805\" data-end=\"831\">Cuerpo de la grifer\u00eda:<\/strong> Lat\u00f3n<\/p>\n<\/li>\n<li class=\"\" data-start=\"840\" data-end=\"889\">\n<p class=\"\" data-start=\"842\" data-end=\"889\"><strong data-start=\"842\" data-end=\"864\">Cartucho cer\u00e1mico:<\/strong> \u00d8 35 mm con KTW \/ DVGW<\/p>\n<\/li>\n<li class=\"\" data-start=\"890\" data-end=\"961\">\n<p class=\"\" data-start=\"892\" data-end=\"961\"><strong data-start=\"892\" data-end=\"918\">Mangueras de conexi\u00f3n:<\/strong> 3\/8\u201d + 1\/2\u2033 de acero inoxidable con DVGW<\/p>\n<\/li>\n<\/ul>\n","protected":false},"excerpt":{"rendered":"<p>Serie Amur son grifos de cocina extra\u00edble con l\u00edneas redondas, la salida de agua es con spray para agua fr\u00eda y agua caliente: Actualmente disponemos de dos modelos acabado cromado y negro mate. EL producto viene con el cuerpo de la grifer\u00eda a en la ton, cartucho y manguera de conexi\u00f3n.<\/p>\n<p>La garant\u00eda de todos nuestros productos es de 3 a\u00f1os, para funcionamiento, duraci\u00f3n del esmaltado y anticorrosi\u00f3n.<\/p>\n<p>Recomendamos para un correcto mantenimiento de la grifer\u00eda y evitar el deterioro por el uso. Secar las gotas de agua con un pa\u00f1o suave despu\u00e9s del uso, evitando que se posen en la superficie y deterioran el acabado, no utilizar esponjas que puedan rayar la grifer\u00eda, utilizar limpiadores como vinagre limpieza, agua caliente y jab\u00f3n con ph neutro.<\/p>\n<p>&nbsp;<\/p>\n<p><strong>Nuestro departamento\u00a0t\u00e9cnico\u00a0dispone de\u00a0gu\u00edas\u00a0de todos los\u00a0modelos\u00a0empotrados\u00a0que vendemos<\/strong><strong>,\u00a0si tiene alguna duda con la\u00a0instalaci\u00f3n\u00a0contacte con nosotros mediante\u00a0tel\u00e9fono,\u00a0WhatsApp\u00a0o email dentro del horario laboral indicado en la web.<\/strong><\/p>\n<p><strong>Recuerden que una vez instalado el cuerpo\u00a0empotrado\u00a0de la\u00a0grifer\u00eda\u00a0revisar de su correcto funcionamiento de paso de agua, comprobaci\u00f3n de cartuchos y corte de agua, si detecta alguna\u00a0anomal\u00eda\u00a0informe a nuestro\u00a0departamento\u00a0para darle una\u00a0soluci\u00f3n, no\u00a0contin\u00fae\u00a0con la\u00a0instalaci\u00f3n\u00a0de cerramiento de la pared.<\/strong><\/p>\n","protected":false},"featured_media":6849,"template":"","meta":[],"product_brand":[],"product_cat":[50],"product_tag":[],"serie":[105],"manual-de-instalacion":[82],"color":[26],"class_list":{"0":"post-3016","1":"product","2":"type-product","3":"status-publish","4":"has-post-thumbnail","6":"product_cat-grifos-de-cocina","7":"serie-amur","8":"manual-de-instalacion-guia-instalacion-cocina-extraible","9":"color-cromo","11":"first","12":"instock","13":"taxable","14":"shipping-taxable","15":"product-type-simple"},"_links":{"self":[{"href":"https:\/\/www.valaz.es\/en\/wp-json\/wp\/v2\/product\/3016","targetHints":{"allow":["GET"]}}],"collection":[{"href":"https:\/\/www.valaz.es\/en\/wp-json\/wp\/v2\/product"}],"about":[{"href":"https:\/\/www.valaz.es\/en\/wp-json\/wp\/v2\/types\/product"}],"wp:featuredmedia":[{"embeddable":true,"href":"https:\/\/www.valaz.es\/en\/wp-json\/wp\/v2\/media\/6849"}],"wp:attachment":[{"href":"https:\/\/www.valaz.es\/en\/wp-json\/wp\/v2\/media?parent=3016"}],"wp:term":[{"taxonomy":"product_brand","embeddable":true,"href":"https:\/\/www.valaz.es\/en\/wp-json\/wp\/v2\/product_brand?post=3016"},{"taxonomy":"product_cat","embeddable":true,"href":"https:\/\/www.valaz.es\/en\/wp-json\/wp\/v2\/product_cat?post=3016"},{"taxonomy":"product_tag","embeddable":true,"href":"https:\/\/www.valaz.es\/en\/wp-json\/wp\/v2\/product_tag?post=3016"},{"taxonomy":"serie","embeddable":true,"href":"https:\/\/www.valaz.es\/en\/wp-json\/wp\/v2\/serie?post=3016"},{"taxonomy":"manual-de-instalacion","embeddable":true,"href":"https:\/\/www.valaz.es\/en\/wp-json\/wp\/v2\/manual-de-instalacion?post=3016"},{"taxonomy":"color","embeddable":true,"href":"https:\/\/www.valaz.es\/en\/wp-json\/wp\/v2\/color?post=3016"}],"curies":[{"name":"wp","href":"https:\/\/api.w.org\/{rel}","templated":true}]}}