{"id":20822,"date":"2026-02-20T10:20:22","date_gmt":"2026-02-20T09:20:22","guid":{"rendered":"https:\/\/www.valaz.es\/?post_type=product&#038;p=20822"},"modified":"2026-04-07T07:08:56","modified_gmt":"2026-04-07T05:08:56","slug":"grifo-de-bidet-empotrado-agua-fria-redondo-1-via-acero-cepilladocon-proteccion-pvd-serie-guadiana","status":"publish","type":"product","link":"https:\/\/www.valaz.es\/en\/product\/grifo-de-bidet-empotrado-agua-fria-redondo-1-via-acero-cepilladocon-proteccion-pvd-serie-guadiana\/","title":{"rendered":"Grifo de bidet empotrado agua fria redondo 1 v\u00eda acero cepilladocon protecci\u00f3n PVD &#8211; Serie Guadiana"},"content":{"rendered":"<p class=\"\" data-start=\"258\" data-end=\"561\">Este grifo de bidet empotrado con acabado acero cepillado y protecci\u00f3n PVD est\u00e1 dise\u00f1ado para proporcionar una opci\u00f3n funcional y elegante para tu ba\u00f1o. Con una \u00fanica v\u00eda para agua fr\u00eda, ofrece un flujo de agua preciso y controlado, ideal para quienes buscan un grifo de calidad en su bidet.<\/p>\n<p class=\"\" data-start=\"563\" data-end=\"586\"><strong data-start=\"563\" data-end=\"584\">Especificaciones:<\/strong><\/p>\n<ul data-start=\"587\" data-end=\"861\">\n<li class=\"\" data-start=\"587\" data-end=\"644\">\n<p class=\"\" data-start=\"589\" data-end=\"644\"><strong data-start=\"589\" data-end=\"598\">Tipo:<\/strong> Grifo de bidet empotrado, 1 v\u00eda (agua fr\u00eda)<\/p>\n<\/li>\n<li class=\"\" data-start=\"645\" data-end=\"667\">\n<p class=\"\" data-start=\"647\" data-end=\"667\"><strong data-start=\"647\" data-end=\"660\">Conexi\u00f3n:<\/strong> G1\/2<\/p>\n<\/li>\n<li class=\"\" data-start=\"668\" data-end=\"787\">\n<p class=\"\" data-start=\"670\" data-end=\"687\"><strong data-start=\"670\" data-end=\"685\">Materiales:<\/strong><\/p>\n<ul data-start=\"690\" data-end=\"787\">\n<li class=\"\" data-start=\"690\" data-end=\"711\">\n<p class=\"\" data-start=\"692\" data-end=\"711\">Cartucho cer\u00e1mico<\/p>\n<\/li>\n<li class=\"\" data-start=\"714\" data-end=\"745\">\n<p class=\"\" data-start=\"716\" data-end=\"745\">Cuerpo de grifer\u00eda de lat\u00f3n<\/p>\n<\/li>\n<li class=\"\" data-start=\"748\" data-end=\"787\">\n<p class=\"\" data-start=\"750\" data-end=\"787\">Flexo de PVC de 150 cm<\/p>\n<\/li>\n<\/ul>\n<\/li>\n<li class=\"\" data-start=\"788\" data-end=\"816\">\n<p class=\"\" data-start=\"790\" data-end=\"816\"><strong data-start=\"790\" data-end=\"802\">Presi\u00f3n:<\/strong> 0.1-1.0 Mpa<\/p>\n<\/li>\n<li class=\"\" data-start=\"817\" data-end=\"861\">\n<p class=\"\" data-start=\"819\" data-end=\"861\"><strong data-start=\"819\" data-end=\"831\">Acabado:<\/strong> Acero cepillado<\/p>\n<\/li>\n<li data-start=\"817\" data-end=\"861\"><strong>Incluye:<\/strong> Cuerpo empotrable<\/li>\n<\/ul>\n","protected":false},"excerpt":{"rendered":"<p>Este grifo de bidet empotrado con acabado acero cepillado y  [&#8230;]<\/p>\n","protected":false},"featured_media":20827,"template":"","meta":[],"product_brand":[],"product_cat":[54,59],"product_tag":[],"serie":[63],"manual-de-instalacion":[],"color":[25],"class_list":{"0":"post-20822","1":"product","2":"type-product","3":"status-publish","4":"has-post-thumbnail","6":"product_cat-grifos-de-bidet","7":"product_cat-grifos-de-bidet-empotrados","8":"serie-guadiana","9":"color-acero-inoxidable","11":"first","12":"instock","13":"taxable","14":"shipping-taxable","15":"product-type-simple"},"_links":{"self":[{"href":"https:\/\/www.valaz.es\/en\/wp-json\/wp\/v2\/product\/20822","targetHints":{"allow":["GET"]}}],"collection":[{"href":"https:\/\/www.valaz.es\/en\/wp-json\/wp\/v2\/product"}],"about":[{"href":"https:\/\/www.valaz.es\/en\/wp-json\/wp\/v2\/types\/product"}],"wp:featuredmedia":[{"embeddable":true,"href":"https:\/\/www.valaz.es\/en\/wp-json\/wp\/v2\/media\/20827"}],"wp:attachment":[{"href":"https:\/\/www.valaz.es\/en\/wp-json\/wp\/v2\/media?parent=20822"}],"wp:term":[{"taxonomy":"product_brand","embeddable":true,"href":"https:\/\/www.valaz.es\/en\/wp-json\/wp\/v2\/product_brand?post=20822"},{"taxonomy":"product_cat","embeddable":true,"href":"https:\/\/www.valaz.es\/en\/wp-json\/wp\/v2\/product_cat?post=20822"},{"taxonomy":"product_tag","embeddable":true,"href":"https:\/\/www.valaz.es\/en\/wp-json\/wp\/v2\/product_tag?post=20822"},{"taxonomy":"serie","embeddable":true,"href":"https:\/\/www.valaz.es\/en\/wp-json\/wp\/v2\/serie?post=20822"},{"taxonomy":"manual-de-instalacion","embeddable":true,"href":"https:\/\/www.valaz.es\/en\/wp-json\/wp\/v2\/manual-de-instalacion?post=20822"},{"taxonomy":"color","embeddable":true,"href":"https:\/\/www.valaz.es\/en\/wp-json\/wp\/v2\/color?post=20822"}],"curies":[{"name":"wp","href":"https:\/\/api.w.org\/{rel}","templated":true}]}}